{"id":1459,"date":"2017-09-10T18:55:23","date_gmt":"2017-09-10T15:55:23","guid":{"rendered":"https:\/\/dev.creativefactory.lv\/usmasezers_lv\/notikumi\/"},"modified":"2017-11-13T21:24:25","modified_gmt":"2017-11-13T19:24:25","slug":"%d1%81%d0%be%d0%b1%d1%8b%d1%82%d0%b8%d1%8f","status":"publish","type":"page","link":"https:\/\/www.usmasezers.lv\/ru\/%d1%81%d0%be%d0%b1%d1%8b%d1%82%d0%b8%d1%8f\/","title":{"rendered":"\u0421\u043e\u0431\u044b\u0442\u0438\u044f"},"content":{"rendered":"<div id=\"attachment_122\" style=\"width: 179px\" class=\"wp-caption alignnone\"><img loading=\"lazy\" decoding=\"async\" aria-describedby=\"caption-attachment-122\" class=\"size-medium wp-image-122\" src=\"https:\/\/dev.creativefactory.lv\/usmasezers_lv\/wp-content\/uploads\/2017\/09\/IMG_9017-169x300.jpg\" alt=\"Usm\u0101 ielai\u017e zandartus\" width=\"169\" height=\"300\" srcset=\"https:\/\/www.usmasezers.lv\/wp-content\/uploads\/2017\/09\/IMG_9017-169x300.jpg 169w, https:\/\/www.usmasezers.lv\/wp-content\/uploads\/2017\/09\/IMG_9017-768x1365.jpg 768w, https:\/\/www.usmasezers.lv\/wp-content\/uploads\/2017\/09\/IMG_9017-576x1024.jpg 576w, https:\/\/www.usmasezers.lv\/wp-content\/uploads\/2017\/09\/IMG_9017-800x1422.jpg 800w, https:\/\/www.usmasezers.lv\/wp-content\/uploads\/2017\/09\/IMG_9017.jpg 900w\" sizes=\"auto, (max-width: 169px) 100vw, 169px\" \/><p id=\"caption-attachment-122\" class=\"wp-caption-text\">BIOR Pel\u010du zivju audz\u0113tava papildina Usmas ezera zivju kr\u0101jumus<\/p><\/div>\n\n\t\t<style type=\"text\/css\">\n\t\t\t#gallery-1 {\n\t\t\t\tmargin: auto;\n\t\t\t}\n\t\t\t#gallery-1 .gallery-item {\n\t\t\t\tfloat: left;\n\t\t\t\tmargin-top: 10px;\n\t\t\t\ttext-align: center;\n\t\t\t\twidth: 33%;\n\t\t\t}\n\t\t\t#gallery-1 img {\n\t\t\t\tborder: 2px solid #cfcfcf;\n\t\t\t}\n\t\t\t#gallery-1 .gallery-caption {\n\t\t\t\tmargin-left: 0;\n\t\t\t}\n\t\t\t\/* see gallery_shortcode() in wp-includes\/media.php *\/\n\t\t<\/style>\n\t\t<div id='gallery-1' class='gallery galleryid-1459 gallery-columns-3 gallery-size-thumbnail'><dl class='gallery-item'>\n\t\t\t<dt class='gallery-icon portrait'>\n\t\t\t\t<a href='https:\/\/www.usmasezers.lv\/ru\/%d1%81%d0%be%d0%b1%d1%8b%d1%82%d0%b8%d1%8f\/img_9025\/'><img loading=\"lazy\" decoding=\"async\" width=\"80\" height=\"80\" src=\"https:\/\/www.usmasezers.lv\/wp-content\/uploads\/2017\/09\/IMG_9025-80x80.jpg\" class=\"attachment-thumbnail size-thumbnail\" alt=\"\" \/><\/a>\n\t\t\t<\/dt><\/dl><dl class='gallery-item'>\n\t\t\t<dt class='gallery-icon portrait'>\n\t\t\t\t<a href='https:\/\/www.usmasezers.lv\/ru\/%d1%81%d0%be%d0%b1%d1%8b%d1%82%d0%b8%d1%8f\/img_9023\/'><img loading=\"lazy\" decoding=\"async\" width=\"80\" height=\"80\" src=\"https:\/\/www.usmasezers.lv\/wp-content\/uploads\/2017\/09\/IMG_9023-80x80.jpg\" class=\"attachment-thumbnail size-thumbnail\" alt=\"\" \/><\/a>\n\t\t\t<\/dt><\/dl><dl class='gallery-item'>\n\t\t\t<dt class='gallery-icon portrait'>\n\t\t\t\t<a href='https:\/\/www.usmasezers.lv\/ru\/%d1%81%d0%be%d0%b1%d1%8b%d1%82%d0%b8%d1%8f\/img_9024\/'><img loading=\"lazy\" decoding=\"async\" width=\"80\" height=\"80\" src=\"https:\/\/www.usmasezers.lv\/wp-content\/uploads\/2017\/09\/IMG_9024-80x80.jpg\" class=\"attachment-thumbnail size-thumbnail\" alt=\"\" \/><\/a>\n\t\t\t<\/dt><\/dl><br style=\"clear: both\" \/><dl class='gallery-item'>\n\t\t\t<dt class='gallery-icon portrait'>\n\t\t\t\t<a href='https:\/\/www.usmasezers.lv\/ru\/%d1%81%d0%be%d0%b1%d1%8b%d1%82%d0%b8%d1%8f\/img_9022\/'><img loading=\"lazy\" decoding=\"async\" width=\"80\" height=\"80\" src=\"https:\/\/www.usmasezers.lv\/wp-content\/uploads\/2017\/09\/IMG_9022-80x80.jpg\" class=\"attachment-thumbnail size-thumbnail\" alt=\"\" \/><\/a>\n\t\t\t<\/dt><\/dl><dl class='gallery-item'>\n\t\t\t<dt class='gallery-icon portrait'>\n\t\t\t\t<a href='https:\/\/www.usmasezers.lv\/ru\/%d1%81%d0%be%d0%b1%d1%8b%d1%82%d0%b8%d1%8f\/img_9021\/'><img loading=\"lazy\" decoding=\"async\" width=\"80\" height=\"80\" src=\"https:\/\/www.usmasezers.lv\/wp-content\/uploads\/2017\/09\/IMG_9021-80x80.jpg\" class=\"attachment-thumbnail size-thumbnail\" alt=\"\" \/><\/a>\n\t\t\t<\/dt><\/dl><dl class='gallery-item'>\n\t\t\t<dt class='gallery-icon portrait'>\n\t\t\t\t<a href='https:\/\/www.usmasezers.lv\/ru\/%d1%81%d0%be%d0%b1%d1%8b%d1%82%d0%b8%d1%8f\/img_9020\/'><img loading=\"lazy\" decoding=\"async\" width=\"80\" height=\"80\" src=\"https:\/\/www.usmasezers.lv\/wp-content\/uploads\/2017\/09\/IMG_9020-80x80.jpg\" class=\"attachment-thumbnail size-thumbnail\" alt=\"\" \/><\/a>\n\t\t\t<\/dt><\/dl><br style=\"clear: both\" \/><dl class='gallery-item'>\n\t\t\t<dt class='gallery-icon portrait'>\n\t\t\t\t<a href='https:\/\/www.usmasezers.lv\/ru\/%d1%81%d0%be%d0%b1%d1%8b%d1%82%d0%b8%d1%8f\/img_9019\/'><img loading=\"lazy\" decoding=\"async\" width=\"80\" height=\"80\" src=\"https:\/\/www.usmasezers.lv\/wp-content\/uploads\/2017\/09\/IMG_9019-80x80.jpg\" class=\"attachment-thumbnail size-thumbnail\" alt=\"\" \/><\/a>\n\t\t\t<\/dt><\/dl><dl class='gallery-item'>\n\t\t\t<dt class='gallery-icon portrait'>\n\t\t\t\t<a href='https:\/\/www.usmasezers.lv\/ru\/%d1%81%d0%be%d0%b1%d1%8b%d1%82%d0%b8%d1%8f\/img_9018\/'><img loading=\"lazy\" decoding=\"async\" width=\"80\" height=\"80\" src=\"https:\/\/www.usmasezers.lv\/wp-content\/uploads\/2017\/09\/IMG_9018-80x80.jpg\" class=\"attachment-thumbnail size-thumbnail\" alt=\"\" \/><\/a>\n\t\t\t<\/dt><\/dl><dl class='gallery-item'>\n\t\t\t<dt class='gallery-icon portrait'>\n\t\t\t\t<a href='https:\/\/www.usmasezers.lv\/ru\/%d1%81%d0%be%d0%b1%d1%8b%d1%82%d0%b8%d1%8f\/img_9017-2\/'><img loading=\"lazy\" decoding=\"async\" width=\"80\" height=\"80\" src=\"https:\/\/www.usmasezers.lv\/wp-content\/uploads\/2017\/09\/IMG_9017-80x80.jpg\" class=\"attachment-thumbnail size-thumbnail\" alt=\"\" aria-describedby=\"gallery-1-1461\" \/><\/a>\n\t\t\t<\/dt>\n\t\t\t\t<dd class='wp-caption-text gallery-caption' id='gallery-1-1461'>\n\t\t\t\tBIOR Pel\u010du zivju audz\u0113tava papildina Usmas ezera zivju kr\u0101jumus\n\t\t\t\t<\/dd><\/dl><br style=\"clear: both\" \/>\n\t\t<\/div>\n\n<img loading=\"lazy\" decoding=\"async\" class=\"alignnone size-medium wp-image-123\" src=\"https:\/\/dev.creativefactory.lv\/usmasezers_lv\/wp-content\/uploads\/2017\/09\/IMG_9018-169x300.jpg\" alt=\"\" width=\"169\" height=\"300\" srcset=\"https:\/\/www.usmasezers.lv\/wp-content\/uploads\/2017\/09\/IMG_9018-169x300.jpg 169w, https:\/\/www.usmasezers.lv\/wp-content\/uploads\/2017\/09\/IMG_9018-768x1365.jpg 768w, https:\/\/www.usmasezers.lv\/wp-content\/uploads\/2017\/09\/IMG_9018-576x1024.jpg 576w, https:\/\/www.usmasezers.lv\/wp-content\/uploads\/2017\/09\/IMG_9018-800x1422.jpg 800w, https:\/\/www.usmasezers.lv\/wp-content\/uploads\/2017\/09\/IMG_9018.jpg 900w\" sizes=\"auto, (max-width: 169px) 100vw, 169px\" \/> <img loading=\"lazy\" decoding=\"async\" class=\"alignnone size-medium wp-image-124\" src=\"https:\/\/dev.creativefactory.lv\/usmasezers_lv\/wp-content\/uploads\/2017\/09\/IMG_9019-169x300.jpg\" alt=\"\" width=\"169\" height=\"300\" srcset=\"https:\/\/www.usmasezers.lv\/wp-content\/uploads\/2017\/09\/IMG_9019-169x300.jpg 169w, https:\/\/www.usmasezers.lv\/wp-content\/uploads\/2017\/09\/IMG_9019-768x1365.jpg 768w, https:\/\/www.usmasezers.lv\/wp-content\/uploads\/2017\/09\/IMG_9019-576x1024.jpg 576w, https:\/\/www.usmasezers.lv\/wp-content\/uploads\/2017\/09\/IMG_9019-800x1422.jpg 800w, https:\/\/www.usmasezers.lv\/wp-content\/uploads\/2017\/09\/IMG_9019.jpg 900w\" sizes=\"auto, (max-width: 169px) 100vw, 169px\" \/> <img loading=\"lazy\" decoding=\"async\" class=\"alignnone size-medium wp-image-125\" src=\"https:\/\/dev.creativefactory.lv\/usmasezers_lv\/wp-content\/uploads\/2017\/09\/IMG_9020-169x300.jpg\" alt=\"\" width=\"169\" height=\"300\" srcset=\"https:\/\/www.usmasezers.lv\/wp-content\/uploads\/2017\/09\/IMG_9020-169x300.jpg 169w, https:\/\/www.usmasezers.lv\/wp-content\/uploads\/2017\/09\/IMG_9020-768x1365.jpg 768w, https:\/\/www.usmasezers.lv\/wp-content\/uploads\/2017\/09\/IMG_9020-576x1024.jpg 576w, https:\/\/www.usmasezers.lv\/wp-content\/uploads\/2017\/09\/IMG_9020-800x1422.jpg 800w, https:\/\/www.usmasezers.lv\/wp-content\/uploads\/2017\/09\/IMG_9020.jpg 900w\" sizes=\"auto, (max-width: 169px) 100vw, 169px\" \/> <img loading=\"lazy\" decoding=\"async\" class=\"alignnone size-medium wp-image-126\" src=\"https:\/\/dev.creativefactory.lv\/usmasezers_lv\/wp-content\/uploads\/2017\/09\/IMG_9021-169x300.jpg\" alt=\"\" width=\"169\" height=\"300\" srcset=\"https:\/\/www.usmasezers.lv\/wp-content\/uploads\/2017\/09\/IMG_9021-169x300.jpg 169w, https:\/\/www.usmasezers.lv\/wp-content\/uploads\/2017\/09\/IMG_9021-768x1365.jpg 768w, https:\/\/www.usmasezers.lv\/wp-content\/uploads\/2017\/09\/IMG_9021-576x1024.jpg 576w, https:\/\/www.usmasezers.lv\/wp-content\/uploads\/2017\/09\/IMG_9021-800x1422.jpg 800w, https:\/\/www.usmasezers.lv\/wp-content\/uploads\/2017\/09\/IMG_9021.jpg 900w\" sizes=\"auto, (max-width: 169px) 100vw, 169px\" \/> <img loading=\"lazy\" decoding=\"async\" class=\"alignnone size-medium wp-image-127\" src=\"https:\/\/dev.creativefactory.lv\/usmasezers_lv\/wp-content\/uploads\/2017\/09\/IMG_9022-169x300.jpg\" alt=\"\" width=\"169\" height=\"300\" srcset=\"https:\/\/www.usmasezers.lv\/wp-content\/uploads\/2017\/09\/IMG_9022-169x300.jpg 169w, https:\/\/www.usmasezers.lv\/wp-content\/uploads\/2017\/09\/IMG_9022-768x1365.jpg 768w, https:\/\/www.usmasezers.lv\/wp-content\/uploads\/2017\/09\/IMG_9022-576x1024.jpg 576w, https:\/\/www.usmasezers.lv\/wp-content\/uploads\/2017\/09\/IMG_9022-800x1422.jpg 800w, https:\/\/www.usmasezers.lv\/wp-content\/uploads\/2017\/09\/IMG_9022.jpg 900w\" sizes=\"auto, (max-width: 169px) 100vw, 169px\" \/> <img loading=\"lazy\" decoding=\"async\" class=\"alignnone size-medium wp-image-128\" src=\"https:\/\/dev.creativefactory.lv\/usmasezers_lv\/wp-content\/uploads\/2017\/09\/IMG_9024-169x300.jpg\" alt=\"\" width=\"169\" height=\"300\" srcset=\"https:\/\/www.usmasezers.lv\/wp-content\/uploads\/2017\/09\/IMG_9024-169x300.jpg 169w, https:\/\/www.usmasezers.lv\/wp-content\/uploads\/2017\/09\/IMG_9024-768x1365.jpg 768w, https:\/\/www.usmasezers.lv\/wp-content\/uploads\/2017\/09\/IMG_9024-576x1024.jpg 576w, https:\/\/www.usmasezers.lv\/wp-content\/uploads\/2017\/09\/IMG_9024-800x1422.jpg 800w, https:\/\/www.usmasezers.lv\/wp-content\/uploads\/2017\/09\/IMG_9024.jpg 900w\" sizes=\"auto, (max-width: 169px) 100vw, 169px\" \/> <img loading=\"lazy\" decoding=\"async\" class=\"alignnone size-medium wp-image-129\" src=\"https:\/\/dev.creativefactory.lv\/usmasezers_lv\/wp-content\/uploads\/2017\/09\/IMG_9023-169x300.jpg\" alt=\"\" width=\"169\" height=\"300\" srcset=\"https:\/\/www.usmasezers.lv\/wp-content\/uploads\/2017\/09\/IMG_9023-169x300.jpg 169w, https:\/\/www.usmasezers.lv\/wp-content\/uploads\/2017\/09\/IMG_9023-768x1365.jpg 768w, https:\/\/www.usmasezers.lv\/wp-content\/uploads\/2017\/09\/IMG_9023-576x1024.jpg 576w, https:\/\/www.usmasezers.lv\/wp-content\/uploads\/2017\/09\/IMG_9023-800x1422.jpg 800w, https:\/\/www.usmasezers.lv\/wp-content\/uploads\/2017\/09\/IMG_9023.jpg 900w\" sizes=\"auto, (max-width: 169px) 100vw, 169px\" \/> <img loading=\"lazy\" decoding=\"async\" class=\"alignnone size-medium wp-image-130\" src=\"https:\/\/dev.creativefactory.lv\/usmasezers_lv\/wp-content\/uploads\/2017\/09\/IMG_9025-169x300.jpg\" alt=\"\" width=\"169\" height=\"300\" srcset=\"https:\/\/www.usmasezers.lv\/wp-content\/uploads\/2017\/09\/IMG_9025-169x300.jpg 169w, https:\/\/www.usmasezers.lv\/wp-content\/uploads\/2017\/09\/IMG_9025-768x1365.jpg 768w, https:\/\/www.usmasezers.lv\/wp-content\/uploads\/2017\/09\/IMG_9025-576x1024.jpg 576w, https:\/\/www.usmasezers.lv\/wp-content\/uploads\/2017\/09\/IMG_9025-800x1422.jpg 800w, https:\/\/www.usmasezers.lv\/wp-content\/uploads\/2017\/09\/IMG_9025.jpg 900w\" sizes=\"auto, (max-width: 169px) 100vw, 169px\" \/>\n","protected":false},"excerpt":{"rendered":"","protected":false},"author":2,"featured_media":0,"parent":0,"menu_order":0,"comment_status":"closed","ping_status":"closed","template":"page-posts.php","meta":{"_acf_changed":false,"footnotes":""},"class_list":["post-1459","page","type-page","status-publish","hentry"],"acf":[],"_links":{"self":[{"href":"https:\/\/www.usmasezers.lv\/ru\/wp-json\/wp\/v2\/pages\/1459","targetHints":{"allow":["GET"]}}],"collection":[{"href":"https:\/\/www.usmasezers.lv\/ru\/wp-json\/wp\/v2\/pages"}],"about":[{"href":"https:\/\/www.usmasezers.lv\/ru\/wp-json\/wp\/v2\/types\/page"}],"author":[{"embeddable":true,"href":"https:\/\/www.usmasezers.lv\/ru\/wp-json\/wp\/v2\/users\/2"}],"replies":[{"embeddable":true,"href":"https:\/\/www.usmasezers.lv\/ru\/wp-json\/wp\/v2\/comments?post=1459"}],"version-history":[{"count":1,"href":"https:\/\/www.usmasezers.lv\/ru\/wp-json\/wp\/v2\/pages\/1459\/revisions"}],"predecessor-version":[{"id":1665,"href":"https:\/\/www.usmasezers.lv\/ru\/wp-json\/wp\/v2\/pages\/1459\/revisions\/1665"}],"wp:attachment":[{"href":"https:\/\/www.usmasezers.lv\/ru\/wp-json\/wp\/v2\/media?parent=1459"}],"curies":[{"name":"wp","href":"https:\/\/api.w.org\/{rel}","templated":true}]}}