{"id":1441,"date":"2017-09-12T11:49:30","date_gmt":"2017-09-12T08:49:30","guid":{"rendered":"https:\/\/dev.creativefactory.lv\/usmasezers_lv\/biedriba\/valde-un-biedri\/"},"modified":"2025-11-01T10:20:15","modified_gmt":"2025-11-01T08:20:15","slug":"%d0%bf%d1%80%d0%b0%d0%b2%d0%bb%d0%b5%d0%bd%d0%b8%d0%b5-%d0%b8-%d1%87%d0%bb%d0%b5%d0%bd%d1%8b","status":"publish","type":"page","link":"https:\/\/www.usmasezers.lv\/ru\/%d1%82%d0%be%d0%b2%d0%b0%d1%80%d0%b8%d1%89%d0%b5%d1%81%d1%82%d0%b2%d0%be\/%d0%bf%d1%80%d0%b0%d0%b2%d0%bb%d0%b5%d0%bd%d0%b8%d0%b5-%d0%b8-%d1%87%d0%bb%d0%b5%d0%bd%d1%8b\/","title":{"rendered":"\u041f\u0440\u0430\u0432\u043b\u0435\u043d\u0438\u0435 \u0438 \u0447\u043b\u0435\u043d\u044b"},"content":{"rendered":"<h2>\u0423\u0447\u0430\u0441\u0442\u043d\u0438\u043a\u0438 \u0442\u043e\u0432\u0430\u0440\u0438\u0449\u0435\u0441\u0442\u0432\u0430 Usmas krasts<\/h2>\n<img loading=\"lazy\" decoding=\"async\" class=\"wp-image-808 alignright\" src=\"https:\/\/www.usmasezers.lv\/wp-content\/uploads\/2017\/09\/Logo_transparent2-300x300.png\" alt=\"\" width=\"224\" height=\"224\" srcset=\"https:\/\/www.usmasezers.lv\/wp-content\/uploads\/2017\/09\/Logo_transparent2-300x300.png 300w, https:\/\/www.usmasezers.lv\/wp-content\/uploads\/2017\/09\/Logo_transparent2-80x80.png 80w, https:\/\/www.usmasezers.lv\/wp-content\/uploads\/2017\/09\/Logo_transparent2-768x765.png 768w, https:\/\/www.usmasezers.lv\/wp-content\/uploads\/2017\/09\/Logo_transparent2-1024x1020.png 1024w, https:\/\/www.usmasezers.lv\/wp-content\/uploads\/2017\/09\/Logo_transparent2-800x797.png 800w, https:\/\/www.usmasezers.lv\/wp-content\/uploads\/2017\/09\/Logo_transparent2.png 1402w\" sizes=\"auto, (max-width: 224px) 100vw, 224px\" \/>\n<h3>Valde<\/h3>\n<ul>\n<li>Iveta Maldone (Kempings Bukdangas)<\/li>\n<li>Arvis Arums (\u012apa\u0161ums Arumi)<\/li>\n<li>U\u0123is Eri\u0146\u0161\u00a0(\u012bpa\u0161ums Ozolkalni)<\/li>\n<li>Vilnis Onkelis (\u012bpa\u0161ums Gode\u013cupes)<\/li>\n<li>Gaitis Grasmanis-La\u0161e (Kempings Usmas me\u0137i)<\/li>\n<\/ul>\n<h3>Biedri<\/h3>\n<ul>\n<li>VENTSPILS NOVADA PA\u0160VALD\u012aBA<\/li>\n<li>TALSU NOVADA PA\u0160VALD\u012aBA<\/li>\n<li>KULD\u012aGAS NOVADA PA\u0160VALD\u012aBA<\/li>\n<li>Atis Maldonis (Usmas krasts)<\/li>\n<li>Armands Dedzis (Kempigs Gr\u0101veri)<\/li>\n<li>Iluta Back\u0101ne (Biedr\u012bba Usmas jahtklubs)<\/li>\n<li>Sta\u0146islavs Back\u0101ns (Usma SPA viesn\u012bca &amp; kempings)<\/li>\n<li>Harina Br\u016bklene (Vesels veselum\u0101)<\/li>\n<li>Arnis Aps\u012btis (SIA Aps\u012bte)<\/li>\n<li>Armands Daiga (\u012bpa\u0161ums Vir\u0161i)<\/li>\n<li>Raimonds Kal\u0113js (A\\S Talsu autotransports)<\/li>\n<li>J\u0101nis \u0160alms (Abavas laivas)<\/li>\n<li>M\u0101ris Birzulis (\u012bpa\u0161ums Krastnieki)<\/li>\n<li>Oskars Jankovskis (Usmas Lejastiezumi)<\/li>\n<li>Gatis L\u0101cis (Kempings Gode\u013ci)<\/li>\n<li>Guntars Stepanovi\u010ds (Kempings Di\u017e\u0101pas)<\/li>\n<li>Armands Svi\u0137is \u00a0(Usmas mui\u017ea)<\/li>\n<li>Sandris Veidelis (Kempings SAB Usma)<\/li>\n<li>Kaspars Bloms (SIA ALBI)<\/li>\n<li>Laila Ati\u0137e\u00a0(\u012bpa\u0161ums Ezerdruvas)<\/li>\n<li>Ernests Bu\u0161ers (Kempings Z\u0101\u0123kalni)<\/li>\n<li>Edgars Skuja (\u012bpa\u0161ums Pilsgali)<\/li>\n<li>Valdis Onkelis\u00a0(\u012bpa\u0161ums)<\/li>\n<li>Sata Balti\u0146a (Usmas golfa klubs)<\/li>\n<li>J\u0101nis Up\u012btis Upenieks (\u012bpa\u0161ums Me\u017ekrasti)<\/li>\n<li>Biedr\u012bba &#171;Ventspils mak\u0161\u0137ernieku klubs&#187;<\/li>\n<li>Simon Theokas\u00a0(\u012bpa\u0161ums Ap\u0161urags)<\/li>\n<li>Rihards Smelters\u00a0(\u012bpa\u0161ums P\u0101rupi)<\/li>\n<li>Agris Liepi\u0146\u0161\u00a0(\u012bpa\u0161ums Liepkrasti)<\/li>\n<li>Helmuts Kidikas (\u012bpa\u0161ums Biemsrags)<\/li>\n<li>Mareks Ivanskis (\u012bpa\u0161ums)<\/li>\n<li>Viktors Sidorenkovs (\u012bpa\u0161ums Vobleri)<\/li>\n<li>Marika Millere (\u012bpa\u0161ums Samuli\u0146i)<\/li>\n<li>Eduards Ostrobrods (\u012bpa\u0161ums Bukme\u0137i)<\/li>\n<\/ul>\n","protected":false},"excerpt":{"rendered":"<p>\u0423\u0447\u0430\u0441\u0442\u043d\u0438\u043a\u0438 \u0442\u043e\u0432\u0430\u0440\u0438\u0449\u0435\u0441\u0442\u0432\u0430 Usmas krasts Valde Iveta Maldone (Kempings Bukdangas) Arvis Arums (\u012apa\u0161ums Arumi) U\u0123is Eri\u0146\u0161\u00a0(\u012bpa\u0161ums Ozolkalni) Vilnis Onkelis (\u012bpa\u0161ums Gode\u013cupes) Gaitis Grasmanis-La\u0161e (Kempings Usmas me\u0137i) Biedri VENTSPILS NOVADA PA\u0160VALD\u012aBA TALSU NOVADA PA\u0160VALD\u012aBA KULD\u012aGAS NOVADA PA\u0160VALD\u012aBA Atis Maldonis (Usmas krasts) Armands Dedzis (Kempigs Gr\u0101veri) Iluta Back\u0101ne (Biedr\u012bba Usmas jahtklubs) Sta\u0146islavs Back\u0101ns (Usma SPA viesn\u012bca &amp; kempings) [&hellip;]<\/p>\n","protected":false},"author":2,"featured_media":0,"parent":1433,"menu_order":0,"comment_status":"closed","ping_status":"closed","template":"","meta":{"_acf_changed":false,"footnotes":""},"class_list":["post-1441","page","type-page","status-publish","hentry"],"acf":[],"_links":{"self":[{"href":"https:\/\/www.usmasezers.lv\/ru\/wp-json\/wp\/v2\/pages\/1441","targetHints":{"allow":["GET"]}}],"collection":[{"href":"https:\/\/www.usmasezers.lv\/ru\/wp-json\/wp\/v2\/pages"}],"about":[{"href":"https:\/\/www.usmasezers.lv\/ru\/wp-json\/wp\/v2\/types\/page"}],"author":[{"embeddable":true,"href":"https:\/\/www.usmasezers.lv\/ru\/wp-json\/wp\/v2\/users\/2"}],"replies":[{"embeddable":true,"href":"https:\/\/www.usmasezers.lv\/ru\/wp-json\/wp\/v2\/comments?post=1441"}],"version-history":[{"count":17,"href":"https:\/\/www.usmasezers.lv\/ru\/wp-json\/wp\/v2\/pages\/1441\/revisions"}],"predecessor-version":[{"id":16128,"href":"https:\/\/www.usmasezers.lv\/ru\/wp-json\/wp\/v2\/pages\/1441\/revisions\/16128"}],"up":[{"embeddable":true,"href":"https:\/\/www.usmasezers.lv\/ru\/wp-json\/wp\/v2\/pages\/1433"}],"wp:attachment":[{"href":"https:\/\/www.usmasezers.lv\/ru\/wp-json\/wp\/v2\/media?parent=1441"}],"curies":[{"name":"wp","href":"https:\/\/api.w.org\/{rel}","templated":true}]}}