{"id":6136,"date":"2017-10-23T01:05:27","date_gmt":"2017-10-22T22:05:27","guid":{"rendered":"https:\/\/www.usmasezers.lv\/ezera-baribas-kede\/"},"modified":"2019-01-25T14:47:09","modified_gmt":"2019-01-25T12:47:09","slug":"ezero-mitybos-grandine","status":"publish","type":"page","link":"https:\/\/www.usmasezers.lv\/lt\/ezero-mitybos-grandine\/","title":{"rendered":"E\u017eero mitybos grandin\u0117"},"content":{"rendered":"<p><strong>Maistin\u0117s med\u017eiagos<\/strong><\/p>\n<p>Pagrindin\u0117s maistin\u0117s med\u017eiagos, b\u016btinos baseino ekosistemai funkcionuoti, yra azotas ir fosforas. Pirminei produkcijai vykti naudojami mikroskopiniai dumbliai ir auk\u0161tesnieji vandens augalai. Azotas ir fosforas baseine randami tiek laisvi \u2013 neorganinio azoto ir fosforo junginiuose (nitritai, nitratai, amonis \u2013 azoto junginiai ir fosfatai \u2013 fosforo junginiai), tiek kaip organin\u0117s med\u017eiagos ar yra mikroskopiniuose dumbliuose ar fitoplanktone. Pirminis azoto \u0161altinis nat\u016braliuose baseinuose paprastai yra \u017eali\u0173j\u0173 dumbli\u0173 fiksuotas azotas i\u0161 atmosferos. Pirminis fosforo \u0161altinis baseinuose \u2013 lietaus vanduo, uolienos, kuriose yra baseinas. Kadangi Latvijoje laikoma, kad baseinams \u012ftakos padar\u0117 \u017emogaus veikla, did\u017eiosios j\u0173 dalies maistini\u0173 med\u017eiag\u0173 kilm\u0117 yra antropogeni\u0161ka.<\/p>\n<p><strong>\u00a0<\/strong><\/p>\n<p><strong>Fitoplanktonas<\/strong><\/p>\n<p>Fitoplanktonas arba mikroskopiniai dumbliai u\u017eima reik\u0161ming\u0105 viet\u0105 g\u0117lo vandens ekosistemose. \u0160ie dumbliai yra pirminiai gamintojai \u2013 organizmai, neorganines med\u017eiagas paver\u010diantys organin\u0117mis. Tokiu b\u016bdu fitoplanktonas sudaro pirm\u0105j\u012f mitybos grandin\u0117s etap\u0105. Juo daugiausia minta zooplanktonas (mikroskopiniai v\u0117\u017eiagyviai).<\/p>\n<p><strong>Zooplanktonas, zoobentosas<\/strong><\/p>\n<p>Zooplanktonas arba mikroskopiniai v\u0117\u017eiagyviai yra svarbi vandens ekosistem\u0173 sudedamoji dalis. Zooplanktonas minta fitoplanktonu. Zooplanktono organizmai yra svarbus vis\u0173 \u017euv\u0173 r\u016b\u0161i\u0173 jaunikli\u0173 ir planktonu mintan\u010di\u0173 \u017euv\u0173 maistas.<\/p>\n<p>Zoobentosas arba bestuburi\u0173 klas\u0117s gyv\u016bnai, gyvenantys e\u017eero dugne, yra svarbus vandens ekosistem\u0173 elementas. \u0160iems gyv\u016bnams b\u016bdingi \u012fvair\u016bs mitybos objektai (zooplanktonas, fitoplanktonas, kiti bestuburiai ir kt.) ir mitybos mechanizmai (filtruotojai, pl\u0117\u0161r\u016bnai ir kt.), tai rodo, kad jie turi tiesiogin\u0119 pastiprint\u0105 \u012ftak\u0105 vandens mitybos grandini\u0173 funkcionavimui. Be to, \u017einoma, kad bentosas yra vienas svarbiausi\u0173 \u017euv\u0173 bendruomeni\u0173 mitybos objekt\u0173 Latvijos ir Europos e\u017eeruose.<\/p>\n<p><strong>Taikios \u017euvys<\/strong><\/p>\n<p>\u017duvys, kurios neminta kitomis \u017euvimis, o kaip mitybos resursus naudoja kitus organizmus, pavyzd\u017eiui, zooplankton\u0105, zoobentos\u0105, augalus. Toki\u0173 \u017euv\u0173 r\u016b\u0161ys yra, pavyzd\u017eiui, lynai, raud\u0117s, kar\u0161iai, plakiai.<\/p>\n<p><strong>Pl\u0117\u0161rios \u017euvys<\/strong><\/p>\n<p>\u017duvys, kurios suaugusios daugiausia minta kitomis \u017euvimis. Toki\u0173 \u017euv\u0173 r\u016b\u0161ys yra, pavyzd\u017eiui, e\u0161eriai, starkiai, lydekos.<\/p>\n<p><strong>\u017dmogus<\/strong><\/p>\n<p>\u017dvejai, gaudydami ma\u017eiau ar daugiau \u017euv\u0173, daro \u012ftak\u0105 e\u017eero mitybos grandinei.<\/p>\n<p><strong><em>Nuoroda:<\/em><\/strong><em>\u00a0Br\u00f6nmark C., Hansson L. A. 2005., Aplinkos vystymo institutas, 2017.\u00a0(Visa versija: Br\u00f6nmark C., Hansson L. A. 2005. The biology of lakes and ponds. New York, Oxford University Press Inc.)<\/em><\/p>\n","protected":false},"excerpt":{"rendered":"<p>Maistin\u0117s med\u017eiagos Pagrindin\u0117s maistin\u0117s med\u017eiagos, b\u016btinos baseino ekosistemai funkcionuoti, yra azotas ir fosforas. Pirminei produkcijai vykti naudojami mikroskopiniai dumbliai ir auk\u0161tesnieji vandens augalai. Azotas ir fosforas baseine randami tiek laisvi \u2013 neorganinio azoto ir fosforo junginiuose (nitritai, nitratai, amonis \u2013 azoto junginiai ir fosfatai \u2013 fosforo junginiai), tiek kaip organin\u0117s med\u017eiagos ar yra mikroskopiniuose dumbliuose [&hellip;]<\/p>\n","protected":false},"author":2,"featured_media":0,"parent":0,"menu_order":0,"comment_status":"closed","ping_status":"closed","template":"page-society.php","meta":{"_acf_changed":false,"footnotes":""},"class_list":["post-6136","page","type-page","status-publish","hentry"],"acf":[],"_links":{"self":[{"href":"https:\/\/www.usmasezers.lv\/lt\/wp-json\/wp\/v2\/pages\/6136","targetHints":{"allow":["GET"]}}],"collection":[{"href":"https:\/\/www.usmasezers.lv\/lt\/wp-json\/wp\/v2\/pages"}],"about":[{"href":"https:\/\/www.usmasezers.lv\/lt\/wp-json\/wp\/v2\/types\/page"}],"author":[{"embeddable":true,"href":"https:\/\/www.usmasezers.lv\/lt\/wp-json\/wp\/v2\/users\/2"}],"replies":[{"embeddable":true,"href":"https:\/\/www.usmasezers.lv\/lt\/wp-json\/wp\/v2\/comments?post=6136"}],"version-history":[{"count":2,"href":"https:\/\/www.usmasezers.lv\/lt\/wp-json\/wp\/v2\/pages\/6136\/revisions"}],"predecessor-version":[{"id":6138,"href":"https:\/\/www.usmasezers.lv\/lt\/wp-json\/wp\/v2\/pages\/6136\/revisions\/6138"}],"wp:attachment":[{"href":"https:\/\/www.usmasezers.lv\/lt\/wp-json\/wp\/v2\/media?parent=6136"}],"curies":[{"name":"wp","href":"https:\/\/api.w.org\/{rel}","templated":true}]}}