{"id":5708,"date":"2017-09-15T10:49:18","date_gmt":"2017-09-15T07:49:18","guid":{"rendered":"https:\/\/www.usmasezers.lv\/atputa\/aktivitates\/"},"modified":"2019-01-25T14:51:07","modified_gmt":"2019-01-25T12:51:07","slug":"pramogos","status":"publish","type":"page","link":"https:\/\/www.usmasezers.lv\/lt\/atputa\/pramogos\/","title":{"rendered":"Pramogos"},"content":{"rendered":"<h2>I\u0161vyka jachta \u201eArabella\u201c<\/h2>\n<p>Kempingas USMAS SPA si\u016blo i\u0161vyk\u0105 jachta \u201eArabella\u201c iki Morico salos ir atgal.<\/p>\n<img loading=\"lazy\" decoding=\"async\" class=\"aligncenter wp-image-457 size-large\" src=\"https:\/\/www.usmasezers.lv\/wp-content\/uploads\/2017\/09\/13247720_1594131940878551_3250810142936442959_o-1-1024x768.jpg\" alt=\"\" width=\"1024\" height=\"768\" srcset=\"https:\/\/www.usmasezers.lv\/wp-content\/uploads\/2017\/09\/13247720_1594131940878551_3250810142936442959_o-1-1024x768.jpg 1024w, https:\/\/www.usmasezers.lv\/wp-content\/uploads\/2017\/09\/13247720_1594131940878551_3250810142936442959_o-1-300x225.jpg 300w, https:\/\/www.usmasezers.lv\/wp-content\/uploads\/2017\/09\/13247720_1594131940878551_3250810142936442959_o-1-768x576.jpg 768w, https:\/\/www.usmasezers.lv\/wp-content\/uploads\/2017\/09\/13247720_1594131940878551_3250810142936442959_o-1-800x600.jpg 800w, https:\/\/www.usmasezers.lv\/wp-content\/uploads\/2017\/09\/13247720_1594131940878551_3250810142936442959_o-1.jpg 2048w\" sizes=\"auto, (max-width: 1024px) 100vw, 1024px\" \/>\n<h2>I\u0161vyka laiveliu \u201eGrafas Moricas\u201c<\/h2>\n<h2><\/h2>\n<img loading=\"lazy\" decoding=\"async\" class=\"alignnone wp-image-3301\" src=\"https:\/\/www.usmasezers.lv\/wp-content\/uploads\/2018\/06\/Kugisa-Gra\u0304fs-Morics-izcen_Jahtklubs_2018-226x300.jpg\" alt=\"\" width=\"472\" height=\"627\" srcset=\"https:\/\/www.usmasezers.lv\/wp-content\/uploads\/2018\/06\/Kugisa-Gra\u0304fs-Morics-izcen_Jahtklubs_2018-226x300.jpg 226w, https:\/\/www.usmasezers.lv\/wp-content\/uploads\/2018\/06\/Kugisa-Gra\u0304fs-Morics-izcen_Jahtklubs_2018-768x1019.jpg 768w, https:\/\/www.usmasezers.lv\/wp-content\/uploads\/2018\/06\/Kugisa-Gra\u0304fs-Morics-izcen_Jahtklubs_2018-771x1024.jpg 771w, https:\/\/www.usmasezers.lv\/wp-content\/uploads\/2018\/06\/Kugisa-Gra\u0304fs-Morics-izcen_Jahtklubs_2018-800x1062.jpg 800w, https:\/\/www.usmasezers.lv\/wp-content\/uploads\/2018\/06\/Kugisa-Gra\u0304fs-Morics-izcen_Jahtklubs_2018.jpg 1656w\" sizes=\"auto, (max-width: 472px) 100vw, 472px\" \/>\n<h2>I\u0161vyka de\u0161imties viet\u0173 motoriniu laivu<\/h2>\n<p>Kempingas \u201eBukdangas\u201c si\u016blo kelion\u0119 de\u0161imties viet\u0173 motorlaiviu. Kelion\u0117je galima leistis \u012f ekskursij\u0105 su gidu po Usmos ir Tyruk\u0161\u0173 e\u017eer\u0105.<\/p>\n<img loading=\"lazy\" decoding=\"async\" class=\"alignnone wp-image-1116\" src=\"https:\/\/www.usmasezers.lv\/wp-content\/uploads\/2017\/10\/IMG_9644-300x225.jpg\" alt=\"\" width=\"755\" height=\"566\" srcset=\"https:\/\/www.usmasezers.lv\/wp-content\/uploads\/2017\/10\/IMG_9644-300x225.jpg 300w, https:\/\/www.usmasezers.lv\/wp-content\/uploads\/2017\/10\/IMG_9644-768x576.jpg 768w, https:\/\/www.usmasezers.lv\/wp-content\/uploads\/2017\/10\/IMG_9644.jpg 1024w, https:\/\/www.usmasezers.lv\/wp-content\/uploads\/2017\/10\/IMG_9644-800x600.jpg 800w\" sizes=\"auto, (max-width: 755px) 100vw, 755px\" \/><img loading=\"lazy\" decoding=\"async\" class=\"aligncenter wp-image-1012 size-large\" src=\"https:\/\/www.usmasezers.lv\/wp-content\/uploads\/2017\/10\/IMG_8588-1024x768.jpg\" alt=\"\" width=\"1024\" height=\"768\" srcset=\"https:\/\/www.usmasezers.lv\/wp-content\/uploads\/2017\/10\/IMG_8588-1024x768.jpg 1024w, https:\/\/www.usmasezers.lv\/wp-content\/uploads\/2017\/10\/IMG_8588-300x225.jpg 300w, https:\/\/www.usmasezers.lv\/wp-content\/uploads\/2017\/10\/IMG_8588-768x576.jpg 768w, https:\/\/www.usmasezers.lv\/wp-content\/uploads\/2017\/10\/IMG_8588-800x600.jpg 800w\" sizes=\"auto, (max-width: 1024px) 100vw, 1024px\" \/>\n<p><strong>Pasijodin\u0117jimas \u201eZagkalnuose\u201c<\/strong><\/p>\n<p>Kempingas \u201eZagkalni\u201c si\u016blo pasijodin\u0117jimus tiek mi\u0161ko takais, tiek palei e\u017eer\u0105, tiek ir pasimokyti jodin\u0117ti aptvare. Galimos reguliarios treniruot\u0117s pradedantiesiems.\u00a0 Dr\u0105siai galite atvykti su savo \u017eirgu ir likti pas mus savaitgalio nameliuose, J\u016bs\u0173 \u017eirgas bus apr\u016bpintas maitinimu ir boksu.<\/p>\n<img loading=\"lazy\" decoding=\"async\" class=\"aligncenter wp-image-713 size-full\" src=\"https:\/\/dev.creativefactory.lv\/usmasezers_lv\/wp-content\/uploads\/2017\/09\/jasanas-sacensibas-kuldigas-novads-zagkalni-e1507459291261.jpg\" alt=\"\" width=\"459\" height=\"359\" srcset=\"https:\/\/www.usmasezers.lv\/wp-content\/uploads\/2017\/09\/jasanas-sacensibas-kuldigas-novads-zagkalni-e1507459291261.jpg 459w, https:\/\/www.usmasezers.lv\/wp-content\/uploads\/2017\/09\/jasanas-sacensibas-kuldigas-novads-zagkalni-e1507459291261-300x235.jpg 300w\" sizes=\"auto, (max-width: 459px) 100vw, 459px\" \/>\n<p><strong>Virvi\u0173 trasa \u201eGodelpols\u201c<\/strong><\/p>\n<p><strong>Virvi\u0173 trasa \u201eGodelpols\u201c <\/strong>\u012frengta med\u017eiuose ir kvie\u010dia pails\u0117ti tiek didelius, tiek ma\u017eus.<\/p>\n<img loading=\"lazy\" decoding=\"async\" class=\"wp-image-1624 alignleft\" src=\"https:\/\/www.usmasezers.lv\/wp-content\/uploads\/2017\/09\/TalsuTIC_godeli_virvju_trase_5-xl-1-300x200.png\" alt=\"\" width=\"478\" height=\"319\" srcset=\"https:\/\/www.usmasezers.lv\/wp-content\/uploads\/2017\/09\/TalsuTIC_godeli_virvju_trase_5-xl-1-300x200.png 300w, https:\/\/www.usmasezers.lv\/wp-content\/uploads\/2017\/09\/TalsuTIC_godeli_virvju_trase_5-xl-1-768x512.png 768w, https:\/\/www.usmasezers.lv\/wp-content\/uploads\/2017\/09\/TalsuTIC_godeli_virvju_trase_5-xl-1-800x533.png 800w, https:\/\/www.usmasezers.lv\/wp-content\/uploads\/2017\/09\/TalsuTIC_godeli_virvju_trase_5-xl-1.png 840w\" sizes=\"auto, (max-width: 478px) 100vw, 478px\" \/><img loading=\"lazy\" decoding=\"async\" class=\"wp-image-718 alignright\" src=\"https:\/\/www.usmasezers.lv\/wp-content\/uploads\/2017\/10\/TalsuTIC_godeli_virvju_trase_4-xl.png\" alt=\"\" width=\"470\" height=\"313\" srcset=\"https:\/\/www.usmasezers.lv\/wp-content\/uploads\/2017\/10\/TalsuTIC_godeli_virvju_trase_4-xl.png 840w, https:\/\/www.usmasezers.lv\/wp-content\/uploads\/2017\/10\/TalsuTIC_godeli_virvju_trase_4-xl-300x200.png 300w, https:\/\/www.usmasezers.lv\/wp-content\/uploads\/2017\/10\/TalsuTIC_godeli_virvju_trase_4-xl-768x512.png 768w, https:\/\/www.usmasezers.lv\/wp-content\/uploads\/2017\/10\/TalsuTIC_godeli_virvju_trase_4-xl-800x533.png 800w\" sizes=\"auto, (max-width: 470px) 100vw, 470px\" \/>\n","protected":false},"excerpt":{"rendered":"<p>I\u0161vyka jachta \u201eArabella\u201c Kempingas USMAS SPA si\u016blo i\u0161vyk\u0105 jachta \u201eArabella\u201c iki Morico salos ir atgal. I\u0161vyka laiveliu \u201eGrafas Moricas\u201c I\u0161vyka de\u0161imties viet\u0173 motoriniu laivu Kempingas \u201eBukdangas\u201c si\u016blo kelion\u0119 de\u0161imties viet\u0173 motorlaiviu. Kelion\u0117je galima leistis \u012f ekskursij\u0105 su gidu po Usmos ir Tyruk\u0161\u0173 e\u017eer\u0105. Pasijodin\u0117jimas \u201eZagkalnuose\u201c Kempingas \u201eZagkalni\u201c si\u016blo pasijodin\u0117jimus tiek mi\u0161ko takais, tiek palei e\u017eer\u0105, [&hellip;]<\/p>\n","protected":false},"author":2,"featured_media":0,"parent":5699,"menu_order":30,"comment_status":"closed","ping_status":"closed","template":"","meta":{"_acf_changed":false,"footnotes":""},"class_list":["post-5708","page","type-page","status-publish","hentry"],"acf":[],"_links":{"self":[{"href":"https:\/\/www.usmasezers.lv\/lt\/wp-json\/wp\/v2\/pages\/5708","targetHints":{"allow":["GET"]}}],"collection":[{"href":"https:\/\/www.usmasezers.lv\/lt\/wp-json\/wp\/v2\/pages"}],"about":[{"href":"https:\/\/www.usmasezers.lv\/lt\/wp-json\/wp\/v2\/types\/page"}],"author":[{"embeddable":true,"href":"https:\/\/www.usmasezers.lv\/lt\/wp-json\/wp\/v2\/users\/2"}],"replies":[{"embeddable":true,"href":"https:\/\/www.usmasezers.lv\/lt\/wp-json\/wp\/v2\/comments?post=5708"}],"version-history":[{"count":3,"href":"https:\/\/www.usmasezers.lv\/lt\/wp-json\/wp\/v2\/pages\/5708\/revisions"}],"predecessor-version":[{"id":6141,"href":"https:\/\/www.usmasezers.lv\/lt\/wp-json\/wp\/v2\/pages\/5708\/revisions\/6141"}],"up":[{"embeddable":true,"href":"https:\/\/www.usmasezers.lv\/lt\/wp-json\/wp\/v2\/pages\/5699"}],"wp:attachment":[{"href":"https:\/\/www.usmasezers.lv\/lt\/wp-json\/wp\/v2\/media?parent=5708"}],"curies":[{"name":"wp","href":"https:\/\/api.w.org\/{rel}","templated":true}]}}