{"id":5659,"date":"2017-09-11T21:37:43","date_gmt":"2017-09-11T18:37:43","guid":{"rendered":"https:\/\/www.usmasezers.lv\/draugija\/kontakti\/"},"modified":"2020-02-12T09:51:22","modified_gmt":"2020-02-12T07:51:22","slug":"kontaktai","status":"publish","type":"page","link":"https:\/\/www.usmasezers.lv\/lt\/draugija\/kontaktai\/","title":{"rendered":"Kontaktai"},"content":{"rendered":"<p>Skambinkite mums <strong>+371 25701744<\/strong> arba ra\u0161ykite: <a href=\"mailto:info@usmasezers.lv\"><strong>info@usmasezers.lv<\/strong><\/a>!<br \/>\n<img loading=\"lazy\" decoding=\"async\" class=\"wp-image-808 alignright\" src=\"https:\/\/www.usmasezers.lv\/wp-content\/uploads\/2017\/09\/Logo_transparent2-300x300.png\" alt=\"\" width=\"212\" height=\"212\" srcset=\"https:\/\/www.usmasezers.lv\/wp-content\/uploads\/2017\/09\/Logo_transparent2-300x300.png 300w, https:\/\/www.usmasezers.lv\/wp-content\/uploads\/2017\/09\/Logo_transparent2-80x80.png 80w, https:\/\/www.usmasezers.lv\/wp-content\/uploads\/2017\/09\/Logo_transparent2-768x765.png 768w, https:\/\/www.usmasezers.lv\/wp-content\/uploads\/2017\/09\/Logo_transparent2-1024x1020.png 1024w, https:\/\/www.usmasezers.lv\/wp-content\/uploads\/2017\/09\/Logo_transparent2-800x797.png 800w, https:\/\/www.usmasezers.lv\/wp-content\/uploads\/2017\/09\/Logo_transparent2.png 1402w\" sizes=\"auto, (max-width: 212px) 100vw, 212px\" \/><\/p>\n<p><strong>Rekvizitai<\/strong><\/p>\n<ul>\n<li>Draugija USMOS KRANTAS<\/li>\n<li>Mokes\u010di\u0173 mok\u0117tojo registracijos kodas: 40008071891<\/li>\n<li>\u201ePrie\u017ekalni\u201d, Usmos pag., Ventspilio nov., LV-3619<\/li>\n<li>AB \u201eSEB bankas\u201d, kodas UNLALV2X, LV20UNLA0050024132345<\/li>\n<\/ul>\n","protected":false},"excerpt":{"rendered":"<p>Skambinkite mums +371 25701744 arba ra\u0161ykite: info@usmasezers.lv! Rekvizitai Draugija USMOS KRANTAS Mokes\u010di\u0173 mok\u0117tojo registracijos kodas: 40008071891 \u201ePrie\u017ekalni\u201d, Usmos pag., Ventspilio nov., LV-3619 AB \u201eSEB bankas\u201d, kodas UNLALV2X, LV20UNLA0050024132345<\/p>\n","protected":false},"author":2,"featured_media":0,"parent":5656,"menu_order":0,"comment_status":"closed","ping_status":"closed","template":"","meta":{"_acf_changed":false,"footnotes":""},"class_list":["post-5659","page","type-page","status-publish","hentry"],"acf":[],"_links":{"self":[{"href":"https:\/\/www.usmasezers.lv\/lt\/wp-json\/wp\/v2\/pages\/5659","targetHints":{"allow":["GET"]}}],"collection":[{"href":"https:\/\/www.usmasezers.lv\/lt\/wp-json\/wp\/v2\/pages"}],"about":[{"href":"https:\/\/www.usmasezers.lv\/lt\/wp-json\/wp\/v2\/types\/page"}],"author":[{"embeddable":true,"href":"https:\/\/www.usmasezers.lv\/lt\/wp-json\/wp\/v2\/users\/2"}],"replies":[{"embeddable":true,"href":"https:\/\/www.usmasezers.lv\/lt\/wp-json\/wp\/v2\/comments?post=5659"}],"version-history":[{"count":2,"href":"https:\/\/www.usmasezers.lv\/lt\/wp-json\/wp\/v2\/pages\/5659\/revisions"}],"predecessor-version":[{"id":8735,"href":"https:\/\/www.usmasezers.lv\/lt\/wp-json\/wp\/v2\/pages\/5659\/revisions\/8735"}],"up":[{"embeddable":true,"href":"https:\/\/www.usmasezers.lv\/lt\/wp-json\/wp\/v2\/pages\/5656"}],"wp:attachment":[{"href":"https:\/\/www.usmasezers.lv\/lt\/wp-json\/wp\/v2\/media?parent=5659"}],"curies":[{"name":"wp","href":"https:\/\/api.w.org\/{rel}","templated":true}]}}