{"id":5656,"date":"2017-09-11T21:37:27","date_gmt":"2017-09-11T18:37:27","guid":{"rendered":"https:\/\/www.usmasezers.lv\/biedriba\/"},"modified":"2019-01-11T15:38:35","modified_gmt":"2019-01-11T13:38:35","slug":"draugija","status":"publish","type":"page","link":"https:\/\/www.usmasezers.lv\/lt\/draugija\/","title":{"rendered":"Draugija"},"content":{"rendered":"<h3>Draugijos \u201eUsmos krantas&#8221; vizija<\/h3>\n<p><strong><img loading=\"lazy\" decoding=\"async\" class=\"wp-image-808 alignright\" src=\"https:\/\/www.usmasezers.lv\/wp-content\/uploads\/2017\/09\/Logo_transparent2-300x300.png\" alt=\"\" width=\"200\" height=\"200\" srcset=\"https:\/\/www.usmasezers.lv\/wp-content\/uploads\/2017\/09\/Logo_transparent2-300x300.png 300w, https:\/\/www.usmasezers.lv\/wp-content\/uploads\/2017\/09\/Logo_transparent2-80x80.png 80w, https:\/\/www.usmasezers.lv\/wp-content\/uploads\/2017\/09\/Logo_transparent2-768x765.png 768w, https:\/\/www.usmasezers.lv\/wp-content\/uploads\/2017\/09\/Logo_transparent2-1024x1020.png 1024w, https:\/\/www.usmasezers.lv\/wp-content\/uploads\/2017\/09\/Logo_transparent2-800x797.png 800w, https:\/\/www.usmasezers.lv\/wp-content\/uploads\/2017\/09\/Logo_transparent2.png 1402w\" sizes=\"auto, (max-width: 200px) 100vw, 200px\" \/><\/strong><\/p>\n<p>Sukurti s\u0105lygas, u\u017etikrinan\u010dias aplinkai draugi\u0161k\u0105, tvari\u0105 Usmos e\u017eero pl\u0117tr\u0105. Sukurti sistem\u0105, skatinan\u010di\u0105 aplinkos tobulinim\u0105 ir racional\u0173 \u017euv\u0173 i\u0161tekli\u0173 panaudojim\u0105 bei kontrol\u0119.\u00a0 Suteikti gyventojams papildom\u0105 galimyb\u0119 \u012fsitraukti \u012f Usmos e\u017eero ir apylinki\u0173 tvarkym\u0105, jaustis svarbiems ir reikalingiems siekiant bendro tikslo savo gyvenamojoje vietoje. Skatinti ekonomin\u0117s veiklos Usmos e\u017eero teritorijoje augim\u0105. Atnaujinti \u017euv\u0173 i\u0161tekli\u0173 kokybin\u0119 sud\u0117t\u012f.<\/p>\n","protected":false},"excerpt":{"rendered":"<p>Draugijos \u201eUsmos krantas&#8221; vizija Sukurti s\u0105lygas, u\u017etikrinan\u010dias aplinkai draugi\u0161k\u0105, tvari\u0105 Usmos e\u017eero pl\u0117tr\u0105. Sukurti sistem\u0105, skatinan\u010di\u0105 aplinkos tobulinim\u0105 ir racional\u0173 \u017euv\u0173 i\u0161tekli\u0173 panaudojim\u0105 bei kontrol\u0119.\u00a0 Suteikti gyventojams papildom\u0105 galimyb\u0119 \u012fsitraukti \u012f Usmos e\u017eero ir apylinki\u0173 tvarkym\u0105, jaustis svarbiems ir reikalingiems siekiant bendro tikslo savo gyvenamojoje vietoje. Skatinti ekonomin\u0117s veiklos Usmos e\u017eero teritorijoje augim\u0105. Atnaujinti \u017euv\u0173 [&hellip;]<\/p>\n","protected":false},"author":2,"featured_media":0,"parent":0,"menu_order":0,"comment_status":"closed","ping_status":"closed","template":"","meta":{"_acf_changed":false,"footnotes":""},"class_list":["post-5656","page","type-page","status-publish","hentry"],"acf":[],"_links":{"self":[{"href":"https:\/\/www.usmasezers.lv\/lt\/wp-json\/wp\/v2\/pages\/5656","targetHints":{"allow":["GET"]}}],"collection":[{"href":"https:\/\/www.usmasezers.lv\/lt\/wp-json\/wp\/v2\/pages"}],"about":[{"href":"https:\/\/www.usmasezers.lv\/lt\/wp-json\/wp\/v2\/types\/page"}],"author":[{"embeddable":true,"href":"https:\/\/www.usmasezers.lv\/lt\/wp-json\/wp\/v2\/users\/2"}],"replies":[{"embeddable":true,"href":"https:\/\/www.usmasezers.lv\/lt\/wp-json\/wp\/v2\/comments?post=5656"}],"version-history":[{"count":2,"href":"https:\/\/www.usmasezers.lv\/lt\/wp-json\/wp\/v2\/pages\/5656\/revisions"}],"predecessor-version":[{"id":5658,"href":"https:\/\/www.usmasezers.lv\/lt\/wp-json\/wp\/v2\/pages\/5656\/revisions\/5658"}],"wp:attachment":[{"href":"https:\/\/www.usmasezers.lv\/lt\/wp-json\/wp\/v2\/media?parent=5656"}],"curies":[{"name":"wp","href":"https:\/\/api.w.org\/{rel}","templated":true}]}}