{"id":5295,"date":"2017-09-19T20:00:06","date_gmt":"2017-09-19T17:00:06","guid":{"rendered":"https:\/\/www.usmasezers.lv\/apie-ezera\/salas\/"},"modified":"2019-10-30T19:12:40","modified_gmt":"2019-10-30T17:12:40","slug":"salos","status":"publish","type":"page","link":"https:\/\/www.usmasezers.lv\/lt\/apie-ezera\/salos\/","title":{"rendered":"Salos"},"content":{"rendered":"<h3>Septyni\u0173 sal\u0173 e\u017eeras<\/h3>\n<p>Bendras sal\u0173 plotas \u2013 428,00 ha.\u00a0 <strong>Visk\u016b\u017e\u0173 sala<\/strong> (did\u017eiausia Latvijos e\u017eer\u0173 sala, 309,2 ha) yra tarp L\u016b\u017enert\u0117s ir Baznicert\u0117s. Santykinis salos auk\u0161tis \u2013 10,5 m, auk\u0161\u010diausia dalis i\u0161kilusi 16\u201318 m vir\u0161 e\u017eero lygio.\u00a0 Jos ilgis \u2013 3 km, plotis \u2013 1,5 km, plotas \u2013 3,1 km<sup>2<\/sup>. Visai negyvenama jos vadinti negalima, nes pietin\u0117je salos dalyje \u012fsik\u016brusi sodyba \u201eP\u0101rupji\u201c. Sala \u012ftraukta \u012f Visk\u016b\u017e\u0173 salos gamtos draustin\u012f, 2004 m. parengtas jo <a href=\"https:\/\/www.usmasezers.lv\/wp-content\/uploads\/2017\/10\/DL_Viskuzu_sala-07.pdf\">apsaugos planas<\/a>.\u00a0 Tarp Visk\u016b\u017e\u0173 salos ir kranto yra 200 m plo\u010dio s\u0105siauris \u2013 Amj\u016bdzup\u0117.<\/p>\n<img loading=\"lazy\" decoding=\"async\" class=\"aligncenter wp-image-405 size-large\" src=\"https:\/\/www.usmasezers.lv\/wp-content\/uploads\/2017\/09\/altafoto-7611-1024x683.jpg\" alt=\"\" width=\"1024\" height=\"683\" srcset=\"https:\/\/www.usmasezers.lv\/wp-content\/uploads\/2017\/09\/altafoto-7611-1024x683.jpg 1024w, https:\/\/www.usmasezers.lv\/wp-content\/uploads\/2017\/09\/altafoto-7611-300x200.jpg 300w, https:\/\/www.usmasezers.lv\/wp-content\/uploads\/2017\/09\/altafoto-7611-768x512.jpg 768w, https:\/\/www.usmasezers.lv\/wp-content\/uploads\/2017\/09\/altafoto-7611-800x533.jpg 800w, https:\/\/www.usmasezers.lv\/wp-content\/uploads\/2017\/09\/altafoto-7611.jpg 1200w\" sizes=\"auto, (max-width: 1024px) 100vw, 1024px\" \/>\n<p><strong>Moricsala<\/strong> (83,10 ha), santykinis auk\u0161tis \u2013 7,0 m, saugoma nuo 1912 met\u0173. <strong>Lielalksnyt\u0117<\/strong> (33,3 ha), santykinis auk\u0161tis\u00a0 \u2013 4,4 m. <strong>Mazalksnyt\u0117<\/strong> (1,9 ha), santykinis auk\u0161tis\u00a0 \u2013 1,6 m. <strong>Zuosalinia<\/strong> (0,8 ha), santykinis auk\u0161tis\u00a0 \u2013 0,1 m. <strong>Dvynyt\u0117s<\/strong> (0,002 ha), dvi u\u017eliejamos salos, santykinis auk\u0161tis \u2013 0,1 m.<\/p>\n<img loading=\"lazy\" decoding=\"async\" class=\"aligncenter wp-image-402 size-large\" src=\"https:\/\/www.usmasezers.lv\/wp-content\/uploads\/2017\/09\/altafoto-7649-1024x683.jpg\" alt=\"\" width=\"1024\" height=\"683\" srcset=\"https:\/\/www.usmasezers.lv\/wp-content\/uploads\/2017\/09\/altafoto-7649-1024x683.jpg 1024w, https:\/\/www.usmasezers.lv\/wp-content\/uploads\/2017\/09\/altafoto-7649-300x200.jpg 300w, https:\/\/www.usmasezers.lv\/wp-content\/uploads\/2017\/09\/altafoto-7649-768x512.jpg 768w, https:\/\/www.usmasezers.lv\/wp-content\/uploads\/2017\/09\/altafoto-7649-800x533.jpg 800w, https:\/\/www.usmasezers.lv\/wp-content\/uploads\/2017\/09\/altafoto-7649.jpg 1200w\" sizes=\"auto, (max-width: 1024px) 100vw, 1024px\" \/>\n","protected":false},"excerpt":{"rendered":"<p>Septyni\u0173 sal\u0173 e\u017eeras Bendras sal\u0173 plotas \u2013 428,00 ha.\u00a0 Visk\u016b\u017e\u0173 sala (did\u017eiausia Latvijos e\u017eer\u0173 sala, 309,2 ha) yra tarp L\u016b\u017enert\u0117s ir Baznicert\u0117s. Santykinis salos auk\u0161tis \u2013 10,5 m, auk\u0161\u010diausia dalis i\u0161kilusi 16\u201318 m vir\u0161 e\u017eero lygio.\u00a0 Jos ilgis \u2013 3 km, plotis \u2013 1,5 km, plotas \u2013 3,1 km2. Visai negyvenama jos vadinti negalima, nes [&hellip;]<\/p>\n","protected":false},"author":2,"featured_media":0,"parent":5216,"menu_order":0,"comment_status":"closed","ping_status":"closed","template":"","meta":{"_acf_changed":false,"footnotes":""},"class_list":["post-5295","page","type-page","status-publish","hentry"],"acf":[],"_links":{"self":[{"href":"https:\/\/www.usmasezers.lv\/lt\/wp-json\/wp\/v2\/pages\/5295","targetHints":{"allow":["GET"]}}],"collection":[{"href":"https:\/\/www.usmasezers.lv\/lt\/wp-json\/wp\/v2\/pages"}],"about":[{"href":"https:\/\/www.usmasezers.lv\/lt\/wp-json\/wp\/v2\/types\/page"}],"author":[{"embeddable":true,"href":"https:\/\/www.usmasezers.lv\/lt\/wp-json\/wp\/v2\/users\/2"}],"replies":[{"embeddable":true,"href":"https:\/\/www.usmasezers.lv\/lt\/wp-json\/wp\/v2\/comments?post=5295"}],"version-history":[{"count":5,"href":"https:\/\/www.usmasezers.lv\/lt\/wp-json\/wp\/v2\/pages\/5295\/revisions"}],"predecessor-version":[{"id":7228,"href":"https:\/\/www.usmasezers.lv\/lt\/wp-json\/wp\/v2\/pages\/5295\/revisions\/7228"}],"up":[{"embeddable":true,"href":"https:\/\/www.usmasezers.lv\/lt\/wp-json\/wp\/v2\/pages\/5216"}],"wp:attachment":[{"href":"https:\/\/www.usmasezers.lv\/lt\/wp-json\/wp\/v2\/media?parent=5295"}],"curies":[{"name":"wp","href":"https:\/\/api.w.org\/{rel}","templated":true}]}}