{"id":5216,"date":"2017-09-11T21:36:47","date_gmt":"2017-09-11T18:36:47","guid":{"rendered":"https:\/\/www.usmasezers.lv\/par-ezeru\/"},"modified":"2019-01-26T16:35:13","modified_gmt":"2019-01-26T14:35:13","slug":"apie-ezera","status":"publish","type":"page","link":"https:\/\/www.usmasezers.lv\/lt\/apie-ezera\/","title":{"rendered":"Apie e\u017eer\u0105"},"content":{"rendered":"<p><strong>Ar \u017einojai?<\/strong><br \/>\n\uf0b7 Usmos e\u017eeras susiformavo i\u0161 Baltijos\u00a0ledyninio e\u017eero \u012flankos prie\u0161 10\u00a0t\u016bkstan\u010di\u0173 met\u0173.<br \/>\n\uf0b7 Pagal plot\u0105 tai penktas pagal dyd\u012f e\u017eeras\u00a0Latvijoje, pagal vandens t\u016br\u012f \u2013 antras\u00a0pagal dyd\u012f.<br \/>\n\uf0b7 Plotas \u2013 37,2 km 2 , kartu su salomis \u2013 42km 2 . Ilgis \u2013 13,5 km. Did\u017eiausias plotis \u2013\u00a06 km. Vidutinis gylis \u2013 5,4 m. Did\u017eiausias\u00a0gylis \u2013 27 m. Kranto linijos ilgis \u2013 73,6\u00a0km. Vandens t\u016bris \u2013 190 mln. m 3 .<br \/>\n\uf0b7 Dokumentuose Usmos pavadinimas pirm\u0105\u00a0kart\u0105 pamin\u0117tas 1253 m. Kur\u017eem\u0117s\u00a0vyskupijos ir Livonijos ordino Kur\u017eem\u0117s\u00a0padalijimo akte.<br \/>\n\uf0b7 I\u0161 kur kilo Usmos pavadinimas? Visi\u0161kai\u00a0ai\u0161kaus atsakymo \u012f \u0161\u012f klausim\u0105 n\u0117ra.\u00a0Manoma, kad pavadinimas Usma kil\u0119s i\u0161\u00a0suomi\u0173 kalbos ir rei\u0161kia \u201er\u016bko \u017eem\u0119\u201c arba\u00a0i\u0161 lyvi\u0173 kalbos \u201euus maa\u201c \u2013 \u201enaujoji\u00a0\u017eem\u0117\u201c.<\/p>\n<p><strong>\u0160altinis<\/strong><br \/>\nBaznycert\u0117s rytin\u0117je pus\u0117je, Kapkrasnyje, yra\u00a0giliausias \u017einomas Latvijos \u0161altinis. 20 metr\u0173\u00a0gylio duburyje yra 7 m gylio ir ma\u017edaug 2 m\u00a0plo\u010dio piltuvas, suformuotas stipraus kylan\u010dio\u00a0\u0161altinio. \u0160io \u0161altinio versm\u0117 prasideda 6 m\u00a0\u017eemiau j\u016bros lygio. Kapkrasnis yra\u00a0kriptodepresija, nes jos dugnas yra \u017eemiau j\u016bros\u00a0lygio.<\/p>\n<p><strong>Up\u0117s<\/strong><br \/>\n\u012e Usmos e\u017eer\u0105 \u012fteka 10 upi\u0173: Me\u017eupyt\u0117 i\u0161\u00a0Tyruk\u0161\u0173 e\u017eero, Guodel\u0117, Melncelma, Me\u0137up\u0117 i\u0161\u00a0Me\u017emui\u017eos e\u017eero, Ser\u017ea, Uostup\u0117, Ba\u0146gava,\u00a0Struncen\u0117, Riekt\u0117 ir Kanup\u0117 i\u0161 Mordangos Kani\u0173\u00a0e\u017eero. I\u0161 Usmos e\u017eero i\u0161teka tik viena up\u0117 \u2013\u00a0Engur\u0117. Ji \u012fteka \u012f Puz\u0117s e\u017eer\u0105, i\u0161 jo i\u0161teka \u012f\u00a0Rindos up\u0119, kuri v\u0117liau susijungusi su Stend\u0117s\u00a0upe suformuoja Irb\u0119, \u012ftekan\u010di\u0105 \u012f Baltijos j\u016br\u0105.\u00a0\u012elankos ir ky\u0161uliai\u00a0Usmos gali pasigirti daugiau kaip 200\u00a0vietovard\u017ei\u0173. Usmos e\u017eero krantai itin vingiuoti\u00a0\u2013 \u010dia gausu \u012flank\u0173, u\u017eut\u0117ki\u0173, ky\u0161uli\u0173, seklum\u0173,\u00a0povandenini\u0173 daub\u0173 \u2013 ir visi jie turi savo\u00a0pavadinimus. Galima tik steb\u0117tis, kas sugalvojo\u00a0tokius \u012fdomius ir keistus \u012flank\u0173 ir ky\u0161uli\u0173\u00a0pavadinimus: Godeldanga, Berzragdanga,\u00a0Bukdanga, Dantinga, Kunkragas, Ragbr\u016b\u017eragas,\u00a0Di\u017egabalragas, Mekgalas, Pievdanga, Ple\u0161ragas irt. t. \u0160iaur\u0117s rytiniame Usmos e\u017eero krante\u00a0(ma\u017edaug per kilometr\u0105 nuo e\u017eero) 58 m vir\u0161\u00a0j\u016bros lygio st\u016bkso \u016adr\u0173 kalva. Ant kalvos<br \/>\npastatytas 26 m auk\u0161\u010dio ap\u017evalgos bok\u0161tas. I\u0161\u00a0ap\u017evalgos aik\u0161tel\u0117s atsiveria puikus Usmos e\u017eero,\u00a0sal\u0173 ir Usmos sl\u0117nio mi\u0161k\u0173 vaizdas.<\/p>\n<p><strong>Pauk\u0161\u010diai<\/strong><br \/>\nPauk\u0161\u010diai \u2013 erelis \u017euvininkas, didysis baublys,\u00a0j\u016brinis erelis, nendrin\u0117 ling\u0117, jerub\u0117, gerv\u0117,\u00a0didysis apuokas, \u017evirblin\u0117 pel\u0117da, pilkoji meleta,\u00a0juodoji meleta, ma\u017eoji musinuk\u0117, juodasis\u00a0gandras, baltasis gandras, gulb\u0117 giesminink\u0117,\u00a0dan\u010diasnapis, vapsva\u0117dis, didysis kiras,\u00a0gr\u0105\u017eiagalv\u0117, nendrinis \u017eiogelis, paprastoji\u00a0med\u0161ark\u0117.<\/p>\n<p><strong>Vandens augalai<\/strong><br \/>\nVandens augalai \u2013 nendr\u0117s, meldai, vik\u0161riai,\u00a0asi\u016bkliai, \u0161vendrai, pl\u016bd\u0117s, elod\u0117jos, nertys,\u00a0menturdumbliai, l\u016bgn\u0117s, slepi\u0161er\u0117s.\u00a0Vienintelis vidaus vanden\u0173 jacht\u0173 uostas<\/p>\n<p><strong>Latvijoje<\/strong><br \/>\nUsmas jachtklubas \u012fkurtas 1973 metais \u2013 tai\u00a0vienintelis vidaus vanden\u0173 jacht\u0173 uostas\u00a0Latvijoje. 1973 m. kovo 8 d. prad\u0117tas statyti\u00a0pirmasis klubo pastatas. Pirmasis klubo\u00a0komodoras \u2013 Ilmaras Lak\u0161as. Pirmosios klubo\u00a0flotil\u0117s jachtos \u2013 \u201eBambino\u201c ir \u201eFort\u016bna\u201c. 1974m. liepos 20 d. atidarytas pirmasis klubo pastatas\u00a0ir surengtos pirmosios Usmos buriavimo\u00a0var\u017eybos, kuriose dalyvavo 5 jachtos. 1974 m.<br \/>\nspal\u012f klubas persik\u0117l\u0117 \u012f pelk\u0117t\u0105 pusiasal\u012f\u00a0\u0161iauriniame e\u017eero krante. 1978 m. rugpj\u016bt\u012f jachta\u00a0\u201eNova\u201c \u012fveikia mar\u0161rut\u0105 Ventspilis-Ladoga-\u00a0Ventspilis. 1980 m. liepos 5 d. atidarytas\u00a0dabartinis klubo pastatas. 2001 m. i\u0161rinktas\u00a0naujasis komodoras \u2013 Stanislavas Backanas.\u00a02003 m. Usmos jachtklubas dalyvauja Latvijos<br \/>\nmikro klas\u0117s jacht\u0173 asociacijos steigime. 2005m. pirm\u0105 kart\u0105 Latvijos istorijoje surengiamas\u00a0mikro klas\u0117s jacht\u0173 pasaulio \u010dempionatas. \u0160iuo\u00a0metu klubas turi apie 150 nari\u0173. Uoste yra 55\u00a0jacht\u0173 stov\u0117jimo vietos.<\/p>\n","protected":false},"excerpt":{"rendered":"<p>Ar \u017einojai? \uf0b7 Usmos e\u017eeras susiformavo i\u0161 Baltijos\u00a0ledyninio e\u017eero \u012flankos prie\u0161 10\u00a0t\u016bkstan\u010di\u0173 met\u0173. \uf0b7 Pagal plot\u0105 tai penktas pagal dyd\u012f e\u017eeras\u00a0Latvijoje, pagal vandens t\u016br\u012f \u2013 antras\u00a0pagal dyd\u012f. \uf0b7 Plotas \u2013 37,2 km 2 , kartu su salomis \u2013 42km 2 . Ilgis \u2013 13,5 km. Did\u017eiausias plotis \u2013\u00a06 km. Vidutinis gylis \u2013 5,4 m. Did\u017eiausias\u00a0gylis [&hellip;]<\/p>\n","protected":false},"author":2,"featured_media":0,"parent":0,"menu_order":0,"comment_status":"closed","ping_status":"closed","template":"","meta":{"_acf_changed":false,"footnotes":""},"class_list":["post-5216","page","type-page","status-publish","hentry"],"acf":[],"_links":{"self":[{"href":"https:\/\/www.usmasezers.lv\/lt\/wp-json\/wp\/v2\/pages\/5216","targetHints":{"allow":["GET"]}}],"collection":[{"href":"https:\/\/www.usmasezers.lv\/lt\/wp-json\/wp\/v2\/pages"}],"about":[{"href":"https:\/\/www.usmasezers.lv\/lt\/wp-json\/wp\/v2\/types\/page"}],"author":[{"embeddable":true,"href":"https:\/\/www.usmasezers.lv\/lt\/wp-json\/wp\/v2\/users\/2"}],"replies":[{"embeddable":true,"href":"https:\/\/www.usmasezers.lv\/lt\/wp-json\/wp\/v2\/comments?post=5216"}],"version-history":[{"count":8,"href":"https:\/\/www.usmasezers.lv\/lt\/wp-json\/wp\/v2\/pages\/5216\/revisions"}],"predecessor-version":[{"id":6294,"href":"https:\/\/www.usmasezers.lv\/lt\/wp-json\/wp\/v2\/pages\/5216\/revisions\/6294"}],"wp:attachment":[{"href":"https:\/\/www.usmasezers.lv\/lt\/wp-json\/wp\/v2\/media?parent=5216"}],"curies":[{"name":"wp","href":"https:\/\/api.w.org\/{rel}","templated":true}]}}