{"id":5677,"date":"2017-09-15T10:49:18","date_gmt":"2017-09-15T07:49:18","guid":{"rendered":"https:\/\/www.usmasezers.lv\/atputa\/aktivitates\/"},"modified":"2019-01-25T15:22:37","modified_gmt":"2019-01-25T13:22:37","slug":"tegevused","status":"publish","type":"page","link":"https:\/\/www.usmasezers.lv\/et\/atputa\/tegevused\/","title":{"rendered":"Tegevused"},"content":{"rendered":"<h2>L\u00f5bus\u00f5it jahiga Arabella<\/h2>\n<p>K\u00e4mping USMAS SPA pakub l\u00f5bus\u00f5ite jahiga Arabella kuni Moricsala saareni ja tagasi.<\/p>\n<img loading=\"lazy\" decoding=\"async\" class=\"aligncenter wp-image-457 size-large\" src=\"https:\/\/www.usmasezers.lv\/wp-content\/uploads\/2017\/09\/13247720_1594131940878551_3250810142936442959_o-1-1024x768.jpg\" alt=\"\" width=\"1024\" height=\"768\" srcset=\"https:\/\/www.usmasezers.lv\/wp-content\/uploads\/2017\/09\/13247720_1594131940878551_3250810142936442959_o-1-1024x768.jpg 1024w, https:\/\/www.usmasezers.lv\/wp-content\/uploads\/2017\/09\/13247720_1594131940878551_3250810142936442959_o-1-300x225.jpg 300w, https:\/\/www.usmasezers.lv\/wp-content\/uploads\/2017\/09\/13247720_1594131940878551_3250810142936442959_o-1-768x576.jpg 768w, https:\/\/www.usmasezers.lv\/wp-content\/uploads\/2017\/09\/13247720_1594131940878551_3250810142936442959_o-1-800x600.jpg 800w, https:\/\/www.usmasezers.lv\/wp-content\/uploads\/2017\/09\/13247720_1594131940878551_3250810142936442959_o-1.jpg 2048w\" sizes=\"auto, (max-width: 1024px) 100vw, 1024px\" \/>\n<h2>L\u00f5bus\u00f5it laevaga Gr\u0101fs Morics<\/h2>\n<h2><\/h2>\n<img loading=\"lazy\" decoding=\"async\" class=\"alignnone wp-image-3301\" src=\"https:\/\/www.usmasezers.lv\/wp-content\/uploads\/2018\/06\/Kugisa-Gra\u0304fs-Morics-izcen_Jahtklubs_2018-226x300.jpg\" alt=\"\" width=\"472\" height=\"627\" srcset=\"https:\/\/www.usmasezers.lv\/wp-content\/uploads\/2018\/06\/Kugisa-Gra\u0304fs-Morics-izcen_Jahtklubs_2018-226x300.jpg 226w, https:\/\/www.usmasezers.lv\/wp-content\/uploads\/2018\/06\/Kugisa-Gra\u0304fs-Morics-izcen_Jahtklubs_2018-768x1019.jpg 768w, https:\/\/www.usmasezers.lv\/wp-content\/uploads\/2018\/06\/Kugisa-Gra\u0304fs-Morics-izcen_Jahtklubs_2018-771x1024.jpg 771w, https:\/\/www.usmasezers.lv\/wp-content\/uploads\/2018\/06\/Kugisa-Gra\u0304fs-Morics-izcen_Jahtklubs_2018-800x1062.jpg 800w, https:\/\/www.usmasezers.lv\/wp-content\/uploads\/2018\/06\/Kugisa-Gra\u0304fs-Morics-izcen_Jahtklubs_2018.jpg 1656w\" sizes=\"auto, (max-width: 472px) 100vw, 472px\" \/>\n<h2>L\u00f5bus\u00f5it 10-kohalise mootorpaadiga.<\/h2>\n<p>K\u00e4mping Bukdangas pakub s\u00f5ite 10-kohalise mootorpaadiga. S\u00f5it v\u00f5imaldab ekskursiooni giidi saatel Usma ja T\u012bruk\u0161u j\u00e4rvel.<\/p>\n<img loading=\"lazy\" decoding=\"async\" class=\"alignnone wp-image-1116\" src=\"https:\/\/www.usmasezers.lv\/wp-content\/uploads\/2017\/10\/IMG_9644-300x225.jpg\" alt=\"\" width=\"755\" height=\"566\" srcset=\"https:\/\/www.usmasezers.lv\/wp-content\/uploads\/2017\/10\/IMG_9644-300x225.jpg 300w, https:\/\/www.usmasezers.lv\/wp-content\/uploads\/2017\/10\/IMG_9644-768x576.jpg 768w, https:\/\/www.usmasezers.lv\/wp-content\/uploads\/2017\/10\/IMG_9644.jpg 1024w, https:\/\/www.usmasezers.lv\/wp-content\/uploads\/2017\/10\/IMG_9644-800x600.jpg 800w\" sizes=\"auto, (max-width: 755px) 100vw, 755px\" \/><img loading=\"lazy\" decoding=\"async\" class=\"aligncenter wp-image-1012 size-large\" src=\"https:\/\/www.usmasezers.lv\/wp-content\/uploads\/2017\/10\/IMG_8588-1024x768.jpg\" alt=\"\" width=\"1024\" height=\"768\" srcset=\"https:\/\/www.usmasezers.lv\/wp-content\/uploads\/2017\/10\/IMG_8588-1024x768.jpg 1024w, https:\/\/www.usmasezers.lv\/wp-content\/uploads\/2017\/10\/IMG_8588-300x225.jpg 300w, https:\/\/www.usmasezers.lv\/wp-content\/uploads\/2017\/10\/IMG_8588-768x576.jpg 768w, https:\/\/www.usmasezers.lv\/wp-content\/uploads\/2017\/10\/IMG_8588-800x600.jpg 800w\" sizes=\"auto, (max-width: 1024px) 100vw, 1024px\" \/>\n<p><strong>Ratsutamine k\u00e4mpingus Z\u0101gkalni<\/strong><\/p>\n<p>K\u00e4mping Z\u0101gkalni pakub ratsutamist nii metsaradadel kui ka j\u00e4rve \u00e4\u00e4res ning samuti saab \u00f5ppida ratsutamist aedikus. Regulaarsed treeningud algajatele.\u00a0 Julgelt v\u00f5ite tulla ka oma hobusega ja j\u00e4\u00e4da meie juurde puhkemajadesse. Tagame teie hobusele boksi ja toitmise.<\/p>\n<img loading=\"lazy\" decoding=\"async\" class=\"aligncenter wp-image-713 size-full\" src=\"https:\/\/dev.creativefactory.lv\/usmasezers_lv\/wp-content\/uploads\/2017\/09\/jasanas-sacensibas-kuldigas-novads-zagkalni-e1507459291261.jpg\" alt=\"\" width=\"459\" height=\"359\" srcset=\"https:\/\/www.usmasezers.lv\/wp-content\/uploads\/2017\/09\/jasanas-sacensibas-kuldigas-novads-zagkalni-e1507459291261.jpg 459w, https:\/\/www.usmasezers.lv\/wp-content\/uploads\/2017\/09\/jasanas-sacensibas-kuldigas-novads-zagkalni-e1507459291261-300x235.jpg 300w\" sizes=\"auto, (max-width: 459px) 100vw, 459px\" \/>\n<p><strong>K\u00f6ierada Gode\u013cpols<\/strong><\/p>\n<p><strong>K\u00f6ierada Gode\u013cpols<\/strong>\u00a0on paigaldatud puudele ja maa peale ning pakub aktiivset puhkust nii suurtele kui ka v\u00e4ikestele.<\/p>\n<img loading=\"lazy\" decoding=\"async\" class=\"wp-image-1624 alignleft\" src=\"https:\/\/www.usmasezers.lv\/wp-content\/uploads\/2017\/09\/TalsuTIC_godeli_virvju_trase_5-xl-1-300x200.png\" alt=\"\" width=\"478\" height=\"319\" srcset=\"https:\/\/www.usmasezers.lv\/wp-content\/uploads\/2017\/09\/TalsuTIC_godeli_virvju_trase_5-xl-1-300x200.png 300w, https:\/\/www.usmasezers.lv\/wp-content\/uploads\/2017\/09\/TalsuTIC_godeli_virvju_trase_5-xl-1-768x512.png 768w, https:\/\/www.usmasezers.lv\/wp-content\/uploads\/2017\/09\/TalsuTIC_godeli_virvju_trase_5-xl-1-800x533.png 800w, https:\/\/www.usmasezers.lv\/wp-content\/uploads\/2017\/09\/TalsuTIC_godeli_virvju_trase_5-xl-1.png 840w\" sizes=\"auto, (max-width: 478px) 100vw, 478px\" \/><img loading=\"lazy\" decoding=\"async\" class=\"wp-image-718 alignright\" src=\"https:\/\/www.usmasezers.lv\/wp-content\/uploads\/2017\/10\/TalsuTIC_godeli_virvju_trase_4-xl.png\" alt=\"\" width=\"470\" height=\"313\" srcset=\"https:\/\/www.usmasezers.lv\/wp-content\/uploads\/2017\/10\/TalsuTIC_godeli_virvju_trase_4-xl.png 840w, https:\/\/www.usmasezers.lv\/wp-content\/uploads\/2017\/10\/TalsuTIC_godeli_virvju_trase_4-xl-300x200.png 300w, https:\/\/www.usmasezers.lv\/wp-content\/uploads\/2017\/10\/TalsuTIC_godeli_virvju_trase_4-xl-768x512.png 768w, https:\/\/www.usmasezers.lv\/wp-content\/uploads\/2017\/10\/TalsuTIC_godeli_virvju_trase_4-xl-800x533.png 800w\" sizes=\"auto, (max-width: 470px) 100vw, 470px\" \/>\n","protected":false},"excerpt":{"rendered":"<p>L\u00f5bus\u00f5it jahiga Arabella K\u00e4mping USMAS SPA pakub l\u00f5bus\u00f5ite jahiga Arabella kuni Moricsala saareni ja tagasi. L\u00f5bus\u00f5it laevaga Gr\u0101fs Morics L\u00f5bus\u00f5it 10-kohalise mootorpaadiga. K\u00e4mping Bukdangas pakub s\u00f5ite 10-kohalise mootorpaadiga. S\u00f5it v\u00f5imaldab ekskursiooni giidi saatel Usma ja T\u012bruk\u0161u j\u00e4rvel. Ratsutamine k\u00e4mpingus Z\u0101gkalni K\u00e4mping Z\u0101gkalni pakub ratsutamist nii metsaradadel kui ka j\u00e4rve \u00e4\u00e4res ning samuti saab \u00f5ppida ratsutamist [&hellip;]<\/p>\n","protected":false},"author":2,"featured_media":0,"parent":5666,"menu_order":30,"comment_status":"closed","ping_status":"closed","template":"","meta":{"_acf_changed":false,"footnotes":""},"class_list":["post-5677","page","type-page","status-publish","hentry"],"acf":[],"_links":{"self":[{"href":"https:\/\/www.usmasezers.lv\/et\/wp-json\/wp\/v2\/pages\/5677","targetHints":{"allow":["GET"]}}],"collection":[{"href":"https:\/\/www.usmasezers.lv\/et\/wp-json\/wp\/v2\/pages"}],"about":[{"href":"https:\/\/www.usmasezers.lv\/et\/wp-json\/wp\/v2\/types\/page"}],"author":[{"embeddable":true,"href":"https:\/\/www.usmasezers.lv\/et\/wp-json\/wp\/v2\/users\/2"}],"replies":[{"embeddable":true,"href":"https:\/\/www.usmasezers.lv\/et\/wp-json\/wp\/v2\/comments?post=5677"}],"version-history":[{"count":3,"href":"https:\/\/www.usmasezers.lv\/et\/wp-json\/wp\/v2\/pages\/5677\/revisions"}],"predecessor-version":[{"id":6147,"href":"https:\/\/www.usmasezers.lv\/et\/wp-json\/wp\/v2\/pages\/5677\/revisions\/6147"}],"up":[{"embeddable":true,"href":"https:\/\/www.usmasezers.lv\/et\/wp-json\/wp\/v2\/pages\/5666"}],"wp:attachment":[{"href":"https:\/\/www.usmasezers.lv\/et\/wp-json\/wp\/v2\/media?parent=5677"}],"curies":[{"name":"wp","href":"https:\/\/api.w.org\/{rel}","templated":true}]}}