{"id":5673,"date":"2017-09-15T10:49:40","date_gmt":"2017-09-15T07:49:40","guid":{"rendered":"https:\/\/www.usmasezers.lv\/atputa\/apskates-objekti\/"},"modified":"2019-01-25T15:19:48","modified_gmt":"2019-01-25T13:19:48","slug":"vaatamisvaarsused","status":"publish","type":"page","link":"https:\/\/www.usmasezers.lv\/et\/atputa\/vaatamisvaarsused\/","title":{"rendered":"Vaatamisv\u00e4\u00e4rsused"},"content":{"rendered":"<img loading=\"lazy\" decoding=\"async\" class=\" wp-image-302 alignright\" src=\"https:\/\/www.usmasezers.lv\/wp-content\/uploads\/2017\/09\/Usmas_baznica2-300x199.jpg\" alt=\"\" width=\"400\" height=\"265\" srcset=\"https:\/\/www.usmasezers.lv\/wp-content\/uploads\/2017\/09\/Usmas_baznica2-300x199.jpg 300w, https:\/\/www.usmasezers.lv\/wp-content\/uploads\/2017\/09\/Usmas_baznica2.jpg 450w\" sizes=\"auto, (max-width: 400px) 100vw, 400px\" \/>\n<p>Usma <strong>P\u00fcha Peetri kirik<\/strong> \u00fchendab puitehituse traditsioonid vana p\u00fchamu siluetiga. T\u00e4nap\u00e4eval on see kirik kaitse all ja seda peetakse eelmise sajandi 30ndate aastate L\u00e4ti arhitektuuri ja Kuramaa puitarhitektuuri p\u00e4rliks.<\/p>\n<p>&nbsp;<\/p>\n<p style=\"text-align: center;\"><img loading=\"lazy\" decoding=\"async\" class=\" wp-image-1251 alignleft\" src=\"https:\/\/www.usmasezers.lv\/wp-content\/uploads\/2017\/09\/19983272_676866962502056_2544178362494234485_o-300x300.jpg\" alt=\"\" width=\"338\" height=\"338\" srcset=\"https:\/\/www.usmasezers.lv\/wp-content\/uploads\/2017\/09\/19983272_676866962502056_2544178362494234485_o-300x300.jpg 300w, https:\/\/www.usmasezers.lv\/wp-content\/uploads\/2017\/09\/19983272_676866962502056_2544178362494234485_o-80x80.jpg 80w, https:\/\/www.usmasezers.lv\/wp-content\/uploads\/2017\/09\/19983272_676866962502056_2544178362494234485_o-768x768.jpg 768w, https:\/\/www.usmasezers.lv\/wp-content\/uploads\/2017\/09\/19983272_676866962502056_2544178362494234485_o-1024x1024.jpg 1024w, https:\/\/www.usmasezers.lv\/wp-content\/uploads\/2017\/09\/19983272_676866962502056_2544178362494234485_o-800x800.jpg 800w, https:\/\/www.usmasezers.lv\/wp-content\/uploads\/2017\/09\/19983272_676866962502056_2544178362494234485_o.jpg 1365w\" sizes=\"auto, (max-width: 338px) 100vw, 338px\" \/><\/p>\n<p>&nbsp;<\/p>\n<p>&nbsp;<\/p>\n<p>&nbsp;<\/p>\n<p>&nbsp;<\/p>\n<p>&nbsp;<\/p>\n<p>Usma <strong>Kristuse nurgakivi kirik<\/strong> on uusim Usma kirik.<\/p>\n<p>&nbsp;<\/p>\n<p>&nbsp;<\/p>\n<p>&nbsp;<\/p>\n<p>&nbsp;<\/p>\n<p>&nbsp;<\/p>\n<p>Usma vanim kirik on ehitatud 1704. aastal endise Kuld\u012bga maakonna Renda valla Usma j\u00e4rve idakaldal (praegune Kuld\u012bga piirkond) Hoone on vaba\u00f5humuuseumisse p\u00fcstitatud 1935. aastal.<\/p>\n<img loading=\"lazy\" decoding=\"async\" class=\" wp-image-1381 alignleft\" src=\"https:\/\/www.usmasezers.lv\/wp-content\/uploads\/2017\/09\/download-10.jpeg\" alt=\"\" width=\"301\" height=\"200\" \/><img loading=\"lazy\" decoding=\"async\" class=\" wp-image-1378 alignright\" src=\"https:\/\/www.usmasezers.lv\/wp-content\/uploads\/2017\/09\/download-11.jpeg\" alt=\"\" width=\"301\" height=\"200\" \/>\n<p>&nbsp;<\/p>\n<p>&nbsp;<\/p>\n<p>&nbsp;<\/p>\n<p>&nbsp;<\/p>\n<p>&nbsp;<\/p>\n<p>&nbsp;<\/p>\n<p>V\u00f5rdlemisi hiljuti ehitatud 26 m k\u00f5rgune<strong> puutorn<\/strong> asub \u016adru m\u00e4el (58 m \u00fcle merepinna) Usma j\u00e4rve kirdekaldal (v\u00e4hem kui km j\u00e4rvest). Torni vaateplatvormilt n\u00e4eb suurep\u00e4raselt Usma j\u00e4rve, selle saari ja Usma lohu suuri metsamassiive.<\/p>\n<img loading=\"lazy\" decoding=\"async\" class=\"wp-image-322 alignright\" src=\"https:\/\/www.usmasezers.lv\/wp-content\/uploads\/2017\/09\/kikerkalna_sktt_170613-300x225.jpg\" alt=\"\" width=\"376\" height=\"282\" srcset=\"https:\/\/www.usmasezers.lv\/wp-content\/uploads\/2017\/09\/kikerkalna_sktt_170613-300x225.jpg 300w, https:\/\/www.usmasezers.lv\/wp-content\/uploads\/2017\/09\/kikerkalna_sktt_170613-768x576.jpg 768w, https:\/\/www.usmasezers.lv\/wp-content\/uploads\/2017\/09\/kikerkalna_sktt_170613-800x600.jpg 800w, https:\/\/www.usmasezers.lv\/wp-content\/uploads\/2017\/09\/kikerkalna_sktt_170613.jpg 900w\" sizes=\"auto, (max-width: 376px) 100vw, 376px\" \/><img loading=\"lazy\" decoding=\"async\" class=\"size-medium wp-image-1639 alignnone\" src=\"https:\/\/www.usmasezers.lv\/wp-content\/uploads\/2017\/09\/DSC03271-225x300.jpg\" alt=\"\" width=\"225\" height=\"300\" srcset=\"https:\/\/www.usmasezers.lv\/wp-content\/uploads\/2017\/09\/DSC03271-225x300.jpg 225w, https:\/\/www.usmasezers.lv\/wp-content\/uploads\/2017\/09\/DSC03271.jpg 300w\" sizes=\"auto, (max-width: 225px) 100vw, 225px\" \/>\n<p>L\u00e4ti <strong>suurim j\u00e4rvesaar<\/strong>, mis asub Usma j\u00e4rve keskosas. Territoorium on loodud saarel kasvavate vanade m\u00e4nnikute, taimede ja lindude kaitseks. Parim viis, kuidas saart imetleda, on teha seda paadist, s\u00f5ites Usma j\u00e4rvel.<\/p>\n<img loading=\"lazy\" decoding=\"async\" class=\"aligncenter wp-image-238 \" src=\"https:\/\/www.usmasezers.lv\/wp-content\/uploads\/2017\/09\/altafoto-29-1-1024x575.jpg\" alt=\"\" width=\"750\" height=\"421\" srcset=\"https:\/\/www.usmasezers.lv\/wp-content\/uploads\/2017\/09\/altafoto-29-1-1024x575.jpg 1024w, https:\/\/www.usmasezers.lv\/wp-content\/uploads\/2017\/09\/altafoto-29-1-300x169.jpg 300w, https:\/\/www.usmasezers.lv\/wp-content\/uploads\/2017\/09\/altafoto-29-1-768x431.jpg 768w, https:\/\/www.usmasezers.lv\/wp-content\/uploads\/2017\/09\/altafoto-29-1-800x449.jpg 800w, https:\/\/www.usmasezers.lv\/wp-content\/uploads\/2017\/09\/altafoto-29-1.jpg 1200w\" sizes=\"auto, (max-width: 750px) 100vw, 750px\" \/>\n<p><strong>Usma Elku p\u00e4rn <\/strong>on p\u00fcha p\u00e4rn, millel lugude j\u00e4rgi olevat olnud \u00fcheksa v\u00f5ra. T\u00e4nap\u00e4eval on rohelised ainult kaks v\u00f5ra. \u00dchel v\u00f5radest on hiidpuu staatus, selle \u00fcmberm\u00f5\u00f5t on 4,2 m.<\/p>\n<img loading=\"lazy\" decoding=\"async\" class=\"aligncenter wp-image-331 size-large\" src=\"https:\/\/www.usmasezers.lv\/wp-content\/uploads\/2017\/09\/usmas-elku-liepa-1-1024x683.jpg\" alt=\"\" width=\"1024\" height=\"683\" srcset=\"https:\/\/www.usmasezers.lv\/wp-content\/uploads\/2017\/09\/usmas-elku-liepa-1-1024x683.jpg 1024w, https:\/\/www.usmasezers.lv\/wp-content\/uploads\/2017\/09\/usmas-elku-liepa-1-300x200.jpg 300w, https:\/\/www.usmasezers.lv\/wp-content\/uploads\/2017\/09\/usmas-elku-liepa-1-768x512.jpg 768w, https:\/\/www.usmasezers.lv\/wp-content\/uploads\/2017\/09\/usmas-elku-liepa-1-800x533.jpg 800w\" sizes=\"auto, (max-width: 1024px) 100vw, 1024px\" \/>\n<p><strong>Moricsala looduskaitseala ja ekspositsioon.<\/strong> Kaitseala on loodud 1912. aastal. Saar on oma nime saanud Kuramaa hertsogiriigi eksisteerimise l\u00f5ppj\u00e4rgus, mil 1727. aastal end Vene v\u00e4gede eest peites viibis seal Saksimaa krahv Moritz. Kaitseala ei tohi k\u00fclastada, kuid seda on v\u00f5imalik vaadata, s\u00f5ites paadiga. Usma Kristlikus rahvakoolis saab tutvuda Moricsala kaitseala ekspositsiooniga. Aadress: Vec\u0101 skola, Usma; tel +371\u00a06363 0512.<\/p>\n<img loading=\"lazy\" decoding=\"async\" class=\"aligncenter wp-image-240 size-large\" src=\"https:\/\/www.usmasezers.lv\/wp-content\/uploads\/2017\/09\/altafoto-22-1-1024x575.jpg\" alt=\"\" width=\"1024\" height=\"575\" srcset=\"https:\/\/www.usmasezers.lv\/wp-content\/uploads\/2017\/09\/altafoto-22-1-1024x575.jpg 1024w, https:\/\/www.usmasezers.lv\/wp-content\/uploads\/2017\/09\/altafoto-22-1-300x169.jpg 300w, https:\/\/www.usmasezers.lv\/wp-content\/uploads\/2017\/09\/altafoto-22-1-768x431.jpg 768w, https:\/\/www.usmasezers.lv\/wp-content\/uploads\/2017\/09\/altafoto-22-1-800x449.jpg 800w, https:\/\/www.usmasezers.lv\/wp-content\/uploads\/2017\/09\/altafoto-22-1.jpg 1200w\" sizes=\"auto, (max-width: 1024px) 100vw, 1024px\" \/>\n<img loading=\"lazy\" decoding=\"async\" class=\"wp-image-368 alignleft\" src=\"https:\/\/www.usmasezers.lv\/wp-content\/uploads\/2017\/09\/allu_priede_170613-212x300.jpg\" alt=\"\" width=\"247\" height=\"349\" srcset=\"https:\/\/www.usmasezers.lv\/wp-content\/uploads\/2017\/09\/allu_priede_170613-212x300.jpg 212w, https:\/\/www.usmasezers.lv\/wp-content\/uploads\/2017\/09\/allu_priede_170613.jpg 637w\" sizes=\"auto, (max-width: 247px) 100vw, 247px\" \/>\n<p>&nbsp;<\/p>\n<p>&nbsp;<\/p>\n<p><strong>A\u013c\u013cu m\u00e4nd<\/strong> asub Stende j\u00f5e vasakpoolsel kaldal. \u00dcmberm\u00f5\u00f5t: 4,2 m, k\u00f5rgus: 24 m.<\/p>\n<p>&nbsp;<\/p>\n","protected":false},"excerpt":{"rendered":"<p>Usma P\u00fcha Peetri kirik \u00fchendab puitehituse traditsioonid vana p\u00fchamu siluetiga. T\u00e4nap\u00e4eval on see kirik kaitse all ja seda peetakse eelmise sajandi 30ndate aastate L\u00e4ti arhitektuuri ja Kuramaa puitarhitektuuri p\u00e4rliks. &nbsp; &nbsp; &nbsp; &nbsp; &nbsp; &nbsp; Usma Kristuse nurgakivi kirik on uusim Usma kirik. &nbsp; &nbsp; &nbsp; &nbsp; &nbsp; Usma vanim kirik on ehitatud 1704. aastal [&hellip;]<\/p>\n","protected":false},"author":2,"featured_media":0,"parent":5666,"menu_order":40,"comment_status":"closed","ping_status":"closed","template":"","meta":{"_acf_changed":false,"footnotes":""},"class_list":["post-5673","page","type-page","status-publish","hentry"],"acf":[],"_links":{"self":[{"href":"https:\/\/www.usmasezers.lv\/et\/wp-json\/wp\/v2\/pages\/5673","targetHints":{"allow":["GET"]}}],"collection":[{"href":"https:\/\/www.usmasezers.lv\/et\/wp-json\/wp\/v2\/pages"}],"about":[{"href":"https:\/\/www.usmasezers.lv\/et\/wp-json\/wp\/v2\/types\/page"}],"author":[{"embeddable":true,"href":"https:\/\/www.usmasezers.lv\/et\/wp-json\/wp\/v2\/users\/2"}],"replies":[{"embeddable":true,"href":"https:\/\/www.usmasezers.lv\/et\/wp-json\/wp\/v2\/comments?post=5673"}],"version-history":[{"count":3,"href":"https:\/\/www.usmasezers.lv\/et\/wp-json\/wp\/v2\/pages\/5673\/revisions"}],"predecessor-version":[{"id":6145,"href":"https:\/\/www.usmasezers.lv\/et\/wp-json\/wp\/v2\/pages\/5673\/revisions\/6145"}],"up":[{"embeddable":true,"href":"https:\/\/www.usmasezers.lv\/et\/wp-json\/wp\/v2\/pages\/5666"}],"wp:attachment":[{"href":"https:\/\/www.usmasezers.lv\/et\/wp-json\/wp\/v2\/media?parent=5673"}],"curies":[{"name":"wp","href":"https:\/\/api.w.org\/{rel}","templated":true}]}}