{"id":5668,"date":"2017-09-15T10:48:27","date_gmt":"2017-09-15T07:48:27","guid":{"rendered":"https:\/\/www.usmasezers.lv\/atputa\/naktsmitnes\/"},"modified":"2019-01-26T17:56:45","modified_gmt":"2019-01-26T15:56:45","slug":"oobimiskohad","status":"publish","type":"page","link":"https:\/\/www.usmasezers.lv\/et\/atputa\/oobimiskohad\/","title":{"rendered":"\u00d6\u00f6bimiskohad"},"content":{"rendered":"<p><strong>Kempings &#8220;Strazdi\u0146i\u2019\u2019\u00a0<\/strong>\u00a0 \u00a0 \u00a0 29382880<\/p>\n<p><strong>Kempings\u2019\u2019USMA SPA\u2019\u2019<\/strong>\u00a0\u00a0\u00a0 26334500\u00a0\u00a0\u00a0\u00a0 <a href=\"http:\/\/www.usma.lv\/\">www.usma.lv<\/a><\/p>\n<p><strong>Kempings\u2019\u2019Gode\u013ci\u2019\u2019\u00a0<\/strong>\u00a0 \u00a0 \u00a0 \u00a0 \u00a0 \u00a0 \u00a029289349\u00a0\u00a0\u00a0\u00a0 <a href=\"http:\/\/www.godelpols.lv\/\">www.godelpols.lv<\/a><\/p>\n<p><strong>Kempings\u2019\u2019Mui\u017enieki\u2019\u2019<\/strong>\u00a0 \u00a0 \u00a0 \u00a022001442<\/p>\n<p><strong>Kempings\u2019\u2019Di\u017e\u0101pas\u2019\u2019<\/strong>\u00a0 \u00a0 \u00a0 \u00a0 \u00a0 \u00a026396247<\/p>\n<p><strong>Kempings\u2019\u2019Bukdangas\u2019\u2019\u00a0<\/strong>\u00a0\u00a0 29256487\u00a0\u00a0\u00a0\u00a0 <a href=\"http:\/\/www.bukdangas.lv\/\">www.bukdangas.lv<\/a><\/p>\n<p><strong>Kempings\u2019\u2019Z\u0101\u0123kalni\u2019\u2019\u00a0<\/strong>\u00a0 \u00a0 \u00a0 \u00a0 29195412<\/p>\n<p><strong>Kempings\u2019\u2019Usmas me\u0137i\u2019\u2019<\/strong>\u00a0\u00a0\u00a0 29166276<\/p>\n<p><strong>Kempings\u2019\u2019Lejastiezumi\u2019\u2019<\/strong>\u00a0\u00a0\u00a0 26375579\u00a0\u00a0\u00a0\u00a0 <a href=\"http:\/\/www.usmaslejastiezumi.lv\/\">www.usmaslejastiezumi.lv<\/a><\/p>\n<p><strong>Atp\u016btas b\u0101ze\u2019\u2019Usma\u2019\u2019<\/strong>\u00a0 \u00a0 \u00a0 \u00a0 \u00a029457419<\/p>\n<p><strong>Kempings\u2019\u2019Gr\u0101veri\u2019\u2019<\/strong>\u00a0 \u00a0 \u00a0 \u00a0 \u00a0 29288407<\/p>\n<p><strong>Usmas Krist\u012bg\u0101 skola<\/strong>\u00a0 \u00a0 \u00a0 \u00a0 26463444<\/p>\n<p><strong>Kempings &#8220;Upeskalni&#8221;<\/strong>\u00a0 \u00a0 29286489<\/p>\n<p>&nbsp;<\/p>\n<p>&nbsp;<\/p>\n","protected":false},"excerpt":{"rendered":"<p>Kempings &#8220;Strazdi\u0146i\u2019\u2019\u00a0\u00a0 \u00a0 \u00a0 29382880 Kempings\u2019\u2019USMA SPA\u2019\u2019\u00a0\u00a0\u00a0 26334500\u00a0\u00a0\u00a0\u00a0 www.usma.lv Kempings\u2019\u2019Gode\u013ci\u2019\u2019\u00a0\u00a0 \u00a0 \u00a0 \u00a0 \u00a0 \u00a0 \u00a029289349\u00a0\u00a0\u00a0\u00a0 www.godelpols.lv Kempings\u2019\u2019Mui\u017enieki\u2019\u2019\u00a0 \u00a0 \u00a0 \u00a022001442 Kempings\u2019\u2019Di\u017e\u0101pas\u2019\u2019\u00a0 \u00a0 \u00a0 \u00a0 \u00a0 \u00a026396247 Kempings\u2019\u2019Bukdangas\u2019\u2019\u00a0\u00a0\u00a0 29256487\u00a0\u00a0\u00a0\u00a0 www.bukdangas.lv Kempings\u2019\u2019Z\u0101\u0123kalni\u2019\u2019\u00a0\u00a0 \u00a0 \u00a0 \u00a0 29195412 Kempings\u2019\u2019Usmas me\u0137i\u2019\u2019\u00a0\u00a0\u00a0 29166276 Kempings\u2019\u2019Lejastiezumi\u2019\u2019\u00a0\u00a0\u00a0 26375579\u00a0\u00a0\u00a0\u00a0 www.usmaslejastiezumi.lv Atp\u016btas b\u0101ze\u2019\u2019Usma\u2019\u2019\u00a0 \u00a0 \u00a0 \u00a0 \u00a029457419 Kempings\u2019\u2019Gr\u0101veri\u2019\u2019\u00a0 \u00a0 \u00a0 \u00a0 \u00a0 29288407 Usmas Krist\u012bg\u0101 [&hellip;]<\/p>\n","protected":false},"author":2,"featured_media":0,"parent":5666,"menu_order":10,"comment_status":"closed","ping_status":"closed","template":"page-guest-houses.php","meta":{"_acf_changed":false,"footnotes":""},"class_list":["post-5668","page","type-page","status-publish","hentry"],"acf":[],"_links":{"self":[{"href":"https:\/\/www.usmasezers.lv\/et\/wp-json\/wp\/v2\/pages\/5668","targetHints":{"allow":["GET"]}}],"collection":[{"href":"https:\/\/www.usmasezers.lv\/et\/wp-json\/wp\/v2\/pages"}],"about":[{"href":"https:\/\/www.usmasezers.lv\/et\/wp-json\/wp\/v2\/types\/page"}],"author":[{"embeddable":true,"href":"https:\/\/www.usmasezers.lv\/et\/wp-json\/wp\/v2\/users\/2"}],"replies":[{"embeddable":true,"href":"https:\/\/www.usmasezers.lv\/et\/wp-json\/wp\/v2\/comments?post=5668"}],"version-history":[{"count":2,"href":"https:\/\/www.usmasezers.lv\/et\/wp-json\/wp\/v2\/pages\/5668\/revisions"}],"predecessor-version":[{"id":6300,"href":"https:\/\/www.usmasezers.lv\/et\/wp-json\/wp\/v2\/pages\/5668\/revisions\/6300"}],"up":[{"embeddable":true,"href":"https:\/\/www.usmasezers.lv\/et\/wp-json\/wp\/v2\/pages\/5666"}],"wp:attachment":[{"href":"https:\/\/www.usmasezers.lv\/et\/wp-json\/wp\/v2\/media?parent=5668"}],"curies":[{"name":"wp","href":"https:\/\/api.w.org\/{rel}","templated":true}]}}