{"id":5644,"date":"2017-09-15T15:53:39","date_gmt":"2017-09-15T12:53:39","guid":{"rendered":"https:\/\/www.usmasezers.lv\/uhingust\/projekti\/"},"modified":"2020-01-02T20:12:13","modified_gmt":"2020-01-02T18:12:13","slug":"projektid","status":"publish","type":"page","link":"https:\/\/www.usmasezers.lv\/et\/uhingust\/projektid\/","title":{"rendered":"Projektid"},"content":{"rendered":"<p><strong><img loading=\"lazy\" decoding=\"async\" class=\"size-full wp-image-6638 aligncenter\" src=\"https:\/\/www.usmasezers.lv\/wp-content\/uploads\/2019\/02\/zivjufonds.jpg\" alt=\"\" width=\"160\" height=\"183\" \/>Zivju resursu pavairo\u0161ana un atra\u017eo\u0161ana publiskaj\u0101s \u016bdenstilp\u0113s un \u016bdenstilp\u0113s, kur\u0101s zvejas ties\u012bbas pieder valstij, k\u0101 ar\u012b cit\u0101s \u016bdenstilp\u0113s, kas ir valsts vai pa\u0161vald\u012bbu \u012bpa\u0161um\u0101<\/strong><\/p>\n<ul>\n<li>2017. gada augusts. L\u012bdaku vienvasaras mazu\u013cu ielai\u0161ana Usmas ezer\u0101 20&#8217;000 gb. 6 013.84 Eur.<\/li>\n<\/ul>\n<p><strong>Sabiedr\u012bbas inform\u0113\u0161anas pas\u0101kumiem par zivju resursu p\u0113t\u012bjumiem, to racion\u0101lu un saudz\u012bgu izmanto\u0161anu, atra\u017eo\u0161anu un aizsardz\u012bbu, tai skait\u0101 publicistikas izdevumiem, m\u0101c\u012bbu vai uzzi\u0146u literat\u016brai, informat\u012bvi izgl\u012btojo\u0161iem telev\u012bzijas raid\u012bjumiem vai radioraid\u012bjumiem<\/strong><\/p>\n<ul>\n<li>2017. gada augusts. M\u0101jas lapas www.usmasezers.lv izveide. 2 117.50 Eur.<\/li>\n<\/ul>\n<p><strong>Zin\u0101tnisk\u0101s p\u0113tniec\u012bbas programmu finans\u0113\u0161anai un l\u012bdzdal\u012bbai starpvalstu sadarb\u012bb\u0101 zin\u0101tniskajos p\u0113t\u012bjumos zivsaimniec\u012bb\u0101, iz\u0146emot t\u0101du iesniegto programmu un p\u0113t\u012bjumu finans\u0113\u0161anu, kuri pretend\u0113 uz finans\u0113juma sa\u0146em\u0161anu no citu valsts vai ES fondu finans\u0113juma<\/strong><\/p>\n<ul>\n<li>2017. gada augusts. Usmas ezera zivsaimniecisk\u0101s ekspluat\u0101cijas <a href=\"https:\/\/www.usmasezers.lv\/wp-content\/uploads\/2017\/11\/Usmas-ezers_2017_VRI-labots-1.pdf\">noteikumu izstr\u0101de un hidrobiolo\u0123iskai izp\u0113te<\/a>. 12 003,20 Eur.<\/li>\n<\/ul>\n<p><strong>Zivju resursu aizsardz\u012bbas pas\u0101kumiem, ko veic valsts iest\u0101des vai pa\u0161vald\u012bbas, kuru kompetenc\u0113 ir zivju resursu aizsardz\u012bba (iz\u0146emot attiec\u012bg\u0101s instit\u016bcijas k\u0101rt\u0113jos izdevumus)<\/strong><\/p>\n<ul>\n<li>2017. gada decembris. Term\u0101l\u0101s nakts redzam\u012bbas kameras &#8211; termoviziera ieg\u0101de. 2 339.00 Eur.<\/li>\n<\/ul>\n<p><strong>Zivju resursu pavairo\u0161ana un atra\u017eo\u0161ana publiskaj\u0101s \u016bdenstilp\u0113s un \u016bdenstilp\u0113s, kur\u0101s zvejas ties\u012bbas pieder valstij, k\u0101 ar\u012b cit\u0101s \u016bdenstilp\u0113s, kas ir valsts vai pa\u0161vald\u012bbu \u012bpa\u0161um\u0101<\/strong><\/p>\n<ul>\n<li>2018. gada j\u016bnijs. L\u012bdaku vienvasaras mazu\u013cu ielai\u0161ana Usmas ezer\u0101 40&#8217;479 gb. 11 951.01 Eur.<\/li>\n<\/ul>\n<p><strong>Zivju resursu aizsardz\u012bbas pas\u0101kumiem, ko veic valsts iest\u0101des vai pa\u0161vald\u012bbas, kuru kompetenc\u0113 ir zivju resursu aizsardz\u012bba (iz\u0146emot attiec\u012bg\u0101s instit\u016bcijas k\u0101rt\u0113jos izdevumus)<\/strong><\/p>\n<ul>\n<li>2018. gada j\u016blijs. Zivju resursu aizsardz\u012bba, kontrole un uzraudz\u012bba Ventspils novada publiskaj\u0101s \u016bdenstilp\u0113s\u00a0Ieg\u0101d\u0101ti &#8211; Drons, Kvadracikls, Go pro kameras, Binok\u013ci,\u00a0LED Lukturis,\u00a0LED pro\u017eektors, Piekarams laivas motors. 20 019.35\u00a0Eur.<\/li>\n<\/ul>\n<p><strong>Zivju resursu aizsardz\u012bbas pas\u0101kumiem, ko veic valsts iest\u0101des vai pa\u0161vald\u012bbas, kuru kompetenc\u0113 ir zivju resursu aizsardz\u012bba (iz\u0146emot attiec\u012bg\u0101s instit\u016bcijas k\u0101rt\u0113jos izdevumus)<\/strong><\/p>\n<ul>\n<li style=\"text-align: center;\">2018. gada oktobris. Zivju resursu aizsardz\u012bba, kontrole un uzraudz\u012bba Ventspils novada publiskaj\u0101s \u016bdenstilp\u0113s Ieg\u0101d\u0101ts &#8211; Piekarams laivas motors. 2730.00 Eur.<\/li>\n<\/ul>\n<p><strong>Zivju resursu pavairo\u0161ana un atra\u017eo\u0161ana publiskaj\u0101s \u016bdenstilp\u0113s un \u016bdenstilp\u0113s, kur\u0101s zvejas ties\u012bbas pieder valstij, k\u0101 ar\u012b cit\u0101s \u016bdenstilp\u0113s, kas ir valsts vai pa\u0161vald\u012bbu \u012bpa\u0161um\u0101<\/strong><\/p>\n<ul>\n<li>2019. gada j\u016bnijs. L\u012bdaku vienvasaras mazu\u013cu ielai\u0161ana Usmas ezer\u0101 40&#8217;479 gb. 11 951.01 Eur.<\/li>\n<\/ul>\n<p><strong>Zivju resursu aizsardz\u012bbas pas\u0101kumiem, ko veic valsts iest\u0101des vai pa\u0161vald\u012bbas, kuru kompetenc\u0113 ir zivju resursu aizsardz\u012bba (iz\u0146emot attiec\u012bg\u0101s instit\u016bcijas k\u0101rt\u0113jos izdevumus)<\/strong><\/p>\n<ul>\n<li>2019. gada j\u016blijs. Zivju resursu aizsardz\u012bba, kontrole un uzraudz\u012bba Ventspils novada publiskaj\u0101s \u016bdenstilp\u0113s Ieg\u0101d\u0101ti &#8211; Me\u017ea kameras, Elektronisks t\u0101lm\u0113rs, Ledus urbis, Nakts redzam\u012bbas brilles, Motorlaivas navig\u0101cijas apr\u012bkojums, R\u0101cijas, Piekarams laivas motors, WEB kameras, Foto kamera, Kaste kvadrociklam, Motorlaivas p\u0101rvad\u0101\u0161anas piekabe. 19 607,31 Eur.<\/li>\n<\/ul>\n<p><strong>Sabiedr\u012bbas inform\u0113\u0161anas pas\u0101kumiem par zivju resursu p\u0113t\u012bjumiem, to racion\u0101lu un saudz\u012bgu izmanto\u0161anu, atra\u017eo\u0161anu un aizsardz\u012bbu, tai skait\u0101 publicistikas izdevumiem, m\u0101c\u012bbu vai uzzi\u0146u literat\u016brai, informat\u012bvi izgl\u012btojo\u0161iem telev\u012bzijas raid\u012bjumiem vai radioraid\u012bjumiem<\/strong><\/p>\n<ul>\n<li>2019. gada oktobris. M\u0101jas lapas www.usmasezers.lv papildin\u0101\u0161ana un informat\u012bvu materi\u0101lu mak\u0161\u0137erniekiem izgatavo\u0161ana.. 1282.60 Eur.<\/li>\n<\/ul>\n<p>&nbsp;<\/p>\n<p>&nbsp;<\/p>\n","protected":false},"excerpt":{"rendered":"<p>Zivju resursu pavairo\u0161ana un atra\u017eo\u0161ana publiskaj\u0101s \u016bdenstilp\u0113s un \u016bdenstilp\u0113s, kur\u0101s zvejas ties\u012bbas pieder valstij, k\u0101 ar\u012b cit\u0101s \u016bdenstilp\u0113s, kas ir valsts vai pa\u0161vald\u012bbu \u012bpa\u0161um\u0101 2017. gada augusts. L\u012bdaku vienvasaras mazu\u013cu ielai\u0161ana Usmas ezer\u0101 20&#8217;000 gb. 6 013.84 Eur. Sabiedr\u012bbas inform\u0113\u0161anas pas\u0101kumiem par zivju resursu p\u0113t\u012bjumiem, to racion\u0101lu un saudz\u012bgu izmanto\u0161anu, atra\u017eo\u0161anu un aizsardz\u012bbu, tai skait\u0101 [&hellip;]<\/p>\n","protected":false},"author":2,"featured_media":0,"parent":5635,"menu_order":30,"comment_status":"closed","ping_status":"closed","template":"","meta":{"_acf_changed":false,"footnotes":""},"class_list":["post-5644","page","type-page","status-publish","hentry"],"acf":[],"_links":{"self":[{"href":"https:\/\/www.usmasezers.lv\/et\/wp-json\/wp\/v2\/pages\/5644","targetHints":{"allow":["GET"]}}],"collection":[{"href":"https:\/\/www.usmasezers.lv\/et\/wp-json\/wp\/v2\/pages"}],"about":[{"href":"https:\/\/www.usmasezers.lv\/et\/wp-json\/wp\/v2\/types\/page"}],"author":[{"embeddable":true,"href":"https:\/\/www.usmasezers.lv\/et\/wp-json\/wp\/v2\/users\/2"}],"replies":[{"embeddable":true,"href":"https:\/\/www.usmasezers.lv\/et\/wp-json\/wp\/v2\/comments?post=5644"}],"version-history":[{"count":4,"href":"https:\/\/www.usmasezers.lv\/et\/wp-json\/wp\/v2\/pages\/5644\/revisions"}],"predecessor-version":[{"id":8659,"href":"https:\/\/www.usmasezers.lv\/et\/wp-json\/wp\/v2\/pages\/5644\/revisions\/8659"}],"up":[{"embeddable":true,"href":"https:\/\/www.usmasezers.lv\/et\/wp-json\/wp\/v2\/pages\/5635"}],"wp:attachment":[{"href":"https:\/\/www.usmasezers.lv\/et\/wp-json\/wp\/v2\/media?parent=5644"}],"curies":[{"name":"wp","href":"https:\/\/api.w.org\/{rel}","templated":true}]}}