{"id":5638,"date":"2017-09-11T21:37:43","date_gmt":"2017-09-11T18:37:43","guid":{"rendered":"https:\/\/www.usmasezers.lv\/uhingust\/kontakti\/"},"modified":"2020-02-12T09:50:40","modified_gmt":"2020-02-12T07:50:40","slug":"kontaktandmed","status":"publish","type":"page","link":"https:\/\/www.usmasezers.lv\/et\/uhingust\/kontaktandmed\/","title":{"rendered":"Kontaktandmed"},"content":{"rendered":"<p>Helistage meile telefonil <strong>25701744<\/strong> v\u00f5i kirjutage aadressil <a href=\"mailto:info@usmasezers.lv\"><strong>info@usmasezers.lv<\/strong><\/a>!<br \/>\n<img loading=\"lazy\" decoding=\"async\" class=\"wp-image-808 alignright\" src=\"https:\/\/www.usmasezers.lv\/wp-content\/uploads\/2017\/09\/Logo_transparent2-300x300.png\" alt=\"\" width=\"212\" height=\"212\" srcset=\"https:\/\/www.usmasezers.lv\/wp-content\/uploads\/2017\/09\/Logo_transparent2-300x300.png 300w, https:\/\/www.usmasezers.lv\/wp-content\/uploads\/2017\/09\/Logo_transparent2-80x80.png 80w, https:\/\/www.usmasezers.lv\/wp-content\/uploads\/2017\/09\/Logo_transparent2-768x765.png 768w, https:\/\/www.usmasezers.lv\/wp-content\/uploads\/2017\/09\/Logo_transparent2-1024x1020.png 1024w, https:\/\/www.usmasezers.lv\/wp-content\/uploads\/2017\/09\/Logo_transparent2-800x797.png 800w, https:\/\/www.usmasezers.lv\/wp-content\/uploads\/2017\/09\/Logo_transparent2.png 1402w\" sizes=\"auto, (max-width: 212px) 100vw, 212px\" \/><\/p>\n<p><strong>Rekvisiidid<\/strong><\/p>\n<ul>\n<li>\u00dching USMAS KRASTS<\/li>\n<li>Maksukohustuslase registrikood 40008071891<\/li>\n<li>Prie\u017ekalni, Usma vald, Ventspilsi piirkond, LV-3619<\/li>\n<li>AS SEB Banka, kood UNLALV2X, LV20UNLA0050024132345<\/li>\n<\/ul>\n","protected":false},"excerpt":{"rendered":"<p>Helistage meile telefonil 25701744 v\u00f5i kirjutage aadressil info@usmasezers.lv! Rekvisiidid \u00dching USMAS KRASTS Maksukohustuslase registrikood 40008071891 Prie\u017ekalni, Usma vald, Ventspilsi piirkond, LV-3619 AS SEB Banka, kood UNLALV2X, LV20UNLA0050024132345<\/p>\n","protected":false},"author":2,"featured_media":0,"parent":5635,"menu_order":0,"comment_status":"closed","ping_status":"closed","template":"","meta":{"_acf_changed":false,"footnotes":""},"class_list":["post-5638","page","type-page","status-publish","hentry"],"acf":[],"_links":{"self":[{"href":"https:\/\/www.usmasezers.lv\/et\/wp-json\/wp\/v2\/pages\/5638","targetHints":{"allow":["GET"]}}],"collection":[{"href":"https:\/\/www.usmasezers.lv\/et\/wp-json\/wp\/v2\/pages"}],"about":[{"href":"https:\/\/www.usmasezers.lv\/et\/wp-json\/wp\/v2\/types\/page"}],"author":[{"embeddable":true,"href":"https:\/\/www.usmasezers.lv\/et\/wp-json\/wp\/v2\/users\/2"}],"replies":[{"embeddable":true,"href":"https:\/\/www.usmasezers.lv\/et\/wp-json\/wp\/v2\/comments?post=5638"}],"version-history":[{"count":3,"href":"https:\/\/www.usmasezers.lv\/et\/wp-json\/wp\/v2\/pages\/5638\/revisions"}],"predecessor-version":[{"id":8733,"href":"https:\/\/www.usmasezers.lv\/et\/wp-json\/wp\/v2\/pages\/5638\/revisions\/8733"}],"up":[{"embeddable":true,"href":"https:\/\/www.usmasezers.lv\/et\/wp-json\/wp\/v2\/pages\/5635"}],"wp:attachment":[{"href":"https:\/\/www.usmasezers.lv\/et\/wp-json\/wp\/v2\/media?parent=5638"}],"curies":[{"name":"wp","href":"https:\/\/api.w.org\/{rel}","templated":true}]}}