{"id":5635,"date":"2017-09-11T21:37:27","date_gmt":"2017-09-11T18:37:27","guid":{"rendered":"https:\/\/www.usmasezers.lv\/biedriba\/"},"modified":"2019-01-11T14:24:37","modified_gmt":"2019-01-11T12:24:37","slug":"uhingust","status":"publish","type":"page","link":"https:\/\/www.usmasezers.lv\/et\/uhingust\/","title":{"rendered":"\u00dchingust"},"content":{"rendered":"<h3>\u00dchingu Usmas krasts visioon<\/h3>\n<p><strong><img loading=\"lazy\" decoding=\"async\" class=\"wp-image-808 alignright\" src=\"https:\/\/www.usmasezers.lv\/wp-content\/uploads\/2017\/09\/Logo_transparent2-300x300.png\" alt=\"\" width=\"200\" height=\"200\" srcset=\"https:\/\/www.usmasezers.lv\/wp-content\/uploads\/2017\/09\/Logo_transparent2-300x300.png 300w, https:\/\/www.usmasezers.lv\/wp-content\/uploads\/2017\/09\/Logo_transparent2-80x80.png 80w, https:\/\/www.usmasezers.lv\/wp-content\/uploads\/2017\/09\/Logo_transparent2-768x765.png 768w, https:\/\/www.usmasezers.lv\/wp-content\/uploads\/2017\/09\/Logo_transparent2-1024x1020.png 1024w, https:\/\/www.usmasezers.lv\/wp-content\/uploads\/2017\/09\/Logo_transparent2-800x797.png 800w, https:\/\/www.usmasezers.lv\/wp-content\/uploads\/2017\/09\/Logo_transparent2.png 1402w\" sizes=\"auto, (max-width: 200px) 100vw, 200px\" \/><\/strong><\/p>\n<p>Luua tingimused, mis tagavad Usma j\u00e4rve keskkonnas\u00f5braliku ja j\u00e4tkusuutliku arengu. Luua s\u00fcsteem, mis stimuleerib keskkonna korrastamist ja kalavarude ratsionaalset kasutamist ning kontrolli. Pakkuda elanikele lisav\u00f5imalus olla motiveeritud osalema Usma j\u00e4rve ja selle \u00fcmbruse korrastamisel, tunda ennast vajalikuna ning kasulikuna \u00fchise eesm\u00e4rgi nimel meie elukohas. Edendada majandustegevuse kasvu Usma j\u00e4rve territooriumil. Kalavarude kvaliteetse koosluse taastamine.<\/p>\n","protected":false},"excerpt":{"rendered":"<p>\u00dchingu Usmas krasts visioon Luua tingimused, mis tagavad Usma j\u00e4rve keskkonnas\u00f5braliku ja j\u00e4tkusuutliku arengu. Luua s\u00fcsteem, mis stimuleerib keskkonna korrastamist ja kalavarude ratsionaalset kasutamist ning kontrolli. Pakkuda elanikele lisav\u00f5imalus olla motiveeritud osalema Usma j\u00e4rve ja selle \u00fcmbruse korrastamisel, tunda ennast vajalikuna ning kasulikuna \u00fchise eesm\u00e4rgi nimel meie elukohas. Edendada majandustegevuse kasvu Usma j\u00e4rve territooriumil. Kalavarude [&hellip;]<\/p>\n","protected":false},"author":2,"featured_media":0,"parent":0,"menu_order":0,"comment_status":"closed","ping_status":"closed","template":"","meta":{"_acf_changed":false,"footnotes":""},"class_list":["post-5635","page","type-page","status-publish","hentry"],"acf":[],"_links":{"self":[{"href":"https:\/\/www.usmasezers.lv\/et\/wp-json\/wp\/v2\/pages\/5635","targetHints":{"allow":["GET"]}}],"collection":[{"href":"https:\/\/www.usmasezers.lv\/et\/wp-json\/wp\/v2\/pages"}],"about":[{"href":"https:\/\/www.usmasezers.lv\/et\/wp-json\/wp\/v2\/types\/page"}],"author":[{"embeddable":true,"href":"https:\/\/www.usmasezers.lv\/et\/wp-json\/wp\/v2\/users\/2"}],"replies":[{"embeddable":true,"href":"https:\/\/www.usmasezers.lv\/et\/wp-json\/wp\/v2\/comments?post=5635"}],"version-history":[{"count":2,"href":"https:\/\/www.usmasezers.lv\/et\/wp-json\/wp\/v2\/pages\/5635\/revisions"}],"predecessor-version":[{"id":5637,"href":"https:\/\/www.usmasezers.lv\/et\/wp-json\/wp\/v2\/pages\/5635\/revisions\/5637"}],"wp:attachment":[{"href":"https:\/\/www.usmasezers.lv\/et\/wp-json\/wp\/v2\/media?parent=5635"}],"curies":[{"name":"wp","href":"https:\/\/api.w.org\/{rel}","templated":true}]}}