{"id":5323,"date":"2017-09-15T00:06:44","date_gmt":"2017-09-14T21:06:44","guid":{"rendered":"https:\/\/www.usmasezers.lv\/jarv\/teika\/"},"modified":"2018-12-23T12:37:56","modified_gmt":"2018-12-23T10:37:56","slug":"muistend","status":"publish","type":"page","link":"https:\/\/www.usmasezers.lv\/et\/jarv\/muistend\/","title":{"rendered":"Muistend"},"content":{"rendered":"<p>Seal, kus praegu on P\u016bte\u013cu soo, olnud varem suur j\u00e4rv. Praeguse Usma j\u00e4rve asemel olnud saun. \u00dcks \u00f5htu tulnud naine lapsega saunast. Nad kuulnud pea kohal tugevat m\u00fchinat. Vaadanud \u00fcles \u2013 must j\u00e4rv l\u00e4heneb. Laps h\u00fc\u00fcdnud: \u201eUsm\u012bgs! Usm\u012bgs!\u201d \u2013 tahtnud \u00f6elda, et j\u00e4rv on kuri (l\u00e4ti keeles <em>dusm\u012bgs<\/em>). J\u00e4rv kukkunud alla, kuna tema nimi oli Usma ja see arvati \u00e4ra, aga j\u00e4rve kohale j\u00e4\u00e4nud soo, mis on n\u00e4ha veel t\u00e4nap\u00e4evalgi.<\/p>\n","protected":false},"excerpt":{"rendered":"<p>Seal, kus praegu on P\u016bte\u013cu soo, olnud varem suur j\u00e4rv. Praeguse Usma j\u00e4rve asemel olnud saun. \u00dcks \u00f5htu tulnud naine lapsega saunast. Nad kuulnud pea kohal tugevat m\u00fchinat. Vaadanud \u00fcles \u2013 must j\u00e4rv l\u00e4heneb. Laps h\u00fc\u00fcdnud: \u201eUsm\u012bgs! Usm\u012bgs!\u201d \u2013 tahtnud \u00f6elda, et j\u00e4rv on kuri (l\u00e4ti keeles dusm\u012bgs). J\u00e4rv kukkunud alla, kuna tema nimi oli [&hellip;]<\/p>\n","protected":false},"author":2,"featured_media":0,"parent":5312,"menu_order":0,"comment_status":"closed","ping_status":"closed","template":"","meta":{"_acf_changed":false,"footnotes":""},"class_list":["post-5323","page","type-page","status-publish","hentry"],"acf":[],"_links":{"self":[{"href":"https:\/\/www.usmasezers.lv\/et\/wp-json\/wp\/v2\/pages\/5323","targetHints":{"allow":["GET"]}}],"collection":[{"href":"https:\/\/www.usmasezers.lv\/et\/wp-json\/wp\/v2\/pages"}],"about":[{"href":"https:\/\/www.usmasezers.lv\/et\/wp-json\/wp\/v2\/types\/page"}],"author":[{"embeddable":true,"href":"https:\/\/www.usmasezers.lv\/et\/wp-json\/wp\/v2\/users\/2"}],"replies":[{"embeddable":true,"href":"https:\/\/www.usmasezers.lv\/et\/wp-json\/wp\/v2\/comments?post=5323"}],"version-history":[{"count":1,"href":"https:\/\/www.usmasezers.lv\/et\/wp-json\/wp\/v2\/pages\/5323\/revisions"}],"predecessor-version":[{"id":5324,"href":"https:\/\/www.usmasezers.lv\/et\/wp-json\/wp\/v2\/pages\/5323\/revisions\/5324"}],"up":[{"embeddable":true,"href":"https:\/\/www.usmasezers.lv\/et\/wp-json\/wp\/v2\/pages\/5312"}],"wp:attachment":[{"href":"https:\/\/www.usmasezers.lv\/et\/wp-json\/wp\/v2\/media?parent=5323"}],"curies":[{"name":"wp","href":"https:\/\/api.w.org\/{rel}","templated":true}]}}