{"id":5321,"date":"2017-09-12T11:49:52","date_gmt":"2017-09-12T08:49:52","guid":{"rendered":"https:\/\/www.usmasezers.lv\/jarv\/moricsala\/"},"modified":"2019-01-26T16:05:50","modified_gmt":"2019-01-26T14:05:50","slug":"moricsala","status":"publish","type":"page","link":"https:\/\/www.usmasezers.lv\/et\/jarv\/moricsala\/","title":{"rendered":"Moricsala"},"content":{"rendered":"<h3>Kuidas Zivju saarest sai Moricsala?<\/h3>\n<p>L\u00e4tis pole teist saart nii muljetavaldava ajalooga, kuigi 1726. aastal oli see v\u00e4hetuntud saar Usma j\u00e4rves, mida h\u00fc\u00fcti Zivju saareks. Moricsala on oma nime saanud 1726. ja 1727. aasta ajaloolistest s\u00fcndmustest, kui saarel viibis l\u00fchikest aega Saksimaa krahv Moritz (Maurice de Saxe). See oli hetk, kui Kuramaa hertsogkonna pealinnas Jelgavas h\u00f5\u00f5gusid kired ja 1726. aastal suundusid Jelgavasse nagu mee peale paljud poissmehed, et pretendeerida noore Kuramaa hertsogi lese, tulevase Venemaa keisrinna Anna Ivanovna k\u00e4ele. Kuna Annale v\u00e4ga meeldis Saksimaa krahv Moritz ja ta unistas temaga abiellumisest, siis tagas ta selle, et 30-aastane noormees nimetati Kuramaa hertsogiks. Aga see abielu ei olnud Venemaa huvides ja Jelgavasse saabus Riiast v\u00fcrst Aleksander Men\u0161ikov tuhande ratsav\u00e4elasega, mist\u00f5ttu krahv Moritz oli sunnitud 20. juulil 1727 p\u00f5genema ja kindlustama ennast Usma j\u00e4rve Zivju saarel.<\/p>\n<p>P\u00e4rast piiramist venelaste poolt tuli \u00f6\u00f6l vastu 19. augustit kolmesajal Moritzi s\u00f5jamehel alla anda. Hertsog ise riietus teenijaks, haaras hobusel lakast ja p\u00f5genes \u00fcle \u0100be\u013ckalni\u0146a madaliku ja lahkus saarelt, ujudes Ozols\u0113kli. Saksi Moritz l\u00e4ks Prantsusmaale, kus juba \u00fcheksa aasta p\u00e4rast sai kindralleitnandiks. P\u00e4rast mitut edukat lahingut erinevates s\u00f5dades m\u00e4\u00e4rati ta 1746. aastal Prantsusmaa marssaliks, aasta hiljem prantslaste vallutatud Hollandi valitsejaks.<\/p>\n<p>Moritz suri 1750. aastal 54-aastaselt, kuid veel t\u00e4nap\u00e4eval m\u00e4letatakse teda rohkem L\u00e4tis kui Prantsusmaal. Nii saigi Usma j\u00e4rve ilusaim saar Moritzi nime, aga Usma vald t\u00e4histab iga aasta augusti esimesel laup\u00e4eval Moritzi p\u00fcha, mis on romantiline pidu suve ja inimeste auks.<\/p>\n","protected":false},"excerpt":{"rendered":"<p>Kuidas Zivju saarest sai Moricsala? L\u00e4tis pole teist saart nii muljetavaldava ajalooga, kuigi 1726. aastal oli see v\u00e4hetuntud saar Usma j\u00e4rves, mida h\u00fc\u00fcti Zivju saareks. Moricsala on oma nime saanud 1726. ja 1727. aasta ajaloolistest s\u00fcndmustest, kui saarel viibis l\u00fchikest aega Saksimaa krahv Moritz (Maurice de Saxe). See oli hetk, kui Kuramaa hertsogkonna pealinnas Jelgavas [&hellip;]<\/p>\n","protected":false},"author":2,"featured_media":0,"parent":5312,"menu_order":0,"comment_status":"closed","ping_status":"closed","template":"","meta":{"_acf_changed":false,"footnotes":""},"class_list":["post-5321","page","type-page","status-publish","hentry"],"acf":[],"_links":{"self":[{"href":"https:\/\/www.usmasezers.lv\/et\/wp-json\/wp\/v2\/pages\/5321","targetHints":{"allow":["GET"]}}],"collection":[{"href":"https:\/\/www.usmasezers.lv\/et\/wp-json\/wp\/v2\/pages"}],"about":[{"href":"https:\/\/www.usmasezers.lv\/et\/wp-json\/wp\/v2\/types\/page"}],"author":[{"embeddable":true,"href":"https:\/\/www.usmasezers.lv\/et\/wp-json\/wp\/v2\/users\/2"}],"replies":[{"embeddable":true,"href":"https:\/\/www.usmasezers.lv\/et\/wp-json\/wp\/v2\/comments?post=5321"}],"version-history":[{"count":2,"href":"https:\/\/www.usmasezers.lv\/et\/wp-json\/wp\/v2\/pages\/5321\/revisions"}],"predecessor-version":[{"id":6289,"href":"https:\/\/www.usmasezers.lv\/et\/wp-json\/wp\/v2\/pages\/5321\/revisions\/6289"}],"up":[{"embeddable":true,"href":"https:\/\/www.usmasezers.lv\/et\/wp-json\/wp\/v2\/pages\/5312"}],"wp:attachment":[{"href":"https:\/\/www.usmasezers.lv\/et\/wp-json\/wp\/v2\/media?parent=5321"}],"curies":[{"name":"wp","href":"https:\/\/api.w.org\/{rel}","templated":true}]}}