{"id":5318,"date":"2017-09-19T20:00:06","date_gmt":"2017-09-19T17:00:06","guid":{"rendered":"https:\/\/www.usmasezers.lv\/jarv\/salas\/"},"modified":"2019-10-30T19:12:21","modified_gmt":"2019-10-30T17:12:21","slug":"saared","status":"publish","type":"page","link":"https:\/\/www.usmasezers.lv\/et\/jarv\/saared\/","title":{"rendered":"Saared"},"content":{"rendered":"<h3>Seitsme saare j\u00e4rv<\/h3>\n<p>Saarte \u00fcldpindala: 428,00 ha. <strong>Visk\u016b\u017eu saar<\/strong> (L\u00e4ti suurim j\u00e4rvesaar, 309,2 ha) asub L\u016b\u017e\u0146\u0113rti ja Bazn\u012bc\u0113rti vahel. Saare suhteline k\u00f5rgus: 10,5 m, k\u00f5rgeim osa: 16\u201318 m j\u00e4rve pinnast. Saare pikkus: 3 km, laius: 1,5 km, pindala: 3,1 km<sup>2<\/sup>. Tegelikult ei saa seda nimetada asustamata saareks, kuna saare l\u00f5unaosas asub P\u0101rupji talu. Saar kuulub Visk\u016b\u017eu saare looduskaitseala juurde ja 2004.\u00a0aastal loodi selle <a href=\"https:\/\/www.usmasezers.lv\/wp-content\/uploads\/2017\/10\/DL_Viskuzu_sala-07.pdf\">kaitseplaan<\/a>. Visk\u016b\u017eu saare ja kalda vahel on 200 m laiune kitsendus\u00a0\u2013 Amj\u016bdzupe.<\/p>\n<img loading=\"lazy\" decoding=\"async\" class=\"aligncenter wp-image-405 size-large\" src=\"https:\/\/www.usmasezers.lv\/wp-content\/uploads\/2017\/09\/altafoto-7611-1024x683.jpg\" alt=\"\" width=\"1024\" height=\"683\" srcset=\"https:\/\/www.usmasezers.lv\/wp-content\/uploads\/2017\/09\/altafoto-7611-1024x683.jpg 1024w, https:\/\/www.usmasezers.lv\/wp-content\/uploads\/2017\/09\/altafoto-7611-300x200.jpg 300w, https:\/\/www.usmasezers.lv\/wp-content\/uploads\/2017\/09\/altafoto-7611-768x512.jpg 768w, https:\/\/www.usmasezers.lv\/wp-content\/uploads\/2017\/09\/altafoto-7611-800x533.jpg 800w, https:\/\/www.usmasezers.lv\/wp-content\/uploads\/2017\/09\/altafoto-7611.jpg 1200w\" sizes=\"auto, (max-width: 1024px) 100vw, 1024px\" \/>\n<p><strong>Moricsala<\/strong> (83,10 ha), suhteline k\u00f5rgus: 7,0 m, kaitse all alates 1912. aastast. <strong>Lielalksn\u012bte<\/strong> (33,3 ha), suhteline k\u00f5rgus: 4,4 m. <strong>Mazalksn\u012bte<\/strong> (1,9 ha), suhteline k\u00f5rgus: 1,6 m. <strong>Zossali\u0146a<\/strong> (0,8 ha), suhteline k\u00f5rgus: 0,1 m. <strong>Dv\u012bn\u012btes<\/strong> (0,002 ha), kaks \u00fcleujutatavat saart, suhteline k\u00f5rgus: 0,1 m.<\/p>\n<img loading=\"lazy\" decoding=\"async\" class=\"aligncenter wp-image-402 size-large\" src=\"https:\/\/www.usmasezers.lv\/wp-content\/uploads\/2017\/09\/altafoto-7649-1024x683.jpg\" alt=\"\" width=\"1024\" height=\"683\" srcset=\"https:\/\/www.usmasezers.lv\/wp-content\/uploads\/2017\/09\/altafoto-7649-1024x683.jpg 1024w, https:\/\/www.usmasezers.lv\/wp-content\/uploads\/2017\/09\/altafoto-7649-300x200.jpg 300w, https:\/\/www.usmasezers.lv\/wp-content\/uploads\/2017\/09\/altafoto-7649-768x512.jpg 768w, https:\/\/www.usmasezers.lv\/wp-content\/uploads\/2017\/09\/altafoto-7649-800x533.jpg 800w, https:\/\/www.usmasezers.lv\/wp-content\/uploads\/2017\/09\/altafoto-7649.jpg 1200w\" sizes=\"auto, (max-width: 1024px) 100vw, 1024px\" \/>\n","protected":false},"excerpt":{"rendered":"<p>Seitsme saare j\u00e4rv Saarte \u00fcldpindala: 428,00 ha. Visk\u016b\u017eu saar (L\u00e4ti suurim j\u00e4rvesaar, 309,2 ha) asub L\u016b\u017e\u0146\u0113rti ja Bazn\u012bc\u0113rti vahel. Saare suhteline k\u00f5rgus: 10,5 m, k\u00f5rgeim osa: 16\u201318 m j\u00e4rve pinnast. Saare pikkus: 3 km, laius: 1,5 km, pindala: 3,1 km2. Tegelikult ei saa seda nimetada asustamata saareks, kuna saare l\u00f5unaosas asub P\u0101rupji talu. Saar kuulub [&hellip;]<\/p>\n","protected":false},"author":2,"featured_media":0,"parent":5312,"menu_order":0,"comment_status":"closed","ping_status":"closed","template":"","meta":{"_acf_changed":false,"footnotes":""},"class_list":["post-5318","page","type-page","status-publish","hentry"],"acf":[],"_links":{"self":[{"href":"https:\/\/www.usmasezers.lv\/et\/wp-json\/wp\/v2\/pages\/5318","targetHints":{"allow":["GET"]}}],"collection":[{"href":"https:\/\/www.usmasezers.lv\/et\/wp-json\/wp\/v2\/pages"}],"about":[{"href":"https:\/\/www.usmasezers.lv\/et\/wp-json\/wp\/v2\/types\/page"}],"author":[{"embeddable":true,"href":"https:\/\/www.usmasezers.lv\/et\/wp-json\/wp\/v2\/users\/2"}],"replies":[{"embeddable":true,"href":"https:\/\/www.usmasezers.lv\/et\/wp-json\/wp\/v2\/comments?post=5318"}],"version-history":[{"count":3,"href":"https:\/\/www.usmasezers.lv\/et\/wp-json\/wp\/v2\/pages\/5318\/revisions"}],"predecessor-version":[{"id":7226,"href":"https:\/\/www.usmasezers.lv\/et\/wp-json\/wp\/v2\/pages\/5318\/revisions\/7226"}],"up":[{"embeddable":true,"href":"https:\/\/www.usmasezers.lv\/et\/wp-json\/wp\/v2\/pages\/5312"}],"wp:attachment":[{"href":"https:\/\/www.usmasezers.lv\/et\/wp-json\/wp\/v2\/media?parent=5318"}],"curies":[{"name":"wp","href":"https:\/\/api.w.org\/{rel}","templated":true}]}}