{"id":5315,"date":"2017-09-12T11:50:04","date_gmt":"2017-09-12T08:50:04","guid":{"rendered":"https:\/\/www.usmasezers.lv\/jarv\/moricsalas-rezervats\/"},"modified":"2019-10-30T19:10:55","modified_gmt":"2019-10-30T17:10:55","slug":"moricsala-kaitseala","status":"publish","type":"page","link":"https:\/\/www.usmasezers.lv\/et\/jarv\/moricsala-kaitseala\/","title":{"rendered":"Moricsala kaitseala"},"content":{"rendered":"<p>Moricsala taimeriigi rikkust on esimest korda maininud Posart 1843. aastal oma raamatus \u201eKuramaa kubermangu statistika ja geograafia\u201c. Uurimiseesm\u00e4rgil k\u00fclastas Moricsalat 1846. ja 1848. aastal Zl\u0113kase kiriku\u00f5petaja Georg Bitner ja Puze kiriku\u00f5petaja, entomoloog Heinrich Kaval. Moricsala kaitseala on loodud 6. juunil 1912. Kaitseala h\u00f5lmab Usma j\u00e4rve teist suurimat saart <a href=\"https:\/\/dev.creativefactory.lv\/usmasezers_lv\/par-ezeru\/moricsala\/\">Moricsalat<\/a> (88 ha), j\u00e4rve osa\u00a0\u2013 Luzi\u0137\u0113rte lahte ja Lielalksn\u012btese saart. Kaitseala \u00fcldpindala: 818 ha. Mistahes majanduslik tegevus ja kaitseala k\u00fclastamine saarel on keelatud. Huvilised saavad Moricsala kaitseala ekspositsiooni vaadata Usma kristlikus rahvakoolis.<\/p>\n<h3>Moricsala kaitseala looduskaitseplaan<\/h3>\n<p>3.mart\u0101 ar Vides ministrijas r\u012bkojumu Nr.55 apstiprin\u0101ts <a href=\"https:\/\/dev.creativefactory.lv\/usmasezers_lv\/wp-content\/uploads\/2017\/10\/DR_Moricsala-09-1.pdf\">dabas aizsardz\u012bbas pl\u0101ns<\/a> \u012bpa\u0161i aizsarg\u0101jamai dabas teritorijai &#8211; &#8220;Moricsala&#8221;. Teritorija p\u0113c statusa ir dabas rezerv\u0101ts un <em>Natura 2000<\/em>\u00a0vieta.<\/p>\n<p>Lai nodro\u0161in\u0101tu sugu un biotopu ilglaic\u012bgu aizsardz\u012bbu dabas rezerv\u0101t\u0101 ir izvirz\u012bti sekojo\u0161i <strong>teritorijas apsaimnieko\u0161anas ide\u0101lie jeb ilgtermi\u0146a m\u0113r\u0137i<\/strong>:<\/p>\n<ul>\n<li>Moricsal\u0101 un Lielalksn\u012btes sal\u0101 nodro\u0161in\u0101t me\u017eu un tam rakstur\u012bgo strukt\u016bru un sugu netrauc\u0113tu att\u012bst\u012bbu un izp\u0113ti \u2013 neiejauk\u0161an\u0101s dabiskajos procesos;<\/li>\n<li>nodro\u0161in\u0101t dabas rezerv\u0101t\u0101 ietilpsto\u0161\u0101s Usmas ezera akvatorijas da\u013cas \u012bpa\u0161i aizsarg\u0101jamo biotopu plat\u012bbu un taj\u0101 sastopamo \u016bdensaugu un \u016bdens bezmugurkaulnieku, k\u0101 ar\u012b putnu sugu popul\u0101ciju aizsardz\u012bbu un ilglaic\u012bgu past\u0101v\u0113\u0161anu;<\/li>\n<\/ul>\n<p>un \u0161\u0101di <strong>teritorijas apsaimnieko\u0161anas \u012bstermi\u0146a m\u0113r\u0137i 15 gadu ilgam apsaimnieko\u0161anas periodam<\/strong>:<\/p>\n<ul>\n<li>uzlabot dabas rezerv\u0101ta administr\u0113\u0161anu un administr\u0101cijas infrastrukt\u016bru;<\/li>\n<li>mazin\u0101t trauc\u0113juma negat\u012bvo ietekmi rezerv\u0101ta teritorij\u0101 ligzdojo\u0161o \u012bpa\u0161i aizsarg\u0101jamo putnu sugu ligzdo\u0161anas period\u0101;<\/li>\n<li>saglab\u0101t ezera eso\u0161\u0101s lokan\u0101s naj\u0101das, gludsporu ezerenes, ies\u0101rt\u0101s gl\u012bvenes, pam\u012b\u0161ziedu daudzlapes, vienzieda krastenes un \u012bpa\u0161i aizsarg\u0101jamo \u016bdens bezmugurkaulnieku atradnes un nodro\u0161in\u0101t tiem piem\u0113roto biotopu aizsardz\u012bbu;<\/li>\n<li>Moricsalas un Lielalksn\u012btes sal\u0101s nodro\u0161in\u0101t netrauc\u0113tu Eiropas Savien\u012bbas aizsarg\u0101jamo me\u017ea biotopu att\u012bst\u012bbu;<\/li>\n<li>Moricsal\u0101 saglab\u0101t p\u013cavu biotopus 1,15 ha apm\u0113r\u0101;<\/li>\n<li>Moricsalas un Lielalksn\u012btes sal\u0101s nodro\u0161in\u0101t \u012bpa\u0161i aizsarg\u0101jamo bezmugurkaulnieku (lapukoku praulgrau\u017ea un dobumu m\u0101\u0146skorpiona) dz\u012bvot\u0146u saglab\u0101\u0161anu;<\/li>\n<li>inform\u0113t sabiedr\u012bbu par dabas rezerv\u0101ta dabas v\u0113rt\u012bb\u0101m, to aizsardz\u012bbas un izmanto\u0161anas nosac\u012bjumiem;<\/li>\n<li>veikt dabas rezerv\u0101ta sugu un biotopu izp\u0113ti un monitoringu;<\/li>\n<li>veikt \u016bdens kvalit\u0101tes kontroles un uzlabo\u0161anas pas\u0101kumus.<\/li>\n<\/ul>\n<div class=\"page\" title=\"Page 6\">\n<div class=\"layoutArea\">\n<div class=\"column\">\n<p>Atbilsto\u0161i izvirz\u012btajiem ilgtermi\u0146a un \u012bstermi\u0146a teritorijas saglab\u0101\u0161anas m\u0113r\u0137iem, ir 35 apsaimnieko\u0161anas pas\u0101kumi. Dabas aizsardz\u012bbas pl\u0101ns ir izstr\u0101d\u0101ts 15 gadiem, t\u0101 atjauno\u0161ana paredz\u0113ta 2024. gad\u0101.<\/p>\n<\/div>\n<\/div>\n<\/div>\n","protected":false},"excerpt":{"rendered":"<p>Moricsala taimeriigi rikkust on esimest korda maininud Posart 1843. aastal oma raamatus \u201eKuramaa kubermangu statistika ja geograafia\u201c. Uurimiseesm\u00e4rgil k\u00fclastas Moricsalat 1846. ja 1848. aastal Zl\u0113kase kiriku\u00f5petaja Georg Bitner ja Puze kiriku\u00f5petaja, entomoloog Heinrich Kaval. Moricsala kaitseala on loodud 6. juunil 1912. Kaitseala h\u00f5lmab Usma j\u00e4rve teist suurimat saart Moricsalat (88 ha), j\u00e4rve osa\u00a0\u2013 Luzi\u0137\u0113rte lahte [&hellip;]<\/p>\n","protected":false},"author":2,"featured_media":0,"parent":5312,"menu_order":0,"comment_status":"closed","ping_status":"closed","template":"","meta":{"_acf_changed":false,"footnotes":""},"class_list":["post-5315","page","type-page","status-publish","hentry"],"acf":[],"_links":{"self":[{"href":"https:\/\/www.usmasezers.lv\/et\/wp-json\/wp\/v2\/pages\/5315","targetHints":{"allow":["GET"]}}],"collection":[{"href":"https:\/\/www.usmasezers.lv\/et\/wp-json\/wp\/v2\/pages"}],"about":[{"href":"https:\/\/www.usmasezers.lv\/et\/wp-json\/wp\/v2\/types\/page"}],"author":[{"embeddable":true,"href":"https:\/\/www.usmasezers.lv\/et\/wp-json\/wp\/v2\/users\/2"}],"replies":[{"embeddable":true,"href":"https:\/\/www.usmasezers.lv\/et\/wp-json\/wp\/v2\/comments?post=5315"}],"version-history":[{"count":3,"href":"https:\/\/www.usmasezers.lv\/et\/wp-json\/wp\/v2\/pages\/5315\/revisions"}],"predecessor-version":[{"id":6295,"href":"https:\/\/www.usmasezers.lv\/et\/wp-json\/wp\/v2\/pages\/5315\/revisions\/6295"}],"up":[{"embeddable":true,"href":"https:\/\/www.usmasezers.lv\/et\/wp-json\/wp\/v2\/pages\/5312"}],"wp:attachment":[{"href":"https:\/\/www.usmasezers.lv\/et\/wp-json\/wp\/v2\/media?parent=5315"}],"curies":[{"name":"wp","href":"https:\/\/api.w.org\/{rel}","templated":true}]}}