{"id":5312,"date":"2017-09-11T21:36:47","date_gmt":"2017-09-11T18:36:47","guid":{"rendered":"https:\/\/www.usmasezers.lv\/par-ezeru\/"},"modified":"2019-01-26T16:34:35","modified_gmt":"2019-01-26T14:34:35","slug":"jarv","status":"publish","type":"page","link":"https:\/\/www.usmasezers.lv\/et\/jarv\/","title":{"rendered":"J\u00e4rv"},"content":{"rendered":"<p><strong>Kas teadsid?<\/strong><\/p>\n<ul>\n<li>Usma j\u00e4rv on tekkinud Balti j\u00e4\u00e4j\u00e4rve lahest 10 000 aastat tagasi.<\/li>\n<li>Pindalalt on see viies suurim j\u00e4rv L\u00e4tis, veekoguselt teine suurim.<\/li>\n<li>Pindala: 37,2 km<sup>2<\/sup>, koos saartega: 42 km<sup>2<\/sup>. Pikkus: 13,5 km. Suurim laius: 6 km. Keskmine s\u00fcgavus: 5,4 m. Suurim s\u00fcgavus: 27 m. Rannajoone pikkus: 73,6 km. Veemaht: 190 milj m<sup>3<\/sup>.<\/li>\n<li>Dokumentides on Usma nime esmakordselt mainitud 1253. aastal Kuramaa piiskopkonna ja Liivimaa ordu Kuramaa jagamise aktis.<\/li>\n<li>Kuidas tekkis nimi \u201eUsma\u201c? T\u00e4iesti kindlat selgitust ei oska keegi anda. Levinud variandid: nimi \u201eUsma\u201d p\u00e4rineb soome keelest, t\u00e4hendades udude maad, v\u00f5i liivi keelest, t\u00e4hendades uut maad.<\/li>\n<\/ul>\n<p><strong>Allikas<\/strong><\/p>\n<p>Bazn\u012bc\u0113rtest ida pool Kapkr\u0101snis asub L\u00e4ti s\u00fcgavaim teadaolev allikas. 20 m s\u00fcgavusel asub 7 meetrit s\u00fcgav ja umbes 2 meetrit lai lehter, mille on moodustanud tugev t\u00f5usuallikas. Selle allika l\u00e4te asub 6 meetrit merepinnast allpool. Kapkr\u0101sni on kr\u00fcptodepressioon e veega t\u00e4itnud n\u00f5gu, kuna see asub merepinnast allpool.<\/p>\n<p><strong>J\u00f5ed<\/strong><\/p>\n<p>Usma j\u00e4rve suubub k\u00fcmme j\u00f5ge: Me\u017eup\u012bte T\u012bruk\u0161u j\u00e4rvest, Godele, Melncelma, Me\u0137upe Me\u017emui\u017ea j\u00e4rvest, S\u0113r\u017ea, Ostupe, Ba\u0146\u0123ava, Struncene, Riekte, K\u0101\u0146upe Mordanga K\u0101\u0146u j\u00e4rvest. Usma j\u00e4rvest voolab v\u00e4lja ainult \u00fcks j\u00f5gi \u2013 Engure. See suubub Puze j\u00e4rve, Puze j\u00e4rvest voolab v\u00e4lja Rinda j\u00f5gi, mis hiljem, \u00fchinedes Stende j\u00f5ega, moodustab Irbe, mis omakorda suubub L\u00e4\u00e4nemerre.<\/p>\n<p><strong>Lahed ja neemed<\/strong><\/p>\n<p>Usma j\u00e4rv ehib ennast enam kui 200 kohanimega. Usma j\u00e4rve kaldad on k\u00f5ige sopilisemad \u2013 aina k\u00e4\u00e4rud ja lahed, neemed, madalikud, tipud, s\u00fcgavikud ning veealused orud, ja iga\u00fchel neist on oma nimi. V\u00f5ib vaid imestada, kes on lahtedele ja s\u00e4\u00e4rtele nii kummalisi nimesid v\u00e4lja m\u00f5elnud: Gode\u013cdanga, B\u0113rzragdanga, Bukdanga, T\u012b\u013cdanga, Ku\u0146\u0137rags, Ragbr\u016b\u017erags, Di\u017egabalrags, Me\u0137gals, Pievdanga, Pl\u0113\u0161rags jt. Usma j\u00e4rve kirdekaldal (veidi v\u00e4hem kui km j\u00e4rvest) 58 m \u00fcle merepinna asub \u016adru m\u00e4gi. M\u00e4e tippu on ehitatud 26 m k\u00f5rgune vaatetorn. Torni vaateplatvormilt n\u00e4eb suurep\u00e4raselt Usma j\u00e4rve, selle saari ja Usma lohu suuri metsamassiive.<\/p>\n<p><strong>Linnud<\/strong><\/p>\n<p>Linnud: kalakotkas, h\u00fc\u00fcp, merikotkas, roo-loorkull, laanep\u00fc\u00fc, kurg, kassikakk, v\u00e4rbkakk, hallpea-r\u00e4hn, mustr\u00e4hn, v\u00e4ike-k\u00e4rbsen\u00e4pp, must-toonekurg, valge-toonekurg, laululuik, j\u00e4\u00e4koskel, herilaseviu, naerukajakas, v\u00e4\u00e4nkael, roo-ritsiklind, punaselg-\u00f5gija.<\/p>\n<p><strong>Veetaimed<\/strong><\/p>\n<p>Veetaimed: pilliroog, k\u00f5rkjas, loalised, osi, hundinuiad, penikeeled, vesikatk, kardhein, vesikupp, vesiroos, lahnarohi.<\/p>\n<p><strong>L\u00e4ti ainus siseveekogu jahisadam<\/strong><\/p>\n<p>Usma jahtklubi on asutatud 1973. aastal ja see on L\u00e4ti ainus siseveekogu jahisadam. 8. m\u00e4rtsil 1973 alustatakse esimese klubihoone ehitamist. Klubi esimene kommodoor on Ilm\u0101rs Lak\u0161s. Klubi laevastiku esimesed jahid on Bambino ja Fort\u016bna. 20. juulil 1974 avatakse esimene klubihoone, samuti korraldatakse Usmas esimene purjetamisv\u00f5istlus, kus osaleb 5 jahti. 1974. aasta oktoobris viiakse jahtklubi j\u00e4rve p\u00f5hjaosas asuvale soisele poolsaarele \u00fcle. 1978. aasta augustis teeb jaht Nova kaugs\u00f5idu Ventspils\u2013Laadoga j\u00e4rv\u2013Ventspils. 5. juulil 1980 avatakse praegune klubihoone. 2001. aastal valitakse uus kommodoor Sta\u0146islavs Back\u0101ns. 2003. aastal osaleb Usma jahtklubi L\u00e4ti Micro-klassi jahtide assotsiatsiooni asutamisel. 2005. aastal toimuvad esimest korda L\u00e4ti ajaloos Micro-klassi jahtide maailmameistriv\u00f5istlused. Praegu on klubis ligi 150 liiget. Sadamas on 55 kaikohta.<\/p>\n","protected":false},"excerpt":{"rendered":"<p>Kas teadsid? Usma j\u00e4rv on tekkinud Balti j\u00e4\u00e4j\u00e4rve lahest 10 000 aastat tagasi. Pindalalt on see viies suurim j\u00e4rv L\u00e4tis, veekoguselt teine suurim. Pindala: 37,2 km2, koos saartega: 42 km2. Pikkus: 13,5 km. Suurim laius: 6 km. Keskmine s\u00fcgavus: 5,4 m. Suurim s\u00fcgavus: 27 m. Rannajoone pikkus: 73,6 km. Veemaht: 190 milj m3. Dokumentides on [&hellip;]<\/p>\n","protected":false},"author":2,"featured_media":0,"parent":0,"menu_order":0,"comment_status":"closed","ping_status":"closed","template":"","meta":{"_acf_changed":false,"footnotes":""},"class_list":["post-5312","page","type-page","status-publish","hentry"],"acf":[],"_links":{"self":[{"href":"https:\/\/www.usmasezers.lv\/et\/wp-json\/wp\/v2\/pages\/5312","targetHints":{"allow":["GET"]}}],"collection":[{"href":"https:\/\/www.usmasezers.lv\/et\/wp-json\/wp\/v2\/pages"}],"about":[{"href":"https:\/\/www.usmasezers.lv\/et\/wp-json\/wp\/v2\/types\/page"}],"author":[{"embeddable":true,"href":"https:\/\/www.usmasezers.lv\/et\/wp-json\/wp\/v2\/users\/2"}],"replies":[{"embeddable":true,"href":"https:\/\/www.usmasezers.lv\/et\/wp-json\/wp\/v2\/comments?post=5312"}],"version-history":[{"count":3,"href":"https:\/\/www.usmasezers.lv\/et\/wp-json\/wp\/v2\/pages\/5312\/revisions"}],"predecessor-version":[{"id":6292,"href":"https:\/\/www.usmasezers.lv\/et\/wp-json\/wp\/v2\/pages\/5312\/revisions\/6292"}],"wp:attachment":[{"href":"https:\/\/www.usmasezers.lv\/et\/wp-json\/wp\/v2\/media?parent=5312"}],"curies":[{"name":"wp","href":"https:\/\/api.w.org\/{rel}","templated":true}]}}