{"id":1470,"date":"2017-09-19T20:00:06","date_gmt":"2017-09-19T17:00:06","guid":{"rendered":"https:\/\/dev.creativefactory.lv\/usmasezers_lv\/par-ezeru\/salas\/"},"modified":"2019-10-30T19:12:05","modified_gmt":"2019-10-30T17:12:05","slug":"islands","status":"publish","type":"page","link":"https:\/\/www.usmasezers.lv\/en\/about-the-lake\/islands\/","title":{"rendered":"Islands"},"content":{"rendered":"<h3>A seven-island lake<\/h3>\n<p>Total area of the islands &#8211; 428.00 ha.\u00a0<strong>Visk\u016b\u017ei island<\/strong> (the largest lake island in Latvia, 309.2 ha), is located between L\u016b\u017e\u0146\u0113rte and Bazn\u012bc\u0113rte. The relative elevation of the island is 10.5 m; the highest part of the island is 16-18 metres above the lake level. Length &#8211; 3 km, width &#8211; 1.5 km, area 3.1 km<sup>2<\/sup>. It cannot be truly called uninhabited though, because the &#8220;P\u0101rupji&#8221; farmstead is located on its southern side. The island is a part of the Visk\u016b\u017ei natural protected area and its <a href=\"https:\/\/www.usmasezers.lv\/wp-content\/uploads\/2017\/10\/DL_Viskuzu_sala-07.pdf\">protection plan<\/a> was created in 2004. The 200 m wide strait between Visk\u016b\u017ei island and the shore is called Amj\u016bdzupe.<\/p>\n<img loading=\"lazy\" decoding=\"async\" class=\"aligncenter wp-image-405 size-large\" src=\"https:\/\/www.usmasezers.lv\/wp-content\/uploads\/2017\/09\/altafoto-7611-1024x683.jpg\" alt=\"\" width=\"1024\" height=\"683\" srcset=\"https:\/\/www.usmasezers.lv\/wp-content\/uploads\/2017\/09\/altafoto-7611-1024x683.jpg 1024w, https:\/\/www.usmasezers.lv\/wp-content\/uploads\/2017\/09\/altafoto-7611-300x200.jpg 300w, https:\/\/www.usmasezers.lv\/wp-content\/uploads\/2017\/09\/altafoto-7611-768x512.jpg 768w, https:\/\/www.usmasezers.lv\/wp-content\/uploads\/2017\/09\/altafoto-7611-800x533.jpg 800w, https:\/\/www.usmasezers.lv\/wp-content\/uploads\/2017\/09\/altafoto-7611.jpg 1200w\" sizes=\"auto, (max-width: 1024px) 100vw, 1024px\" \/>\n<p><strong>Moricsala<\/strong> (83.10 ha), relative height &#8211; 7.0 m, protected since 1912. <strong>Lielalksn\u012bte<\/strong> (33.3 ha), relative height &#8211; 4.4 m. <strong>Mazalksn\u012bte<\/strong> (1.9 ha), relative height &#8211; 1.6 m. <strong>Zossali\u0146a<\/strong> (0.8 ha), relative height &#8211; 0.1 m. <strong>Dv\u012bn\u012btes<\/strong> (0.002 ha), two temporarily inundated islands, relative height &#8211;\u00a0 -0.1 m.<\/p>\n<img loading=\"lazy\" decoding=\"async\" class=\"aligncenter wp-image-402 size-large\" src=\"https:\/\/www.usmasezers.lv\/wp-content\/uploads\/2017\/09\/altafoto-7649-1024x683.jpg\" alt=\"\" width=\"1024\" height=\"683\" srcset=\"https:\/\/www.usmasezers.lv\/wp-content\/uploads\/2017\/09\/altafoto-7649-1024x683.jpg 1024w, https:\/\/www.usmasezers.lv\/wp-content\/uploads\/2017\/09\/altafoto-7649-300x200.jpg 300w, https:\/\/www.usmasezers.lv\/wp-content\/uploads\/2017\/09\/altafoto-7649-768x512.jpg 768w, https:\/\/www.usmasezers.lv\/wp-content\/uploads\/2017\/09\/altafoto-7649-800x533.jpg 800w, https:\/\/www.usmasezers.lv\/wp-content\/uploads\/2017\/09\/altafoto-7649.jpg 1200w\" sizes=\"auto, (max-width: 1024px) 100vw, 1024px\" \/>\n","protected":false},"excerpt":{"rendered":"<p>A seven-island lake Total area of the islands &#8211; 428.00 ha.\u00a0Visk\u016b\u017ei island (the largest lake island in Latvia, 309.2 ha), is located between L\u016b\u017e\u0146\u0113rte and Bazn\u012bc\u0113rte. The relative elevation of the island is 10.5 m; the highest part of the island is 16-18 metres above the lake level. Length &#8211; 3 km, width &#8211; 1.5 [&hellip;]<\/p>\n","protected":false},"author":2,"featured_media":0,"parent":1460,"menu_order":0,"comment_status":"closed","ping_status":"closed","template":"","meta":{"_acf_changed":false,"footnotes":""},"class_list":["post-1470","page","type-page","status-publish","hentry"],"acf":[],"_links":{"self":[{"href":"https:\/\/www.usmasezers.lv\/en\/wp-json\/wp\/v2\/pages\/1470","targetHints":{"allow":["GET"]}}],"collection":[{"href":"https:\/\/www.usmasezers.lv\/en\/wp-json\/wp\/v2\/pages"}],"about":[{"href":"https:\/\/www.usmasezers.lv\/en\/wp-json\/wp\/v2\/types\/page"}],"author":[{"embeddable":true,"href":"https:\/\/www.usmasezers.lv\/en\/wp-json\/wp\/v2\/users\/2"}],"replies":[{"embeddable":true,"href":"https:\/\/www.usmasezers.lv\/en\/wp-json\/wp\/v2\/comments?post=1470"}],"version-history":[{"count":3,"href":"https:\/\/www.usmasezers.lv\/en\/wp-json\/wp\/v2\/pages\/1470\/revisions"}],"predecessor-version":[{"id":7225,"href":"https:\/\/www.usmasezers.lv\/en\/wp-json\/wp\/v2\/pages\/1470\/revisions\/7225"}],"up":[{"embeddable":true,"href":"https:\/\/www.usmasezers.lv\/en\/wp-json\/wp\/v2\/pages\/1460"}],"wp:attachment":[{"href":"https:\/\/www.usmasezers.lv\/en\/wp-json\/wp\/v2\/media?parent=1470"}],"curies":[{"name":"wp","href":"https:\/\/api.w.org\/{rel}","templated":true}]}}