{"id":1397,"date":"2017-09-15T00:06:44","date_gmt":"2017-09-14T21:06:44","guid":{"rendered":"https:\/\/dev.creativefactory.lv\/usmasezers_lv\/teika\/"},"modified":"2017-11-02T21:24:25","modified_gmt":"2017-11-02T19:24:25","slug":"the-legend","status":"publish","type":"page","link":"https:\/\/www.usmasezers.lv\/en\/about-the-lake\/the-legend\/","title":{"rendered":"The legend"},"content":{"rendered":"<p>There used to be a large lake where the P\u016bte\u013ci bog is now. A bathhouse used to stand where the Usma Lake is now. One evening, a mother with her child were coming from the bathhouse. Suddenly, they heard strong hissing above. As they looked up, they saw a dark lake coming their way. The child cried out: &#8220;Usm\u012bgs! Usm\u012bgs!&#8221;, wanting to say that the lake is angry (<em>dusm\u012bgs<\/em>). The lake, whose name was Usma, dropped down because its name had been guessed and the bog, that can still be seen today, remained in its place.<\/p>\n","protected":false},"excerpt":{"rendered":"<p>There used to be a large lake where the P\u016bte\u013ci bog is now. A bathhouse used to stand where the Usma Lake is now. One evening, a mother with her child were coming from the bathhouse. Suddenly, they heard strong hissing above. As they looked up, they saw a dark lake coming their way. The [&hellip;]<\/p>\n","protected":false},"author":2,"featured_media":0,"parent":1460,"menu_order":0,"comment_status":"closed","ping_status":"closed","template":"","meta":{"_acf_changed":false,"footnotes":""},"class_list":["post-1397","page","type-page","status-publish","hentry"],"acf":[],"_links":{"self":[{"href":"https:\/\/www.usmasezers.lv\/en\/wp-json\/wp\/v2\/pages\/1397","targetHints":{"allow":["GET"]}}],"collection":[{"href":"https:\/\/www.usmasezers.lv\/en\/wp-json\/wp\/v2\/pages"}],"about":[{"href":"https:\/\/www.usmasezers.lv\/en\/wp-json\/wp\/v2\/types\/page"}],"author":[{"embeddable":true,"href":"https:\/\/www.usmasezers.lv\/en\/wp-json\/wp\/v2\/users\/2"}],"replies":[{"embeddable":true,"href":"https:\/\/www.usmasezers.lv\/en\/wp-json\/wp\/v2\/comments?post=1397"}],"version-history":[{"count":4,"href":"https:\/\/www.usmasezers.lv\/en\/wp-json\/wp\/v2\/pages\/1397\/revisions"}],"predecessor-version":[{"id":1540,"href":"https:\/\/www.usmasezers.lv\/en\/wp-json\/wp\/v2\/pages\/1397\/revisions\/1540"}],"up":[{"embeddable":true,"href":"https:\/\/www.usmasezers.lv\/en\/wp-json\/wp\/v2\/pages\/1460"}],"wp:attachment":[{"href":"https:\/\/www.usmasezers.lv\/en\/wp-json\/wp\/v2\/media?parent=1397"}],"curies":[{"name":"wp","href":"https:\/\/api.w.org\/{rel}","templated":true}]}}