{"id":6148,"date":"2017-10-23T01:05:27","date_gmt":"2017-10-22T22:05:27","guid":{"rendered":"https:\/\/www.usmasezers.lv\/ezera-baribas-kede\/"},"modified":"2019-01-25T15:26:20","modified_gmt":"2019-01-25T13:26:20","slug":"nahrungskette-des-sees","status":"publish","type":"page","link":"https:\/\/www.usmasezers.lv\/de\/nahrungskette-des-sees\/","title":{"rendered":"Nahrungskette des Sees"},"content":{"rendered":"<p><strong>N\u00e4hrstoffe<\/strong><\/p>\n<p>Die wichtigsten N\u00e4hrstoffe, die f\u00fcr das Funktionieren des \u00d6kosystems des Wasserk\u00f6rpers notwendig sind, sind Stickstoff und Phosphor. F\u00fcr die urspr\u00fcngliche Produktion werden sie von mikroskopischen Algen und h\u00f6heren Wasserpflanzen gebraucht. Stickstoff und Phosphor sind im Wasserk\u00f6rper sowohl frei in anorganischen Stickstoff- und Phosphorverbindungen (Nitrite, Nitrate, Ammonium\u00a0\u2013 Stickstoffverbindungen und Phosphate\u00a0\u2013 Phosphorverbindungen), als auch gebunden in Form organischer Substanzen oder enthalten in mikroskopischen Algen oder Phytoplankton zu finden. Die prim\u00e4re Quelle von Stickstoff in nat\u00fcrlichen Gew\u00e4ssern ist in der Regel der durch Blaualgen von der Atmosph\u00e4re gebundene Stickstoff. Die prim\u00e4re Quelle von Phosphor in nat\u00fcrlichen Gew\u00e4ssern wird von Regenwasser und Gesteinen gebildet, die sich im Wasserk\u00f6rper befinden. Die Gew\u00e4sser in Lettland sind als durch menschliche Aktivit\u00e4ten belastet anzusehen. Daher haben die meisten N\u00e4hrstoffe einen anthropogenen Ursprung.<\/p>\n<p><strong>Phytoplankton<\/strong><\/p>\n<p>Phytoplankton oder mikroskopische Algen spielen eine wichtige Rolle in S\u00fc\u00dfwasser\u00f6kosystemen. Diese Algen gelten als urspr\u00fcngliche Hersteller\u00a0\u2013 Organismen, die anorganische Substanzen in die organischen umwandeln. Phytoplankton stellt somit die erste Stufe in der Nahrungskette her. Davon ern\u00e4hrt sich haupts\u00e4chlich das Zooplankton (mikroskopische Krebstiere).<\/p>\n<p><strong>Zooplankton, Zoobenthos<\/strong><\/p>\n<p>Das Zooplankton oder mikroskopische Krebstier ist ein wichtiger Bestandteil der aquatischen \u00d6kosysteme. Das Zooplankton ern\u00e4hren sich von Phytoplankton. Zooplankton-Organismen gelten als ein wichtiges Futter f\u00fcr alle Arten von Fischbrut und Fischen-Planktonfressern.<\/p>\n<p>Zoobenthos oder Wirbellose Tierarten, die den Seeboden bewohnen, ist ein wichtiges Element der aquatischen \u00d6kosysteme. F\u00fcr diese Tiere sind verschiedene Futtermittel (Zooplankton, Phytoplankton, andere Wirbellose etc.) und Futtermechanismen (Filtrierer, Raubtiere, etc.) charakteristisch. Dies deutet darauf hin, dass sie einen direkten und unmittelbaren Einfluss auf die Funktionsweise der Nahrungsketten im Gew\u00e4sser haben. \u00dcberdies ist zu beachten, dass Benthos eines der wichtigsten Futtermittel der Fischgemeinschaften in lettischen und europ\u00e4ischen Seen ist.<\/p>\n<p><strong>Friedfische<\/strong><\/p>\n<p>Fische, die sich w\u00e4hrend ihrer Lebenszeit nicht von anderen Fischen ern\u00e4hren, sondern andere Organismen als Nahrungsquelle nutzen wie Zooplankton, Zoobenthos, Pflanzen. Zu den Friedfischen z\u00e4hlen solche Fischarten wie Schleie, Pl\u00f6tze, Brachsen, G\u00fcster.<\/p>\n<p><strong>Raubfische<\/strong><\/p>\n<p>Fische, die sich ausgewachsen vor allem von anderen Fischen ern\u00e4hren. Zu den Raubfischen z\u00e4hlen solche Fischarten wie Barsch, Zander, Hecht.<\/p>\n<p><strong>Mensch<\/strong><\/p>\n<p>Angler und\/oder Fischer beeinflussen durch den Fischfang in geringerem oder gr\u00f6\u00dferem Ma\u00dfe die Nahrungskette des Sees.<\/p>\n<p><strong><em>Referenz:<\/em><\/strong><em>\u00a0Br\u00f6nmark\u00a0C., Hansson\u00a0L.A. 2005. Vides risin\u0101jumu instit\u016bts (Institut f\u00fcr Umweltl\u00f6sungen), 2017.\u00a0(Vollversion: Br\u00f6nmark\u00a0C., Hansson\u00a0L.A. 2005. The biology of lakes and ponds. New York, Oxford University Press Inc.)<\/em><\/p>\n","protected":false},"excerpt":{"rendered":"<p>N\u00e4hrstoffe Die wichtigsten N\u00e4hrstoffe, die f\u00fcr das Funktionieren des \u00d6kosystems des Wasserk\u00f6rpers notwendig sind, sind Stickstoff und Phosphor. F\u00fcr die urspr\u00fcngliche Produktion werden sie von mikroskopischen Algen und h\u00f6heren Wasserpflanzen gebraucht. Stickstoff und Phosphor sind im Wasserk\u00f6rper sowohl frei in anorganischen Stickstoff- und Phosphorverbindungen (Nitrite, Nitrate, Ammonium\u00a0\u2013 Stickstoffverbindungen und Phosphate\u00a0\u2013 Phosphorverbindungen), als auch gebunden in [&hellip;]<\/p>\n","protected":false},"author":2,"featured_media":0,"parent":0,"menu_order":0,"comment_status":"closed","ping_status":"closed","template":"page-society.php","meta":{"_acf_changed":false,"footnotes":""},"class_list":["post-6148","page","type-page","status-publish","hentry"],"acf":[],"_links":{"self":[{"href":"https:\/\/www.usmasezers.lv\/de\/wp-json\/wp\/v2\/pages\/6148","targetHints":{"allow":["GET"]}}],"collection":[{"href":"https:\/\/www.usmasezers.lv\/de\/wp-json\/wp\/v2\/pages"}],"about":[{"href":"https:\/\/www.usmasezers.lv\/de\/wp-json\/wp\/v2\/types\/page"}],"author":[{"embeddable":true,"href":"https:\/\/www.usmasezers.lv\/de\/wp-json\/wp\/v2\/users\/2"}],"replies":[{"embeddable":true,"href":"https:\/\/www.usmasezers.lv\/de\/wp-json\/wp\/v2\/comments?post=6148"}],"version-history":[{"count":2,"href":"https:\/\/www.usmasezers.lv\/de\/wp-json\/wp\/v2\/pages\/6148\/revisions"}],"predecessor-version":[{"id":6150,"href":"https:\/\/www.usmasezers.lv\/de\/wp-json\/wp\/v2\/pages\/6148\/revisions\/6150"}],"wp:attachment":[{"href":"https:\/\/www.usmasezers.lv\/de\/wp-json\/wp\/v2\/media?parent=6148"}],"curies":[{"name":"wp","href":"https:\/\/api.w.org\/{rel}","templated":true}]}}