{"id":5690,"date":"2017-09-15T10:49:40","date_gmt":"2017-09-15T07:49:40","guid":{"rendered":"https:\/\/www.usmasezers.lv\/atputa\/apskates-objekti\/"},"modified":"2019-01-25T15:27:01","modified_gmt":"2019-01-25T13:27:01","slug":"sehenswuerdigkeiten","status":"publish","type":"page","link":"https:\/\/www.usmasezers.lv\/de\/atputa\/sehenswuerdigkeiten\/","title":{"rendered":"Sehensw\u00fcrdigkeiten"},"content":{"rendered":"<img loading=\"lazy\" decoding=\"async\" class=\" wp-image-302 alignright\" src=\"https:\/\/www.usmasezers.lv\/wp-content\/uploads\/2017\/09\/Usmas_baznica2-300x199.jpg\" alt=\"\" width=\"400\" height=\"265\" srcset=\"https:\/\/www.usmasezers.lv\/wp-content\/uploads\/2017\/09\/Usmas_baznica2-300x199.jpg 300w, https:\/\/www.usmasezers.lv\/wp-content\/uploads\/2017\/09\/Usmas_baznica2.jpg 450w\" sizes=\"auto, (max-width: 400px) 100vw, 400px\" \/>\n<p>Die<strong> St.-Petri-Kirche<\/strong> Usma verbindet die Holzbautraditionen mit der Silhouette des alten Gotteshauses. Bis heute ist die Kirche gesch\u00fctzt und gilt als eine Perle der lettischen Architektur der 1930er\u00a0Jahre und des kurl\u00e4ndischen Holzbaus.<\/p>\n<p>&nbsp;<\/p>\n<p style=\"text-align: center;\"><img loading=\"lazy\" decoding=\"async\" class=\" wp-image-1251 alignleft\" src=\"https:\/\/www.usmasezers.lv\/wp-content\/uploads\/2017\/09\/19983272_676866962502056_2544178362494234485_o-300x300.jpg\" alt=\"\" width=\"338\" height=\"338\" srcset=\"https:\/\/www.usmasezers.lv\/wp-content\/uploads\/2017\/09\/19983272_676866962502056_2544178362494234485_o-300x300.jpg 300w, https:\/\/www.usmasezers.lv\/wp-content\/uploads\/2017\/09\/19983272_676866962502056_2544178362494234485_o-80x80.jpg 80w, https:\/\/www.usmasezers.lv\/wp-content\/uploads\/2017\/09\/19983272_676866962502056_2544178362494234485_o-768x768.jpg 768w, https:\/\/www.usmasezers.lv\/wp-content\/uploads\/2017\/09\/19983272_676866962502056_2544178362494234485_o-1024x1024.jpg 1024w, https:\/\/www.usmasezers.lv\/wp-content\/uploads\/2017\/09\/19983272_676866962502056_2544178362494234485_o-800x800.jpg 800w, https:\/\/www.usmasezers.lv\/wp-content\/uploads\/2017\/09\/19983272_676866962502056_2544178362494234485_o.jpg 1365w\" sizes=\"auto, (max-width: 338px) 100vw, 338px\" \/><\/p>\n<p>&nbsp;<\/p>\n<p>&nbsp;<\/p>\n<p>&nbsp;<\/p>\n<p>&nbsp;<\/p>\n<p>&nbsp;<\/p>\n<p>Die <strong>Christi-Eckstein-Kirche<\/strong> Usma ist die j\u00fcngste Kirche in Usma.<\/p>\n<p>&nbsp;<\/p>\n<p>&nbsp;<\/p>\n<p>&nbsp;<\/p>\n<p>&nbsp;<\/p>\n<p>&nbsp;<\/p>\n<p>Die \u00e4lteste Kirche von Usma wurde 1704 im Kreis Kuld\u012bga (Goldingen), Gemeinde Renda, an der Ostk\u00fcste des Usma-Sees (heute Region Kuld\u012bga) erbaut. Im Freilichtmuseum wurde das Bauwerk 1935 aufgestellt.<\/p>\n<img loading=\"lazy\" decoding=\"async\" class=\" wp-image-1381 alignleft\" src=\"https:\/\/www.usmasezers.lv\/wp-content\/uploads\/2017\/09\/download-10.jpeg\" alt=\"\" width=\"301\" height=\"200\" \/><img loading=\"lazy\" decoding=\"async\" class=\" wp-image-1378 alignright\" src=\"https:\/\/www.usmasezers.lv\/wp-content\/uploads\/2017\/09\/download-11.jpeg\" alt=\"\" width=\"301\" height=\"200\" \/>\n<p>&nbsp;<\/p>\n<p>&nbsp;<\/p>\n<p>&nbsp;<\/p>\n<p>&nbsp;<\/p>\n<p>&nbsp;<\/p>\n<p>&nbsp;<\/p>\n<p>Der vor relativ kurzer Zeit errichtete 26\u00a0m hohe <strong>Holzturm<\/strong> befindet sich auf dem \u016adru-Berg (58\u00a0m \u00fc.\u00a0d.\u00a0M.) am Nordostufer des Usma-Sees (einen knappen Kilometer vom See entfernt). Von der Aussichtsplattform des Turms bietet sich ein sch\u00f6ner Ausblick auf den Usma-See, seine Inseln und die gro\u00dfen Waldmassive der Usma-Niederung.<\/p>\n<img loading=\"lazy\" decoding=\"async\" class=\"wp-image-322 alignright\" src=\"https:\/\/www.usmasezers.lv\/wp-content\/uploads\/2017\/09\/kikerkalna_sktt_170613-300x225.jpg\" alt=\"\" width=\"376\" height=\"282\" srcset=\"https:\/\/www.usmasezers.lv\/wp-content\/uploads\/2017\/09\/kikerkalna_sktt_170613-300x225.jpg 300w, https:\/\/www.usmasezers.lv\/wp-content\/uploads\/2017\/09\/kikerkalna_sktt_170613-768x576.jpg 768w, https:\/\/www.usmasezers.lv\/wp-content\/uploads\/2017\/09\/kikerkalna_sktt_170613-800x600.jpg 800w, https:\/\/www.usmasezers.lv\/wp-content\/uploads\/2017\/09\/kikerkalna_sktt_170613.jpg 900w\" sizes=\"auto, (max-width: 376px) 100vw, 376px\" \/><img loading=\"lazy\" decoding=\"async\" class=\"size-medium wp-image-1639 alignnone\" src=\"https:\/\/www.usmasezers.lv\/wp-content\/uploads\/2017\/09\/DSC03271-225x300.jpg\" alt=\"\" width=\"225\" height=\"300\" srcset=\"https:\/\/www.usmasezers.lv\/wp-content\/uploads\/2017\/09\/DSC03271-225x300.jpg 225w, https:\/\/www.usmasezers.lv\/wp-content\/uploads\/2017\/09\/DSC03271.jpg 300w\" sizes=\"auto, (max-width: 225px) 100vw, 225px\" \/>\n<p>Die <strong>gr\u00f6\u00dfte Seeinsel<\/strong> Lettlands befindet sich inmitten des Usma-Sees. Das Gebiet wurde zum Schutz der auf der Insel wachsenden alten Kiefernw\u00e4lder, Pflanzen und V\u00f6gel errichtet. Am besten kann die Insel von einem Boot auf dem Usma-See betrachtet werden.<\/p>\n<img loading=\"lazy\" decoding=\"async\" class=\"aligncenter wp-image-238 \" src=\"https:\/\/www.usmasezers.lv\/wp-content\/uploads\/2017\/09\/altafoto-29-1-1024x575.jpg\" alt=\"\" width=\"750\" height=\"421\" srcset=\"https:\/\/www.usmasezers.lv\/wp-content\/uploads\/2017\/09\/altafoto-29-1-1024x575.jpg 1024w, https:\/\/www.usmasezers.lv\/wp-content\/uploads\/2017\/09\/altafoto-29-1-300x169.jpg 300w, https:\/\/www.usmasezers.lv\/wp-content\/uploads\/2017\/09\/altafoto-29-1-768x431.jpg 768w, https:\/\/www.usmasezers.lv\/wp-content\/uploads\/2017\/09\/altafoto-29-1-800x449.jpg 800w, https:\/\/www.usmasezers.lv\/wp-content\/uploads\/2017\/09\/altafoto-29-1.jpg 1200w\" sizes=\"auto, (max-width: 750px) 100vw, 750px\" \/>\n<p>Die <strong>Elku-Linde (G\u00f6tzenlinde) von Usma<\/strong> gilt als eine heilige Linde, die der \u00dcberlieferung zufolge \u00fcber 9\u00a0Verzweigungen verf\u00fcgte. Gr\u00fcn sind heute nur zwei. Eine der Verzweigungen hat des Status eines Gro\u00dfbaums, der Umfang betr\u00e4gt 4,2\u00a0m.<\/p>\n<img loading=\"lazy\" decoding=\"async\" class=\"aligncenter wp-image-331 size-large\" src=\"https:\/\/www.usmasezers.lv\/wp-content\/uploads\/2017\/09\/usmas-elku-liepa-1-1024x683.jpg\" alt=\"\" width=\"1024\" height=\"683\" srcset=\"https:\/\/www.usmasezers.lv\/wp-content\/uploads\/2017\/09\/usmas-elku-liepa-1-1024x683.jpg 1024w, https:\/\/www.usmasezers.lv\/wp-content\/uploads\/2017\/09\/usmas-elku-liepa-1-300x200.jpg 300w, https:\/\/www.usmasezers.lv\/wp-content\/uploads\/2017\/09\/usmas-elku-liepa-1-768x512.jpg 768w, https:\/\/www.usmasezers.lv\/wp-content\/uploads\/2017\/09\/usmas-elku-liepa-1-800x533.jpg 800w\" sizes=\"auto, (max-width: 1024px) 100vw, 1024px\" \/>\n<p><strong>Naturschutzpark Moricsala und die Ausstellung.<\/strong> Der Naturschutzpark wurde 1912 errichtet. Der Name der Insel stammt aus der letzten Phase des Bestehens des Herzogtums Kurland, als sich 1727 hier kurzfristig Graf Moritz von Sachsen vor den russischen Streitkr\u00e4ften versteckte. F\u00fcr die Besucher ist der Naturschutzpark nicht zug\u00e4nglich, man kann ihn jedoch von einem Boot aus besichtigen. In der Christlichen Volksschule von Usma gibt es eine Ausstellung \u00fcber den Naturschutzpark Moricsala. Anschrift: \u201eVec\u0101 skola\u201d, Usma; Tel.\u00a0+371\u00a063630512.<\/p>\n<img loading=\"lazy\" decoding=\"async\" class=\"aligncenter wp-image-240 size-large\" src=\"https:\/\/www.usmasezers.lv\/wp-content\/uploads\/2017\/09\/altafoto-22-1-1024x575.jpg\" alt=\"\" width=\"1024\" height=\"575\" srcset=\"https:\/\/www.usmasezers.lv\/wp-content\/uploads\/2017\/09\/altafoto-22-1-1024x575.jpg 1024w, https:\/\/www.usmasezers.lv\/wp-content\/uploads\/2017\/09\/altafoto-22-1-300x169.jpg 300w, https:\/\/www.usmasezers.lv\/wp-content\/uploads\/2017\/09\/altafoto-22-1-768x431.jpg 768w, https:\/\/www.usmasezers.lv\/wp-content\/uploads\/2017\/09\/altafoto-22-1-800x449.jpg 800w, https:\/\/www.usmasezers.lv\/wp-content\/uploads\/2017\/09\/altafoto-22-1.jpg 1200w\" sizes=\"auto, (max-width: 1024px) 100vw, 1024px\" \/>\n<img loading=\"lazy\" decoding=\"async\" class=\"wp-image-368 alignleft\" src=\"https:\/\/www.usmasezers.lv\/wp-content\/uploads\/2017\/09\/allu_priede_170613-212x300.jpg\" alt=\"\" width=\"247\" height=\"349\" srcset=\"https:\/\/www.usmasezers.lv\/wp-content\/uploads\/2017\/09\/allu_priede_170613-212x300.jpg 212w, https:\/\/www.usmasezers.lv\/wp-content\/uploads\/2017\/09\/allu_priede_170613.jpg 637w\" sizes=\"auto, (max-width: 247px) 100vw, 247px\" \/>\n<p>&nbsp;<\/p>\n<p>&nbsp;<\/p>\n<p>&nbsp;<\/p>\n<p>Die <strong>A\u013c\u013ci-Kiefer<\/strong> befindet sich am linken Ufer des Flusses Stende. Umfang: 4,2\u00a0m, H\u00f6he: 24\u00a0m.<\/p>\n<p>&nbsp;<\/p>\n","protected":false},"excerpt":{"rendered":"<p>Die St.-Petri-Kirche Usma verbindet die Holzbautraditionen mit der Silhouette des alten Gotteshauses. Bis heute ist die Kirche gesch\u00fctzt und gilt als eine Perle der lettischen Architektur der 1930er\u00a0Jahre und des kurl\u00e4ndischen Holzbaus. &nbsp; &nbsp; &nbsp; &nbsp; &nbsp; &nbsp; Die Christi-Eckstein-Kirche Usma ist die j\u00fcngste Kirche in Usma. &nbsp; &nbsp; &nbsp; &nbsp; &nbsp; Die \u00e4lteste Kirche [&hellip;]<\/p>\n","protected":false},"author":2,"featured_media":0,"parent":5679,"menu_order":40,"comment_status":"closed","ping_status":"closed","template":"","meta":{"_acf_changed":false,"footnotes":""},"class_list":["post-5690","page","type-page","status-publish","hentry"],"acf":[],"_links":{"self":[{"href":"https:\/\/www.usmasezers.lv\/de\/wp-json\/wp\/v2\/pages\/5690","targetHints":{"allow":["GET"]}}],"collection":[{"href":"https:\/\/www.usmasezers.lv\/de\/wp-json\/wp\/v2\/pages"}],"about":[{"href":"https:\/\/www.usmasezers.lv\/de\/wp-json\/wp\/v2\/types\/page"}],"author":[{"embeddable":true,"href":"https:\/\/www.usmasezers.lv\/de\/wp-json\/wp\/v2\/users\/2"}],"replies":[{"embeddable":true,"href":"https:\/\/www.usmasezers.lv\/de\/wp-json\/wp\/v2\/comments?post=5690"}],"version-history":[{"count":3,"href":"https:\/\/www.usmasezers.lv\/de\/wp-json\/wp\/v2\/pages\/5690\/revisions"}],"predecessor-version":[{"id":6151,"href":"https:\/\/www.usmasezers.lv\/de\/wp-json\/wp\/v2\/pages\/5690\/revisions\/6151"}],"up":[{"embeddable":true,"href":"https:\/\/www.usmasezers.lv\/de\/wp-json\/wp\/v2\/pages\/5679"}],"wp:attachment":[{"href":"https:\/\/www.usmasezers.lv\/de\/wp-json\/wp\/v2\/media?parent=5690"}],"curies":[{"name":"wp","href":"https:\/\/api.w.org\/{rel}","templated":true}]}}