{"id":5646,"date":"2017-09-11T21:37:27","date_gmt":"2017-09-11T18:37:27","guid":{"rendered":"https:\/\/www.usmasezers.lv\/biedriba\/"},"modified":"2019-01-11T15:14:52","modified_gmt":"2019-01-11T13:14:52","slug":"gemeinschaft","status":"publish","type":"page","link":"https:\/\/www.usmasezers.lv\/de\/gemeinschaft\/","title":{"rendered":"Gemeinschaft"},"content":{"rendered":"<h3>Vision der Gemeinschaft \u201eUsmas krasts\u201d<\/h3>\n<p><strong><img loading=\"lazy\" decoding=\"async\" class=\"wp-image-808 alignright\" src=\"https:\/\/www.usmasezers.lv\/wp-content\/uploads\/2017\/09\/Logo_transparent2-300x300.png\" alt=\"\" width=\"200\" height=\"200\" srcset=\"https:\/\/www.usmasezers.lv\/wp-content\/uploads\/2017\/09\/Logo_transparent2-300x300.png 300w, https:\/\/www.usmasezers.lv\/wp-content\/uploads\/2017\/09\/Logo_transparent2-80x80.png 80w, https:\/\/www.usmasezers.lv\/wp-content\/uploads\/2017\/09\/Logo_transparent2-768x765.png 768w, https:\/\/www.usmasezers.lv\/wp-content\/uploads\/2017\/09\/Logo_transparent2-1024x1020.png 1024w, https:\/\/www.usmasezers.lv\/wp-content\/uploads\/2017\/09\/Logo_transparent2-800x797.png 800w, https:\/\/www.usmasezers.lv\/wp-content\/uploads\/2017\/09\/Logo_transparent2.png 1402w\" sizes=\"auto, (max-width: 200px) 100vw, 200px\" \/><\/strong><\/p>\n<p>Schaffung von Bedingungen, die eine umweltfreundliche und nachhaltige Entwicklung des Usma-Sees sicherstellen. Entwicklung eines Systems, das die Pflege der Umwelt und eine zweckm\u00e4\u00dfige Nutzung und Kontrolle der Fischbest\u00e4nde f\u00f6rdert. Den Einwohnern wird eine besondere M\u00f6glichkeit angeboten, \u00a0sich motiviert f\u00fcr die Pflege des Usma-Sees und seiner Umgebung zu engagieren, sich notwendig und n\u00fctzlich f\u00fcr das gemeinsame Ziel an unserem Wohnort zu f\u00fchlen. F\u00f6rderung des Wachstums der wirtschaftlichen Aktivit\u00e4ten auf dem Gebiet des Usma-Sees. Erneuerung von hochwertigen Fischbest\u00e4nden.<\/p>\n","protected":false},"excerpt":{"rendered":"<p>Vision der Gemeinschaft \u201eUsmas krasts\u201d Schaffung von Bedingungen, die eine umweltfreundliche und nachhaltige Entwicklung des Usma-Sees sicherstellen. Entwicklung eines Systems, das die Pflege der Umwelt und eine zweckm\u00e4\u00dfige Nutzung und Kontrolle der Fischbest\u00e4nde f\u00f6rdert. Den Einwohnern wird eine besondere M\u00f6glichkeit angeboten, \u00a0sich motiviert f\u00fcr die Pflege des Usma-Sees und seiner Umgebung zu engagieren, sich notwendig [&hellip;]<\/p>\n","protected":false},"author":2,"featured_media":0,"parent":0,"menu_order":0,"comment_status":"closed","ping_status":"closed","template":"","meta":{"_acf_changed":false,"footnotes":""},"class_list":["post-5646","page","type-page","status-publish","hentry"],"acf":[],"_links":{"self":[{"href":"https:\/\/www.usmasezers.lv\/de\/wp-json\/wp\/v2\/pages\/5646","targetHints":{"allow":["GET"]}}],"collection":[{"href":"https:\/\/www.usmasezers.lv\/de\/wp-json\/wp\/v2\/pages"}],"about":[{"href":"https:\/\/www.usmasezers.lv\/de\/wp-json\/wp\/v2\/types\/page"}],"author":[{"embeddable":true,"href":"https:\/\/www.usmasezers.lv\/de\/wp-json\/wp\/v2\/users\/2"}],"replies":[{"embeddable":true,"href":"https:\/\/www.usmasezers.lv\/de\/wp-json\/wp\/v2\/comments?post=5646"}],"version-history":[{"count":2,"href":"https:\/\/www.usmasezers.lv\/de\/wp-json\/wp\/v2\/pages\/5646\/revisions"}],"predecessor-version":[{"id":5648,"href":"https:\/\/www.usmasezers.lv\/de\/wp-json\/wp\/v2\/pages\/5646\/revisions\/5648"}],"wp:attachment":[{"href":"https:\/\/www.usmasezers.lv\/de\/wp-json\/wp\/v2\/media?parent=5646"}],"curies":[{"name":"wp","href":"https:\/\/api.w.org\/{rel}","templated":true}]}}