{"id":5338,"date":"2017-09-15T00:06:44","date_gmt":"2017-09-14T21:06:44","guid":{"rendered":"https:\/\/www.usmasezers.lv\/ueber-den-see\/teika\/"},"modified":"2018-12-23T13:07:30","modified_gmt":"2018-12-23T11:07:30","slug":"sage","status":"publish","type":"page","link":"https:\/\/www.usmasezers.lv\/de\/ueber-den-see\/sage\/","title":{"rendered":"Sage"},"content":{"rendered":"<p>Dort, wo sich jetzt das P\u016bte\u013cu-Moor befindet, sei fr\u00fcher ein gro\u00dfer See gewesen. Anstelle des jetzigen Usma-Sees befand sich eine Art Sauna. Eines Abends kam eine Frau mit dem Kind aus der Sauna. Sie h\u00f6rten \u00fcber den Kopf ein starkes Rauschen. Oben erblickten sie einen schwarzen See, der sich n\u00e4herte. Das Kind habe geschrien: \u201eUsm\u012bgs! Usm\u012bgs!\u201c\u2013 es wollte sagen, dass der See b\u00f6se (lettisch: <em>dusm\u012bgs<\/em>) ist. Der See sei zu Boden gefallen, weil sein Name \u201eUsma\u201c erraten wurde. Stattdessen ber blieb ein Moor, das noch heute sichtbar ist.<\/p>\n","protected":false},"excerpt":{"rendered":"<p>Dort, wo sich jetzt das P\u016bte\u013cu-Moor befindet, sei fr\u00fcher ein gro\u00dfer See gewesen. Anstelle des jetzigen Usma-Sees befand sich eine Art Sauna. Eines Abends kam eine Frau mit dem Kind aus der Sauna. Sie h\u00f6rten \u00fcber den Kopf ein starkes Rauschen. Oben erblickten sie einen schwarzen See, der sich n\u00e4herte. Das Kind habe geschrien: \u201eUsm\u012bgs! [&hellip;]<\/p>\n","protected":false},"author":2,"featured_media":0,"parent":5327,"menu_order":0,"comment_status":"closed","ping_status":"closed","template":"","meta":{"_acf_changed":false,"footnotes":""},"class_list":["post-5338","page","type-page","status-publish","hentry"],"acf":[],"_links":{"self":[{"href":"https:\/\/www.usmasezers.lv\/de\/wp-json\/wp\/v2\/pages\/5338","targetHints":{"allow":["GET"]}}],"collection":[{"href":"https:\/\/www.usmasezers.lv\/de\/wp-json\/wp\/v2\/pages"}],"about":[{"href":"https:\/\/www.usmasezers.lv\/de\/wp-json\/wp\/v2\/types\/page"}],"author":[{"embeddable":true,"href":"https:\/\/www.usmasezers.lv\/de\/wp-json\/wp\/v2\/users\/2"}],"replies":[{"embeddable":true,"href":"https:\/\/www.usmasezers.lv\/de\/wp-json\/wp\/v2\/comments?post=5338"}],"version-history":[{"count":1,"href":"https:\/\/www.usmasezers.lv\/de\/wp-json\/wp\/v2\/pages\/5338\/revisions"}],"predecessor-version":[{"id":5339,"href":"https:\/\/www.usmasezers.lv\/de\/wp-json\/wp\/v2\/pages\/5338\/revisions\/5339"}],"up":[{"embeddable":true,"href":"https:\/\/www.usmasezers.lv\/de\/wp-json\/wp\/v2\/pages\/5327"}],"wp:attachment":[{"href":"https:\/\/www.usmasezers.lv\/de\/wp-json\/wp\/v2\/media?parent=5338"}],"curies":[{"name":"wp","href":"https:\/\/api.w.org\/{rel}","templated":true}]}}