{"id":5336,"date":"2017-09-12T11:49:52","date_gmt":"2017-09-12T08:49:52","guid":{"rendered":"https:\/\/www.usmasezers.lv\/ueber-den-see\/moricsala\/"},"modified":"2019-01-26T16:09:43","modified_gmt":"2019-01-26T14:09:43","slug":"insel-moricsala","status":"publish","type":"page","link":"https:\/\/www.usmasezers.lv\/de\/ueber-den-see\/insel-moricsala\/","title":{"rendered":"Insel Moricsala"},"content":{"rendered":"<h3>Wie wurde Zivju sala (Fischinsel) zu Moricsala?<\/h3>\n<p>In Lettland gibt es keine zweite Insel mit einer so spektakul\u00e4ren Geschichte, obwohl sie noch 1726 eine unbekannte Insel im Usma-See war, die Fischinsel genannt wurde. Die Insel Moricsala hat ihren Namen aufgrund von historischen Ereignissen 1726\u20131727 erworben, als sich auf der Insel f\u00fcr eine kurze Zeit Hermann Moritz Graf von Sachsen (Maurice de Saxe) aufhielt. Es war eine Zeit, als in der Hauptstadt des Herzogtums Kurland Jelgava (Mitau) die Leidenschaft loderten und 1726 nach Jelgava viele heiratslustige Freier kamen und um die junge Witwe des Herzogs von Kurland, die n\u00e4chste russische Kaiserin Anna Iwanowna, warben. Anna mochte Moritz von Sachsen sehr. Sie bestand darauf, dass der Drei\u00dfigj\u00e4hrige zum Herzog von Kurland gew\u00e4hlt wird und tr\u00e4umte davon, mit ihm zu heiraten. Diese Ehe war aber nicht im Interesse Russlands. Aus Riga marschierte daher F\u00fcrst Alexander Menschikow mit 1000\u00a0Dragonern in Jelgava ein, so dass Moritz am 20.\u00a0Juli 1727 zur Flucht gen\u00f6tigt wurde und sich auf der Fischinsel des Usma-Sees verschanzte.<\/p>\n<p>Nach der russischen Belagerung mussten 300\u00a0Soldaten von Moritz in der Nacht zum 19.\u00a0August kapitulieren. Der Herzog selbst verkleidete sich als Diener und verlie\u00df die Insel schwimmend und die M\u00e4hne eine Pferdes festhaltend \u00fcber die Sandb\u00e4nke \u0100be\u013ckalni\u0146a und Ozols\u0113klis. Moritz von Sachsen ging nach Frankreich, wo er nach neun Jahren zum Generalleutnant ernannt wurde. Nach mehreren erfolgreichen Schlachten in verschiedenen Kriegen wurde er 1746 zum Marschall von Frankreich und ein Jahr sp\u00e4ter zum Oberbefehlshaber in den durch Franzosen eroberten Niederlanden ernannt.<\/p>\n<p>Moritz starb 1750 im Alter von 54\u00a0Jahren. Er wird aber noch heute h\u00e4ufiger in Lettland als in Frankreich erw\u00e4hnt. Auf diese Weise erhielt die sch\u00f6nste Insel des Usma-Sees ihren Namen Moritz und jedes Jahr wird in der Gemeinde Usma am ersten Augustsamstag das Moritz-Fest\u00a0gefeiert \u2013 ein romantisches Fest f\u00fcr den Sommer und die Menschen.<\/p>\n","protected":false},"excerpt":{"rendered":"<p>Wie wurde Zivju sala (Fischinsel) zu Moricsala? In Lettland gibt es keine zweite Insel mit einer so spektakul\u00e4ren Geschichte, obwohl sie noch 1726 eine unbekannte Insel im Usma-See war, die Fischinsel genannt wurde. Die Insel Moricsala hat ihren Namen aufgrund von historischen Ereignissen 1726\u20131727 erworben, als sich auf der Insel f\u00fcr eine kurze Zeit Hermann [&hellip;]<\/p>\n","protected":false},"author":2,"featured_media":0,"parent":5327,"menu_order":0,"comment_status":"closed","ping_status":"closed","template":"","meta":{"_acf_changed":false,"footnotes":""},"class_list":["post-5336","page","type-page","status-publish","hentry"],"acf":[],"_links":{"self":[{"href":"https:\/\/www.usmasezers.lv\/de\/wp-json\/wp\/v2\/pages\/5336","targetHints":{"allow":["GET"]}}],"collection":[{"href":"https:\/\/www.usmasezers.lv\/de\/wp-json\/wp\/v2\/pages"}],"about":[{"href":"https:\/\/www.usmasezers.lv\/de\/wp-json\/wp\/v2\/types\/page"}],"author":[{"embeddable":true,"href":"https:\/\/www.usmasezers.lv\/de\/wp-json\/wp\/v2\/users\/2"}],"replies":[{"embeddable":true,"href":"https:\/\/www.usmasezers.lv\/de\/wp-json\/wp\/v2\/comments?post=5336"}],"version-history":[{"count":2,"href":"https:\/\/www.usmasezers.lv\/de\/wp-json\/wp\/v2\/pages\/5336\/revisions"}],"predecessor-version":[{"id":6290,"href":"https:\/\/www.usmasezers.lv\/de\/wp-json\/wp\/v2\/pages\/5336\/revisions\/6290"}],"up":[{"embeddable":true,"href":"https:\/\/www.usmasezers.lv\/de\/wp-json\/wp\/v2\/pages\/5327"}],"wp:attachment":[{"href":"https:\/\/www.usmasezers.lv\/de\/wp-json\/wp\/v2\/media?parent=5336"}],"curies":[{"name":"wp","href":"https:\/\/api.w.org\/{rel}","templated":true}]}}