{"id":5327,"date":"2017-09-11T21:36:47","date_gmt":"2017-09-11T18:36:47","guid":{"rendered":"https:\/\/www.usmasezers.lv\/par-ezeru\/"},"modified":"2019-01-26T16:34:57","modified_gmt":"2019-01-26T14:34:57","slug":"ueber-den-see","status":"publish","type":"page","link":"https:\/\/www.usmasezers.lv\/de\/ueber-den-see\/","title":{"rendered":"\u00dcber den See"},"content":{"rendered":"<p><strong>Wussten Sie schon?<\/strong><\/p>\n<ul>\n<li>Der Usma-See bildete sich aus dem Baltischen Eissee vor 10\u00a0Tausend Jahren.<\/li>\n<li>Fl\u00e4chenm\u00e4\u00dfig ist er der f\u00fcnftgr\u00f6\u00dfte See in Lettland, nach seinem Wasservolumen\u00a0sogar der zweitgr\u00f6\u00dfte See.<\/li>\n<li>Fl\u00e4che: 37,2\u00a0km<sup>2<\/sup>, zusammen mit den Inseln: 42\u00a0km<sup>2<\/sup>. L\u00e4nge: 13,5\u00a0km. Die gr\u00f6\u00dfte Breite: 6\u00a0km. Durchschnittliche Tiefe: 5,4\u00a0m. Die gr\u00f6\u00dfte Tiefe: 27\u00a0m. L\u00e4nge der Uferlinie: 73,6\u00a0km. Wasservolumen: 190\u00a0Mio.\u00a0m<sup>3<\/sup>.<\/li>\n<li>Erstmals erw\u00e4hnt wurde der Name Usma 1253 im Teilungsakt von Kurland zwischen dem Bistum Kurland und dem Livl\u00e4ndischen Orden.<\/li>\n<li>Wie ist der Name \u201eUsma\u201c entstanden? Niemand kann es sicher genau erkl\u00e4ren. Es gibt verschiedene Versionen: der Name \u201eUsma\u201c stammt aus dem Finnischen und bedeutet das \u201eLand des Nebels\u201c oder aus dem Livischen \u201eUus maa\u201c\u00a0\u2013 das \u201eneue Land\u201c.<\/li>\n<\/ul>\n<p><strong>Quelle<\/strong><\/p>\n<p>An der Ostseite von Bazn\u012bc\u0113rte (Teil des Sees) in Kapkr\u0101sns (der tiefste Punkt im See) befindet sich die tiefste Quelle Lettlands. In einer Tiefe von 20\u00a0Meter befindet sich ein 7\u00a0Meter tiefer und ca.\u00a02\u00a0Meter breiter Trichter, den die stark aufsteigende Quelle gebildet hat. Der Auslauf dieser Quelle befindet sich 6\u00a0Meter unter dem Meeresspiegel. Kapkr\u0101sns gilt als eine Kryptodepression, da es unter dem Meeresspiegel liegt.<\/p>\n<p><strong>Fl\u00fcsse<\/strong><\/p>\n<p>Dem Usma-See flie\u00dfen 10\u00a0Fl\u00fcsse zu: Me\u017eup\u012bte aus dem T\u012bruk\u0161u-See, Godele, Melncelma, Me\u0137upe aus dem Me\u017emui\u017eas-See, S\u0113r\u017ea, Ostupe, Ba\u0146\u0123ava, Struncene, Riekte, K\u0101\u0146upe aus dem Mordangas-K\u0101\u0146u-See. Aus dem Usma-See flie\u00dft nur ein Fluss ab &#8211; die Engure. Die Engure flie\u00dft dem Puze-See zu, woraus der Fluss Rinda abflie\u00dft, der sp\u00e4ter durch den Zusammenfluss mit dem Fluss Stende den Fluss Irbe bildet, der wiederum in die Ostsee m\u00fcndet.<\/p>\n<p><strong>Buchten und Kaps<\/strong><\/p>\n<p>Der Usma-See verf\u00fcgt \u00fcber mehr als 200 verschiedene Ortsnamen. Die Ufer des Usma-Sees sind reich an Buchten und Kaps\u00a0\u2013 eine Vielzahl von Buchten, Kaps, Sandb\u00e4nken, Enden, Tiefen, Unterwasserschluchten und jedes von ihnen hat seinen eigenen Namen. Man kann sich nur wundern, wer so lustige Namen f\u00fcr Buchten und Kaps ausgedacht hat: Gode\u013cdanga, B\u0113rzragdang, Bukdanga, T\u012b\u013cdanga, Ku\u0146\u0137rags, Ragbr\u016b\u017erags, Di\u017egabalrags, Me\u0137gals, Pievdanga, Pl\u0113\u0161rags etc. Am Nordufer des Usma-Sees (knapp 1\u00a0km vom See entfernt) erhebt sich der \u016adru-Berg mit einer H\u00f6he von 58\u00a0m \u00fcber dem Meeresspiegel. Auf dem H\u00fcgel befindet sich ein 26\u00a0m hoher Aussichtsturm. Aus der Aussichtsplattform des Turms bietet sich ein sch\u00f6ner Ausblick auf den Usma-See, seine Inseln und die gro\u00dfen Waldmassive der Usma-Niederung.<\/p>\n<p><strong>V\u00f6gel<\/strong><\/p>\n<p>V\u00f6gel: Fischadler, Rohrdommel, Seeadler, Rohrweihe, Haselhuhn, Kranich, Uhu, Sperlingskauz, Grauspecht, Schwarzspecht, Zwergschn\u00e4pper, Schwarzstorch, Wei\u00dfstorch, Singschwan, G\u00e4nses\u00e4ger, Wespenbussard, Lachm\u00f6we, Wendehals, Rohrschwirl, Neunt\u00f6ter.<\/p>\n<p><strong>Wasserpflanzen<\/strong><\/p>\n<p>Wasserpflanzen: Schilfrohre, Simsen, Binsen, Schachtelhalme, Rohrkolben, Laichkraut, Wasserpest, Hornblatt, Armleuchteralgen, Huflattich, Wasserrosen, Brachsenkraut.<\/p>\n<p><strong>Der einzige Jachthafen an einem Binnengew\u00e4sser in Lettlands<\/strong><\/p>\n<p>Der Jachtclub Usma wurde 1973 gegr\u00fcndet und ist der einzige Jachthafen im Binnengew\u00e4sser Lettlands. Am 8.\u00a0M\u00e4rz 1973 wurde mit dem Bau des ersten Clubgeb\u00e4udes begonnen. Der erste Vorsitzende des Clubs war Ilm\u0101rs Lak\u0161s. Zu den ersten Jachten der Clubflotte z\u00e4hlen \u201eBambino\u201c und \u201eFort\u016bna\u201c. Am 20.\u00a0Juli 1974 wurde das erste Clubhaus er\u00f6ffnet und auf dem Usma-See fand die erste Regatta mit 5 Jachten statt. Im Oktober\u00a01974 wurde der Jachtclub auf eine sumpfige Halbinsel auf der Nordseite des Sees verlegt. Im August\u00a01978 unternahm die Jacht \u201eNova\u201c eine Fernreise Ventspils &#8211; Ladogasee &#8211; Ventspils unternommen. Am 5.\u00a0Juli 1980 wurde das jetzige Clubgeb\u00e4ude er\u00f6ffnet. 2001 wurde Sta\u0146islavs Back\u0101ns zum neuen Vorsitzenden gew\u00e4hlt. 2003 beteiligte sich der Jachtclub Usma an der Gr\u00fcndung des Lettischen Vereins f\u00fcr Mikroklasse-Jachten. 2005 fanden zum ersten Mal in der Geschichte Lettlands die Weltmeisterschaften f\u00fcr Mikroklasse-Jachten statt. Der Verein hat derzeit rund 150\u00a0Mitglieder. Im Hafen gibt es 55\u00a0Liegepl\u00e4tze f\u00fcr Jachten<\/p>\n","protected":false},"excerpt":{"rendered":"<p>Wussten Sie schon? Der Usma-See bildete sich aus dem Baltischen Eissee vor 10\u00a0Tausend Jahren. Fl\u00e4chenm\u00e4\u00dfig ist er der f\u00fcnftgr\u00f6\u00dfte See in Lettland, nach seinem Wasservolumen\u00a0sogar der zweitgr\u00f6\u00dfte See. Fl\u00e4che: 37,2\u00a0km2, zusammen mit den Inseln: 42\u00a0km2. L\u00e4nge: 13,5\u00a0km. Die gr\u00f6\u00dfte Breite: 6\u00a0km. Durchschnittliche Tiefe: 5,4\u00a0m. Die gr\u00f6\u00dfte Tiefe: 27\u00a0m. L\u00e4nge der Uferlinie: 73,6\u00a0km. Wasservolumen: 190\u00a0Mio.\u00a0m3. Erstmals [&hellip;]<\/p>\n","protected":false},"author":2,"featured_media":0,"parent":0,"menu_order":0,"comment_status":"closed","ping_status":"closed","template":"","meta":{"_acf_changed":false,"footnotes":""},"class_list":["post-5327","page","type-page","status-publish","hentry"],"acf":[],"_links":{"self":[{"href":"https:\/\/www.usmasezers.lv\/de\/wp-json\/wp\/v2\/pages\/5327","targetHints":{"allow":["GET"]}}],"collection":[{"href":"https:\/\/www.usmasezers.lv\/de\/wp-json\/wp\/v2\/pages"}],"about":[{"href":"https:\/\/www.usmasezers.lv\/de\/wp-json\/wp\/v2\/types\/page"}],"author":[{"embeddable":true,"href":"https:\/\/www.usmasezers.lv\/de\/wp-json\/wp\/v2\/users\/2"}],"replies":[{"embeddable":true,"href":"https:\/\/www.usmasezers.lv\/de\/wp-json\/wp\/v2\/comments?post=5327"}],"version-history":[{"count":3,"href":"https:\/\/www.usmasezers.lv\/de\/wp-json\/wp\/v2\/pages\/5327\/revisions"}],"predecessor-version":[{"id":6293,"href":"https:\/\/www.usmasezers.lv\/de\/wp-json\/wp\/v2\/pages\/5327\/revisions\/6293"}],"wp:attachment":[{"href":"https:\/\/www.usmasezers.lv\/de\/wp-json\/wp\/v2\/media?parent=5327"}],"curies":[{"name":"wp","href":"https:\/\/api.w.org\/{rel}","templated":true}]}}